{"id":933,"date":"2025-01-21T14:15:18","date_gmt":"2025-01-21T14:15:18","guid":{"rendered":"https:\/\/www.zsonglor.hu\/zsonglortalalkozok"},"modified":"2025-01-21T14:15:18","modified_gmt":"2025-01-21T14:15:18","slug":"zsonglortalalkozok","status":"publish","type":"page","link":"https:\/\/mokus.zsonglor.hu\/index.php\/zsonglortalalkozok\/","title":{"rendered":"Zsongl\u0151rtal\u00e1lkoz\u00f3k"},"content":{"rendered":"\n<h2 class=\"wp-block-heading\">Zsongl\u0151rtal\u00e1lkoz\u00f3k<\/h2>\n\n\n\n<figure class=\"wp-block-image is-resized\"><img loading=\"lazy\" decoding=\"async\" height=\"225\" width=\"225\" alt=\"images.jpg\" src=\"https:\/\/mokus.zsonglor.hu\/wp-content\/uploads\/2025\/01\/7c332-885657_bdafeac8a36c436f826b4eb531398c93mv2.jpg\"><\/figure>\n\n\n\n<p>A tal\u00e1lkoz\u00f3 egy nyitott rendezv\u00e9ny amat\u0151r\u00f6knek \u00e9s profiknak, gyerekeknek, fiataloknak \u00e9s feln\u0151tteknek. Egy tal\u00e1lkoz\u00e1si pont zsongl\u0151rk\u00f6dni tud\u00f3knak, tanul\u00f3knak \u00e9s tanulni v\u00e1gy\u00f3knak. 48 \u00f3ra k\u00f6z\u00f6s gyakorl\u00e1s \u00e9s j\u00f3 hangulat \u00e9jjel-nappal!<br><br>A tal\u00e1lkoz\u00f3k egyik kiemelt c\u00e9lja, hogy a sz\u00e9les k\u00f6z\u00f6ns\u00e9get \u00e9s \u00e9rdekl\u0151d\u0151ket is beavass\u00e1k a zsongl\u0151rk\u00f6d\u00e9s rejtelmeibe, ez\u00e9rt<br>kezd\u0151k sz\u00e1m\u00e1ra is k\u00edn\u00e1lunk foglalkoz\u00e1sokat. A sok k\u00f6z\u00f6s gyakorl\u00e1si lehet\u0151s\u00e9get hazai \u00e9s nemzetk\u00f6zi t\u00e1rsulatok el\u0151ad\u00e1sai sz\u00ednes\u00edtik. &nbsp;<br><br>A folyamatos gyakorl\u00e1s \u00e9s workshopok mellett sor ker\u00fcl az Open Stagere, ami bemutatkoz\u00e1si lehet\u0151s\u00e9get biztos\u00edt mindenkinek, aki fel szeretne t\u0171nni \u00faj zsongl\u0151r\/cirkusz m\u0171sor\u00e1val vagy csak megmutatn\u00e1 tudom\u00e1ny\u00e1t.&nbsp;<\/p>\n\n\n\n<p><\/p>\n\n\n\n<p>Az elm\u00falt \u00e9vekben a Zsongl\u0151r Tal\u00e1lkoz\u00f3 \u00e1lland\u00f3 helysz\u00edn\u00e9v\u00e9 v\u00e1lt P\u00e9cs, t\u00e1rsrendezv\u00e9ny\u00e9v\u00e9 pedig a Zsolnay F\u00e9nyfesztiv\u00e1l.&nbsp;<\/p>\n\n\n\n<p><\/p>\n\n\n\n<p><\/p>\n\n\n\n<p><\/p>\n\n\n\n<p><\/p>\n\n\n\n<p><\/p>\n\n\n\n<p><\/p>\n\n\n\n<figure class=\"wp-block-image is-resized\"><img loading=\"lazy\" decoding=\"async\" height=\"933\" width=\"1400\" alt=\"ZsolnayFenyfesztival2017_Feny_Utja.jpg\" src=\"https:\/\/mokus.zsonglor.hu\/wp-content\/uploads\/2025\/01\/61b10-885657_b3049ef6278e41cfb6aa3c3463c4b3efmv2.jpg\"><\/figure>\n\n\n\n<figure class=\"wp-block-image is-resized\"><img loading=\"lazy\" decoding=\"async\" height=\"495\" width=\"700\" alt=\"uj6.jpg\" src=\"https:\/\/mokus.zsonglor.hu\/wp-content\/uploads\/2025\/01\/4d07d-608210_9259af9c9e8544679835c602b67c16afmv2.jpg\"><\/figure>\n\n\n\n<figure class=\"wp-block-image is-resized\"><img loading=\"lazy\" decoding=\"async\" height=\"717\" width=\"1125\" alt=\"hello2.png\" src=\"https:\/\/mokus.zsonglor.hu\/wp-content\/uploads\/2025\/01\/8d7b9-885657_927f03a326f44af6b7c561c038a0dbe8mv2.png\"><\/figure>\n\n\n\n<p><strong><a>Zsongl\u0151rtal\u00e1lkoz\u00f3 2017<\/a><\/strong><\/p>\n\n\n\n<p><strong><a>Zsongl\u0151rtal\u00e1lkoz\u00f3<\/a><\/strong><\/p>\n\n\n\n<p><strong><a>2018<\/a><\/strong><\/p>\n\n\n\n<p><strong><a>Zsongl\u0151rtal\u00e1lkoz\u00f3 2019<\/a><\/strong><\/p>\n\n\n\n<hr class=\"wp-block-separator\">\n\n\n\n<figure class=\"wp-block-image is-resized\"><img loading=\"lazy\" decoding=\"async\" height=\"295\" width=\"784\" alt=\"12924495_990019541034604_709211817852439\" src=\"https:\/\/mokus.zsonglor.hu\/wp-content\/uploads\/2025\/01\/3b7cc-608210_83be59e2227a4ab1bbfe93a355ef1639mv2.jpg\"><\/figure>\n\n\n\n<h6 class=\"wp-block-heading\">Zsongl\u0151rtal\u00e1lkoz\u00f3 2016&nbsp;<\/h6>\n\n\n\n<p><\/p>\n\n\n\n<p>A t\u00f6rk\u00f6b\u00e1linti zsongl\u00f3rtal\u00e1lkoz\u00f3 k\u00fcl\u00f6nlegess\u00e9ge, hogy itt ker\u00fclt bemutat\u00e1sra a <a>Mixdoor<\/a> nemzetk\u00f6zi csapat\u00e1nak \u2018Birds\u2019 c\u00edm\u0171 falt\u00e1nc \u00e9s utcasz\u00ednh\u00e1zi el\u0151ad\u00e1sa.<\/p>\n\n\n\n<p><\/p>\n\n\n\n<p><a>Fb esem\u00e9ny&nbsp;<\/a><a>&nbsp;<\/a><\/p>\n\n\n\n<hr class=\"wp-block-separator\">\n\n\n\n<p><strong>Zsongl\u0151rtal\u00e1lkoz\u00f3 2015 &#8211; Puszta Convention<\/strong><\/p>\n\n\n\n<p><strong><\/strong><\/p>\n\n\n\n<p><a>sajt\u00f3k\u00f6zlem\u00e9ny<\/a><\/p>\n\n\n\n<figure class=\"wp-block-image is-resized\"><img loading=\"lazy\" decoding=\"async\" height=\"315\" width=\"1600\" alt=\"header.jpg\" src=\"https:\/\/mokus.zsonglor.hu\/wp-content\/uploads\/2025\/01\/86c55-608210_715f9225ef994a4c99b58206827d81a3mv2.jpg\"><\/figure>\n\n\n\n<h6 class=\"wp-block-heading\">Zsongl\u0151rtal\u00e1lkoz\u00f3 2015 Puszta Convention<\/h6>\n\n\n\n<p><strong><\/strong><\/p>\n\n\n\n<p><a>sajt\u00f3k\u00f6zlem\u00e9ny<\/a><\/p>\n\n\n\n<hr class=\"wp-block-separator\">\n\n\n\n<figure class=\"wp-block-image is-resized\"><img loading=\"lazy\" decoding=\"async\" height=\"1748\" width=\"1240\" alt=\"szoro_ Magyar Zsonglortalalkozo1.jpg\" src=\"https:\/\/mokus.zsonglor.hu\/wp-content\/uploads\/2025\/01\/b02ee-608210_3aca70316dc74bed9ee2998c33207703mv2.jpg\"><\/figure>\n\n\n\n<h6 class=\"wp-block-heading\">Zsongl\u0151rtal\u00e1lkoz\u00f3 2014&nbsp;<\/h6>\n\n\n\n<p><strong><\/strong><\/p>\n\n\n\n<p><a>sajt\u00f3k\u00f6zlem\u00e9ny<\/a><a>&nbsp; &nbsp; &nbsp; &nbsp; &nbsp;<\/a><a>Magyar T\u00fczes Szemle sajt\u00f3anyag<\/a><\/p>\n\n\n\n<figure class=\"wp-block-image is-resized\"><img loading=\"lazy\" decoding=\"async\" height=\"1748\" width=\"1240\" alt=\"szoro_Magyar Zsonglortalalkozo2.jpg\" src=\"https:\/\/mokus.zsonglor.hu\/wp-content\/uploads\/2025\/01\/a3051-608210_e8bfdc48b2c34a6593c36f9d6f74c100mv2.jpg\"><\/figure>\n\n\n\n<hr class=\"wp-block-separator\">\n\n\n\n<h6 class=\"wp-block-heading\">Zsongl\u0151rtal\u00e1lkoz\u00f3 2013&nbsp;<\/h6>\n\n\n\n<p><strong><\/strong><\/p>\n\n\n\n<p><a>sajt\u00f3k\u00f6zlem\u00e9ny<\/a><\/p>\n","protected":false},"excerpt":{"rendered":"<p>Zsongl\u0151rtal\u00e1lkoz\u00f3k A tal\u00e1lkoz\u00f3 egy nyitott rendezv\u00e9ny amat\u0151r\u00f6knek \u00e9s profiknak, gyerekeknek, fiataloknak \u00e9s feln\u0151tteknek. Egy tal\u00e1lkoz\u00e1si pont zsongl\u0151rk\u00f6dni tud\u00f3knak, tanul\u00f3knak \u00e9s tanulni v\u00e1gy\u00f3knak. 48 \u00f3ra k\u00f6z\u00f6s gyakorl\u00e1s \u00e9s j\u00f3 hangulat \u00e9jjel-nappal! A tal\u00e1lkoz\u00f3k egyik kiemelt c\u00e9lja, hogy a sz\u00e9les k\u00f6z\u00f6ns\u00e9get \u00e9s \u00e9rdekl\u0151d\u0151ket is beavass\u00e1k a zsongl\u0151rk\u00f6d\u00e9s rejtelmeibe, ez\u00e9rtkezd\u0151k sz\u00e1m\u00e1ra is k\u00edn\u00e1lunk foglalkoz\u00e1sokat. A sok k\u00f6z\u00f6s gyakorl\u00e1si [&hellip;]<\/p>\n","protected":false},"author":1,"featured_media":0,"parent":0,"menu_order":0,"comment_status":"closed","ping_status":"closed","template":"","meta":{"footnotes":""},"class_list":["post-933","page","type-page","status-publish","hentry"],"_links":{"self":[{"href":"https:\/\/mokus.zsonglor.hu\/index.php\/wp-json\/wp\/v2\/pages\/933","targetHints":{"allow":["GET"]}}],"collection":[{"href":"https:\/\/mokus.zsonglor.hu\/index.php\/wp-json\/wp\/v2\/pages"}],"about":[{"href":"https:\/\/mokus.zsonglor.hu\/index.php\/wp-json\/wp\/v2\/types\/page"}],"author":[{"embeddable":true,"href":"https:\/\/mokus.zsonglor.hu\/index.php\/wp-json\/wp\/v2\/users\/1"}],"replies":[{"embeddable":true,"href":"https:\/\/mokus.zsonglor.hu\/index.php\/wp-json\/wp\/v2\/comments?post=933"}],"version-history":[{"count":0,"href":"https:\/\/mokus.zsonglor.hu\/index.php\/wp-json\/wp\/v2\/pages\/933\/revisions"}],"wp:attachment":[{"href":"https:\/\/mokus.zsonglor.hu\/index.php\/wp-json\/wp\/v2\/media?parent=933"}],"curies":[{"name":"wp","href":"https:\/\/api.w.org\/{rel}","templated":true}]}}