{"id":903,"date":"2025-01-21T14:15:18","date_gmt":"2025-01-21T14:15:18","guid":{"rendered":"https:\/\/www.zsonglor.hu\/together"},"modified":"2025-01-21T14:15:18","modified_gmt":"2025-01-21T14:15:18","slug":"together-a-circus-invitation","status":"publish","type":"page","link":"https:\/\/mokus.zsonglor.hu\/index.php\/together-a-circus-invitation\/","title":{"rendered":"Together! a circus invitation"},"content":{"rendered":"\n<div class=\"wp-block-columns is-layout-flex wp-container-core-columns-is-layout-28f84493 wp-block-columns-is-layout-flex\">\n<div class=\"wp-block-column is-layout-flow wp-block-column-is-layout-flow\">\n<h2 class=\"wp-block-heading\">Together!<\/h2>\n\n\n\n<p>-a circus invitation<\/p>\n\n\n\n<ul class=\"wp-block-social-links is-layout-flex wp-block-social-links-is-layout-flex\"><li class=\"wp-social-link wp-social-link-facebook  wp-block-social-link\"><a rel=\"noopener nofollow\" target=\"_blank\" href=\"https:\/\/www.facebook.com\/circusinvitation\" class=\"wp-block-social-link-anchor\"><svg width=\"24\" height=\"24\" viewBox=\"0 0 24 24\" version=\"1.1\" xmlns=\"http:\/\/www.w3.org\/2000\/svg\" aria-hidden=\"true\" focusable=\"false\"><path d=\"M12 2C6.5 2 2 6.5 2 12c0 5 3.7 9.1 8.4 9.9v-7H7.9V12h2.5V9.8c0-2.5 1.5-3.9 3.8-3.9 1.1 0 2.2.2 2.2.2v2.5h-1.3c-1.2 0-1.6.8-1.6 1.6V12h2.8l-.4 2.9h-2.3v7C18.3 21.1 22 17 22 12c0-5.5-4.5-10-10-10z\"><\/path><\/svg><span class=\"wp-block-social-link-label screen-reader-text\">Facebook<\/span><\/a><\/li>\n\n<li class=\"wp-social-link wp-social-link-instagram  wp-block-social-link\"><a rel=\"noopener nofollow\" target=\"_blank\" href=\"https:\/\/www.instagram.com\/togethercircusinvitation\/\" class=\"wp-block-social-link-anchor\"><svg width=\"24\" height=\"24\" viewBox=\"0 0 24 24\" version=\"1.1\" xmlns=\"http:\/\/www.w3.org\/2000\/svg\" aria-hidden=\"true\" focusable=\"false\"><path d=\"M12,4.622c2.403,0,2.688,0.009,3.637,0.052c0.877,0.04,1.354,0.187,1.671,0.31c0.42,0.163,0.72,0.358,1.035,0.673 c0.315,0.315,0.51,0.615,0.673,1.035c0.123,0.317,0.27,0.794,0.31,1.671c0.043,0.949,0.052,1.234,0.052,3.637 s-0.009,2.688-0.052,3.637c-0.04,0.877-0.187,1.354-0.31,1.671c-0.163,0.42-0.358,0.72-0.673,1.035 c-0.315,0.315-0.615,0.51-1.035,0.673c-0.317,0.123-0.794,0.27-1.671,0.31c-0.949,0.043-1.233,0.052-3.637,0.052 s-2.688-0.009-3.637-0.052c-0.877-0.04-1.354-0.187-1.671-0.31c-0.42-0.163-0.72-0.358-1.035-0.673 c-0.315-0.315-0.51-0.615-0.673-1.035c-0.123-0.317-0.27-0.794-0.31-1.671C4.631,14.688,4.622,14.403,4.622,12 s0.009-2.688,0.052-3.637c0.04-0.877,0.187-1.354,0.31-1.671c0.163-0.42,0.358-0.72,0.673-1.035 c0.315-0.315,0.615-0.51,1.035-0.673c0.317-0.123,0.794-0.27,1.671-0.31C9.312,4.631,9.597,4.622,12,4.622 M12,3 C9.556,3,9.249,3.01,8.289,3.054C7.331,3.098,6.677,3.25,6.105,3.472C5.513,3.702,5.011,4.01,4.511,4.511 c-0.5,0.5-0.808,1.002-1.038,1.594C3.25,6.677,3.098,7.331,3.054,8.289C3.01,9.249,3,9.556,3,12c0,2.444,0.01,2.751,0.054,3.711 c0.044,0.958,0.196,1.612,0.418,2.185c0.23,0.592,0.538,1.094,1.038,1.594c0.5,0.5,1.002,0.808,1.594,1.038 c0.572,0.222,1.227,0.375,2.185,0.418C9.249,20.99,9.556,21,12,21s2.751-0.01,3.711-0.054c0.958-0.044,1.612-0.196,2.185-0.418 c0.592-0.23,1.094-0.538,1.594-1.038c0.5-0.5,0.808-1.002,1.038-1.594c0.222-0.572,0.375-1.227,0.418-2.185 C20.99,14.751,21,14.444,21,12s-0.01-2.751-0.054-3.711c-0.044-0.958-0.196-1.612-0.418-2.185c-0.23-0.592-0.538-1.094-1.038-1.594 c-0.5-0.5-1.002-0.808-1.594-1.038c-0.572-0.222-1.227-0.375-2.185-0.418C14.751,3.01,14.444,3,12,3L12,3z M12,7.378 c-2.552,0-4.622,2.069-4.622,4.622S9.448,16.622,12,16.622s4.622-2.069,4.622-4.622S14.552,7.378,12,7.378z M12,15 c-1.657,0-3-1.343-3-3s1.343-3,3-3s3,1.343,3,3S13.657,15,12,15z M16.804,6.116c-0.596,0-1.08,0.484-1.08,1.08 s0.484,1.08,1.08,1.08c0.596,0,1.08-0.484,1.08-1.08S17.401,6.116,16.804,6.116z\"><\/path><\/svg><span class=\"wp-block-social-link-label screen-reader-text\">Instagram<\/span><\/a><\/li>\n\n<li class=\"wp-social-link wp-social-link-tiktok  wp-block-social-link\"><a rel=\"noopener nofollow\" target=\"_blank\" href=\"https:\/\/www.tiktok.com\/@circustogethereu?lang=hu-HU\" class=\"wp-block-social-link-anchor\"><svg width=\"24\" height=\"24\" viewBox=\"0 0 32 32\" version=\"1.1\" xmlns=\"http:\/\/www.w3.org\/2000\/svg\" aria-hidden=\"true\" focusable=\"false\"><path d=\"M16.708 0.027c1.745-0.027 3.48-0.011 5.213-0.027 0.105 2.041 0.839 4.12 2.333 5.563 1.491 1.479 3.6 2.156 5.652 2.385v5.369c-1.923-0.063-3.855-0.463-5.6-1.291-0.76-0.344-1.468-0.787-2.161-1.24-0.009 3.896 0.016 7.787-0.025 11.667-0.104 1.864-0.719 3.719-1.803 5.255-1.744 2.557-4.771 4.224-7.88 4.276-1.907 0.109-3.812-0.411-5.437-1.369-2.693-1.588-4.588-4.495-4.864-7.615-0.032-0.667-0.043-1.333-0.016-1.984 0.24-2.537 1.495-4.964 3.443-6.615 2.208-1.923 5.301-2.839 8.197-2.297 0.027 1.975-0.052 3.948-0.052 5.923-1.323-0.428-2.869-0.308-4.025 0.495-0.844 0.547-1.485 1.385-1.819 2.333-0.276 0.676-0.197 1.427-0.181 2.145 0.317 2.188 2.421 4.027 4.667 3.828 1.489-0.016 2.916-0.88 3.692-2.145 0.251-0.443 0.532-0.896 0.547-1.417 0.131-2.385 0.079-4.76 0.095-7.145 0.011-5.375-0.016-10.735 0.025-16.093z\" \/><\/svg><span class=\"wp-block-social-link-label screen-reader-text\">TikTok<\/span><\/a><\/li>\n\n<li class=\"wp-social-link wp-social-link-youtube  wp-block-social-link\"><a rel=\"noopener nofollow\" target=\"_blank\" href=\"https:\/\/www.youtube.com\/watch?v=16WJQttm95s&#038;list=PL3pvzu7glsijoG1KKzoW8mp4pgpQjvdZK&#038;index=10\" class=\"wp-block-social-link-anchor\"><svg width=\"24\" height=\"24\" viewBox=\"0 0 24 24\" version=\"1.1\" xmlns=\"http:\/\/www.w3.org\/2000\/svg\" aria-hidden=\"true\" focusable=\"false\"><path d=\"M21.8,8.001c0,0-0.195-1.378-0.795-1.985c-0.76-0.797-1.613-0.801-2.004-0.847c-2.799-0.202-6.997-0.202-6.997-0.202 h-0.009c0,0-4.198,0-6.997,0.202C4.608,5.216,3.756,5.22,2.995,6.016C2.395,6.623,2.2,8.001,2.2,8.001S2,9.62,2,11.238v1.517 c0,1.618,0.2,3.237,0.2,3.237s0.195,1.378,0.795,1.985c0.761,0.797,1.76,0.771,2.205,0.855c1.6,0.153,6.8,0.201,6.8,0.201 s4.203-0.006,7.001-0.209c0.391-0.047,1.243-0.051,2.004-0.847c0.6-0.607,0.795-1.985,0.795-1.985s0.2-1.618,0.2-3.237v-1.517 C22,9.62,21.8,8.001,21.8,8.001z M9.935,14.594l-0.001-5.62l5.404,2.82L9.935,14.594z\"><\/path><\/svg><span class=\"wp-block-social-link-label screen-reader-text\">Youtube<\/span><\/a><\/li><\/ul>\n\n\n\n<div class=\"wp-block-button\"><a target=\"_blank\" href=\"https:\/\/circustogether.eu\/veszprem-invitation\/\" class=\"wp-block-button__link\">Website<\/a><\/div>\n<\/div>\n\n\n\n<div class=\"wp-block-column is-layout-flow wp-block-column-is-layout-flow\"><\/div>\n<\/div>\n\n\n\n<h2 class=\"wp-block-heading\">Veszpr\u00e9m&nbsp;<br>2023. szeptember 17-23.<\/h2>\n\n\n\n<p>4 rendhagy\u00f3 \u00e9s formabont\u00f3 cirkuszi performansz ker\u00fclt bemutat\u00e1sra Veszpr\u00e9m utc\u00e1in. 4 k\u00f6zt\u00e9ri el\u0151ad\u00e1s, 4 napon, 4 k\u00fcl\u00f6nb\u00f6z\u0151 helysz\u00ednen 2023. szeptember 17-23 k\u00f6z\u00f6tt.<\/p>\n\n\n\n<p>Az el\u0151ad\u00e1sok k\u00f6zt\u00e9ren ker\u00fcltek megrendez\u00e9sre, nyilv\u00e1nos pr\u00f3b\u00e1k majd esti fell\u00e9p\u00e9sek form\u00e1j\u00e1ban, amit a j\u00e1r\u00f3kel\u0151ket bevon\u00f3 aktivit\u00e1sok k\u00eds\u00e9rnek. \u00cdgy az odal\u00e1togat\u00f3k tan\u00fai \u00e9s r\u00e9sztvev\u0151i lehettek a m\u0171v\u00e9szi alkot\u00e1snak. A cirkuszi mozg\u00e1s &#8211; a l\u00e9gi- \u00e9s talajakrobatika, egyens\u00falyoz\u00e1s, zsongl\u0151rk\u00f6d\u00e9s \u2013 nyelv\u00e9n sz\u00f3lnak, a k\u00fcl\u00f6nb\u00f6z\u0151 l\u00e1tv\u00e1nyos f\u00fcggeszt\u00e9sek, szerkezetek, szerel\u00e9sek \u00e9s azokon bemutatott produkci\u00f3k \u00e1ltal mutattuk meg magunkat. A produkci\u00f3 25 m\u0171v\u00e9sze a budapesti Inspir\u00e1l Cirkuszk\u00f6zpont profi artist\u00e1i, a kijevi cirkuszakad\u00e9mia, \u00e9s a g\u00f6r\u00f6g Monokyklo st\u00fadi\u00f3 artist\u00e1i,Albin Warette rendez\u0151 vezet\u00e9s\u00e9vel, aki a m\u0171faj specialist\u00e1ja.<\/p>\n\n\n\n<figure class=\"wp-block-embed is-provider-youtube wp-block-embed-youtube\"><div class=\"wp-block-embed__wrapper\">\n<iframe loading=\"lazy\" title=\"TOGETHER! - THE FILM\" width=\"500\" height=\"281\" src=\"https:\/\/www.youtube.com\/embed\/zD7JdlLkljc?feature=oembed\" frameborder=\"0\" allow=\"accelerometer; autoplay; clipboard-write; encrypted-media; gyroscope; picture-in-picture; web-share\" referrerpolicy=\"strict-origin-when-cross-origin\" allowfullscreen><\/iframe>\n<\/div><\/figure>\n\n\n\n<figure class=\"wp-block-image is-resized\"><img loading=\"lazy\" decoding=\"async\" height=\"1365\" width=\"2048\" alt=\"Together!cirkusz_VamosiP-26.jpg\" src=\"https:\/\/mokus.zsonglor.hu\/wp-content\/uploads\/2025\/01\/ce737-608210_d8a93fd1480a49928627c1a5b6ae8798mv2.jpg\"><\/figure>\n\n\n\n<div class=\"wp-block-group is-layout-flow wp-block-group-is-layout-flow\">\n<p>2023. szeptember 17.<\/p>\n\n\n\n<p>\u00d3v\u00e1ros t\u00e9r<\/p>\n<\/div>\n\n\n\n<figure class=\"wp-block-image is-resized\"><img loading=\"lazy\" decoding=\"async\" height=\"4672\" width=\"7008\" alt=\"DSC00358.jpg\" src=\"https:\/\/mokus.zsonglor.hu\/wp-content\/uploads\/2025\/01\/d096f-608210_3693305cbc2b4d6db39a4b6fc400cf91mv2.jpg\"><\/figure>\n\n\n\n<h2 class=\"wp-block-heading\">Elefsina<br>2023. j\u00fanius 13-20.<\/h2>\n\n\n\n<p><\/p>\n\n\n\n<p>A Together! &#8211; A Circus Invitation nev\u0171 el\u0151ad\u00e1ssorozat az idei \u00e9v k\u00e9t eur\u00f3pai kult\u00far\u00e1lis f\u0151v\u00e1ros\u00e1nak, Elefszin\u00e1nak \u00e9s Veszpr\u00e9mnek az \u00f6sszek\u00f6t\u00e9s\u00e9r\u0151l sz\u00f3lt a cirkuszi integr\u00e1l\u00f3 szellemben. A projektben 4 orsz\u00e1g 25 artist\u00e1ja 10 nagyon k\u00fcl\u00f6nleges el\u0151ad\u00e1son kereszt\u00fcl mutatta meg, hogy a cirkusz mindenki\u00e9.<\/p>\n\n\n\n<p>A fell\u00e9p\u00e9sek specialit\u00e1sa a &#8220;site specific&#8221; megk\u00f6zel\u00edt\u00e9s volt, amit Albin Warette francia rendez\u0151 ismertetett meg a g\u00f6r\u00f6g, ukr\u00e1n \u00e9s magyar fell\u00e9p\u0151kkel, \u00e9s dolgozott ki vel\u00fck mindk\u00e9t helysz\u00ednen m\u0171v\u00e9szetileg kimagasl\u00f3 min\u0151s\u00e9g\u0171re. A koncepci\u00f3 l\u00e9nyege, hogy az el\u0151ad\u00e1s teljes m\u00e9rt\u00e9kben mindennapi haszn\u00e1latban l\u00e9v\u0151 helysz\u00edneken val\u00f3sul meg, \u00e9s teljesen ehhez a k\u00f6rnyezethez adapt\u00e1lja a cirkusz v\u00e1ltozatos fell\u00e9p\u0151inek tud\u00e1s\u00e1t. A n\u00e9z\u0151k\u00f6z\u00f6ns\u00e9g egy olyan el\u0151ad\u00e1st tapasztalhat meg, ahol a h\u00e9tk\u00f6znapok terei kreat\u00edv mozg\u00e1ssal \u00e9s k\u00fcl\u00f6nleges l\u00e1tv\u00e1nnyal telnek meg, sz\u00ednpad helyett a showelemek k\u00f6r\u00fclveszik \u0151t, \u00e9s \u00edgy k\u00f6zben \u0151 maga is r\u00e9szese az el\u0151ad\u00e1snak, egy\u00fctt mozog vele.<\/p>\n\n\n\n<figure class=\"wp-block-embed is-provider-youtube wp-block-embed-youtube\"><div class=\"wp-block-embed__wrapper\">\n<iframe loading=\"lazy\" title=\"Together! - Elefsina Invitation\" width=\"500\" height=\"281\" src=\"https:\/\/www.youtube.com\/embed\/16WJQttm95s?start=8&#038;feature=oembed\" frameborder=\"0\" allow=\"accelerometer; autoplay; clipboard-write; encrypted-media; gyroscope; picture-in-picture; web-share\" referrerpolicy=\"strict-origin-when-cross-origin\" allowfullscreen><\/iframe>\n<\/div><\/figure>\n\n\n\n<div class=\"wp-block-columns is-layout-flex wp-container-core-columns-is-layout-28f84493 wp-block-columns-is-layout-flex\">\n<div class=\"wp-block-column is-layout-flow wp-block-column-is-layout-flow\">\n<figure class=\"wp-block-embed is-provider-youtube wp-block-embed-youtube\"><div class=\"wp-block-embed__wrapper\">\n<iframe loading=\"lazy\" title=\"\u00d3ri\u00e1sker\u00e9k Projekt\" width=\"500\" height=\"281\" src=\"https:\/\/www.youtube.com\/embed\/TgHPnWITo3g?feature=oembed\" frameborder=\"0\" allow=\"accelerometer; autoplay; clipboard-write; encrypted-media; gyroscope; picture-in-picture; web-share\" referrerpolicy=\"strict-origin-when-cross-origin\" allowfullscreen><\/iframe>\n<\/div><\/figure>\n<\/div>\n\n\n\n<div class=\"wp-block-column is-layout-flow wp-block-column-is-layout-flow\">\n<h3 class=\"wp-block-heading\">\u00d3ri\u00e1sker\u00e9k projekt<\/h3>\n\n\n\n<p><\/p>\n\n\n\n<p>Az \u00d3ri\u00e1sker\u00e9k Projekt a VEB 2023-as programsorozat felvezet\u0151jek\u00e9nt \u00e9s sajt\u00f3t\u00e1j\u00e9koztat\u00f3jak\u00e9nt a f\u0151v\u00e1rosi Ersz\u00e9bet t\u00e9ren \u00e1ll\u00f3 Budapest \u00d3ri\u00e1skereke (vagy Budapest Eye) ter\u00fclet\u00e9n val\u00f3sult meg. A veszpr\u00e9mi Together! el\u0151ad\u00e1sok bemutat\u00e1s\u00e1n t\u00fal a f\u0151 attrakci\u00f3 a 65 m\u00e9ter magas \u00f3ri\u00e1sker\u00e9kre felf\u00fcggesztett l\u00e9giakrobat\u00e1k, \u00e9s a ker\u00e9k k\u00f6r\u00fcl el\u0151ad\u00f3 zsongl\u0151r\u00f6k \u00e9s egyens\u00falyoz\u00f3m\u0171v\u00e9szek fell\u00e9p\u00e9se volt. A forg\u00f3 ker\u00e9kre 6 artista ker\u00fclt felf\u00fcggesztve, akik k\u00fcl\u00f6nb\u00f6z\u0151 eszk\u00f6z\u00f6k\u00f6n mutatt\u00e1k be a tr\u00fckkjeiket folyamatos mozg\u00e1sban. K\u00f6zben a 7. l\u00e9giakrobata a ker\u00e9k tengely\u00e9re er\u0151s\u00edtett f\u00fcgg\u00f6ny\u00f6n adott el\u0151.&nbsp;<\/p>\n\n\n\n<p>A kidolgoz\u00e1s Gallyas Veronika munk\u00e1j\u00e1nak k\u00f6sz\u00f6nhet\u0151, a ker\u00e9k haszn\u00e1lat\u00e1t pedig a Sziget Kultur\u00e1lis Menedzser Iroda Kft. tette lehet\u0151v\u00e9.<\/p>\n<\/div>\n<\/div>\n\n\n\n<figure class=\"wp-block-image is-resized\"><img loading=\"lazy\" decoding=\"async\" height=\"201\" width=\"2000\" alt=\"\" src=\"https:\/\/inspiral89.wordpress.com\/wp-content\/uploads\/2025\/01\/ad587-608210_292fc40068d845a4bd2720515e9c7bf7mv2.png\"><\/figure>\n","protected":false},"excerpt":{"rendered":"<p>Together! -a circus invitation Veszpr\u00e9m&nbsp;2023. szeptember 17-23. 4 rendhagy\u00f3 \u00e9s formabont\u00f3 cirkuszi performansz ker\u00fclt bemutat\u00e1sra Veszpr\u00e9m utc\u00e1in. 4 k\u00f6zt\u00e9ri el\u0151ad\u00e1s, 4 napon, 4 k\u00fcl\u00f6nb\u00f6z\u0151 helysz\u00ednen 2023. szeptember 17-23 k\u00f6z\u00f6tt. Az el\u0151ad\u00e1sok k\u00f6zt\u00e9ren ker\u00fcltek megrendez\u00e9sre, nyilv\u00e1nos pr\u00f3b\u00e1k majd esti fell\u00e9p\u00e9sek form\u00e1j\u00e1ban, amit a j\u00e1r\u00f3kel\u0151ket bevon\u00f3 aktivit\u00e1sok k\u00eds\u00e9rnek. \u00cdgy az odal\u00e1togat\u00f3k tan\u00fai \u00e9s r\u00e9sztvev\u0151i lehettek a m\u0171v\u00e9szi [&hellip;]<\/p>\n","protected":false},"author":1,"featured_media":0,"parent":0,"menu_order":0,"comment_status":"closed","ping_status":"closed","template":"","meta":{"footnotes":""},"class_list":["post-903","page","type-page","status-publish","hentry"],"_links":{"self":[{"href":"https:\/\/mokus.zsonglor.hu\/index.php\/wp-json\/wp\/v2\/pages\/903","targetHints":{"allow":["GET"]}}],"collection":[{"href":"https:\/\/mokus.zsonglor.hu\/index.php\/wp-json\/wp\/v2\/pages"}],"about":[{"href":"https:\/\/mokus.zsonglor.hu\/index.php\/wp-json\/wp\/v2\/types\/page"}],"author":[{"embeddable":true,"href":"https:\/\/mokus.zsonglor.hu\/index.php\/wp-json\/wp\/v2\/users\/1"}],"replies":[{"embeddable":true,"href":"https:\/\/mokus.zsonglor.hu\/index.php\/wp-json\/wp\/v2\/comments?post=903"}],"version-history":[{"count":0,"href":"https:\/\/mokus.zsonglor.hu\/index.php\/wp-json\/wp\/v2\/pages\/903\/revisions"}],"wp:attachment":[{"href":"https:\/\/mokus.zsonglor.hu\/index.php\/wp-json\/wp\/v2\/media?parent=903"}],"curies":[{"name":"wp","href":"https:\/\/api.w.org\/{rel}","templated":true}]}}