{"id":863,"date":"2025-01-21T14:15:18","date_gmt":"2025-01-21T14:15:18","guid":{"rendered":"https:\/\/www.zsonglor.hu\/hasznos-linkek"},"modified":"2025-01-21T14:15:18","modified_gmt":"2025-01-21T14:15:18","slug":"hasznos-linkek","status":"publish","type":"page","link":"https:\/\/mokus.zsonglor.hu\/index.php\/hasznos-linkek\/","title":{"rendered":"Hasznos linkek"},"content":{"rendered":"\n<h2 class=\"wp-block-heading\">hasznos linkek<\/h2>\n\n\n\n<p><strong>Zsongl\u0151rboltok:<\/strong><\/p>\n\n\n\n<ul class=\"wp-block-list\"><li><a>Reflexshop<\/a><\/li><li><a>Urbanjuggling<\/a><\/li><li><a>Elmostix<\/a><\/li><li><a>Goragear <\/a>&#8211; t\u0171zzsongl\u0151r shop<\/li><\/ul>\n\n\n\n<p><br><strong>Link gy\u00fcjtem\u00e9nyek:<\/strong><\/p>\n\n\n\n<ul class=\"wp-block-list\"><li><a>cirkusz.lap.hu<\/a><\/li><li><a>zsonglor.lap.hu<\/a><\/li><\/ul>\n\n\n\n<p><\/p>\n\n\n\n<p><strong>Zsongl\u0151roldalak (vide\u00f3k, gy\u0171jtem\u00e9nyek,stb):<\/strong><\/p>\n\n\n\n<ul class=\"wp-block-list\"><li><a>Malabart<\/a><\/li><li><a>Juggling.tv<\/a><\/li><\/ul>\n\n\n\n<p><strong>Zsongl\u0151r esem\u00e9nyek, fesztiv\u00e1lok:<\/strong><\/p>\n\n\n\n<ul class=\"wp-block-list\"><li><a>Juggling.org\/festivals\/<\/a><\/li><\/ul>\n\n\n\n<p><br><strong>Tr\u00fckk\u00f6k:<\/strong><\/p>\n\n\n\n<ul class=\"wp-block-list\"><li><a>Zsonglor.trukkok.hu<\/a><\/li><li><a>Wildcat zsongl\u0151r oldalak<\/a><\/li><\/ul>\n","protected":false},"excerpt":{"rendered":"<p>hasznos linkek Zsongl\u0151rboltok: Reflexshop Urbanjuggling Elmostix Goragear &#8211; t\u0171zzsongl\u0151r shop Link gy\u00fcjtem\u00e9nyek: cirkusz.lap.hu zsonglor.lap.hu Zsongl\u0151roldalak (vide\u00f3k, gy\u0171jtem\u00e9nyek,stb): Malabart Juggling.tv Zsongl\u0151r esem\u00e9nyek, fesztiv\u00e1lok: Juggling.org\/festivals\/ Tr\u00fckk\u00f6k: Zsonglor.trukkok.hu Wildcat zsongl\u0151r oldalak<\/p>\n","protected":false},"author":1,"featured_media":0,"parent":0,"menu_order":0,"comment_status":"closed","ping_status":"closed","template":"","meta":{"footnotes":""},"class_list":["post-863","page","type-page","status-publish","hentry"],"_links":{"self":[{"href":"https:\/\/mokus.zsonglor.hu\/index.php\/wp-json\/wp\/v2\/pages\/863","targetHints":{"allow":["GET"]}}],"collection":[{"href":"https:\/\/mokus.zsonglor.hu\/index.php\/wp-json\/wp\/v2\/pages"}],"about":[{"href":"https:\/\/mokus.zsonglor.hu\/index.php\/wp-json\/wp\/v2\/types\/page"}],"author":[{"embeddable":true,"href":"https:\/\/mokus.zsonglor.hu\/index.php\/wp-json\/wp\/v2\/users\/1"}],"replies":[{"embeddable":true,"href":"https:\/\/mokus.zsonglor.hu\/index.php\/wp-json\/wp\/v2\/comments?post=863"}],"version-history":[{"count":0,"href":"https:\/\/mokus.zsonglor.hu\/index.php\/wp-json\/wp\/v2\/pages\/863\/revisions"}],"wp:attachment":[{"href":"https:\/\/mokus.zsonglor.hu\/index.php\/wp-json\/wp\/v2\/media?parent=863"}],"curies":[{"name":"wp","href":"https:\/\/api.w.org\/{rel}","templated":true}]}}