{"id":503,"date":"2025-01-21T14:15:18","date_gmt":"2025-01-21T14:15:18","guid":{"rendered":"https:\/\/www.zsonglor.hu\/szoci\u00e1lis-cirkusz"},"modified":"2025-01-21T14:15:18","modified_gmt":"2025-01-21T14:15:18","slug":"szocialis-cirkusz","status":"publish","type":"page","link":"https:\/\/mokus.zsonglor.hu\/index.php\/szocialis-cirkusz\/","title":{"rendered":"Szoci\u00e1lis cirkusz"},"content":{"rendered":"\n<h2 class=\"wp-block-heading\">szoci\u00e1lis cirkusz<\/h2>\n\n\n\nRibbon\n    \n        \n    \n\n\n\n\n<div class=\"wp-block-buttons is-layout-flex wp-block-buttons-is-layout-flex\">\n<div class=\"wp-block-button\"><a title=\"mi a szoci cirkusz\" href=\"#comp-j2jago45\" class=\"wp-block-button__link\">mi a szoci\u00e1lis cirkusz<\/a><\/div>\n<\/div>\n\n\n\nRibbon\n    \n        \n    \n\n\n\n\n<div class=\"wp-block-buttons is-layout-flex wp-block-buttons-is-layout-flex\">\n<div class=\"wp-block-button\"><a title=\"csoportjaink\" href=\"#comp-j2jdkwfw\" class=\"wp-block-button__link\">csoportjaink<\/a><\/div>\n<\/div>\n\n\n\nRibbon\n    \n        \n    \n\n\n\n\n<div class=\"wp-block-buttons is-layout-flex wp-block-buttons-is-layout-flex\">\n<div class=\"wp-block-button\"><a title=\"oktat\u00f3ink\" href=\"#comp-j2jey9qt\" class=\"wp-block-button__link\">oktat\u00f3ink<\/a><\/div>\n<\/div>\n\n\n\nRibbon\n    \n        \n    \n\n\n\n\n<div class=\"wp-block-buttons is-layout-flex wp-block-buttons-is-layout-flex\">\n<div class=\"wp-block-button\"><a title=\"K\u00e9pz\u00e9sek\" href=\"#comp-knpyctx1\" class=\"wp-block-button__link\">k\u00e9pz\u00e9seink<\/a><\/div>\n<\/div>\n\n\n\nRibbon\n    \n        \n    \n\n\n\n\n<div class=\"wp-block-buttons is-layout-flex wp-block-buttons-is-layout-flex\">\n<div class=\"wp-block-button\"><a href=\"\/szocialiscirkusz-nemzetk\u00f6zi-tev\u00e9kenys\u00e9gek\" class=\"wp-block-button__link\">nemzetk\u00f6zi<\/a><\/div>\n<\/div>\n\n\n\n<div class=\"wp-block-buttons is-layout-flex wp-block-buttons-is-layout-flex\">\n<div class=\"wp-block-button\"><a href=\"\/szocialiscirkusz-nemzetk\u00f6zi-tev\u00e9kenys\u00e9gek\" class=\"wp-block-button__link\">tev\u00e9kenys\u00e9geink<\/a><\/div>\n<\/div>\n\n\n\nRibbon\n    \n        \n    \n\n\n\n\n<div class=\"wp-block-buttons is-layout-flex wp-block-buttons-is-layout-flex\">\n<div class=\"wp-block-button\"><a href=\"\/szoci\u00e1liscirkuszi-egy\u00fcttm\u0171k\u00f6d\u00e9seink\" class=\"wp-block-button__link\">egy\u00fcttm\u0171k\u00f6d\u00e9seink<\/a><\/div>\n<\/div>\n\n\n\nRibbon\n    \n        \n    \n\n\n\n\n<div class=\"wp-block-buttons is-layout-flex wp-block-buttons-is-layout-flex\">\n<div class=\"wp-block-button\"><a href=\"\/szakirodalmak\" class=\"wp-block-button__link\">szakirodalom<\/a><\/div>\n<\/div>\n\n\n\nRibbon\n    \n        \n    \n\n\n\n\n<div class=\"wp-block-buttons is-layout-flex wp-block-buttons-is-layout-flex\">\n<div class=\"wp-block-button\"><a href=\"\/mediamegjelenesek\" class=\"wp-block-button__link\">m\u00e9diamegjelen\u00e9sek<\/a><\/div>\n<\/div>\n\n\n\n<h2 class=\"wp-block-heading\">A CIRKUSZ MINDENKI\u00c9!<\/h2>\n\n\n\n<h2 class=\"wp-block-heading\">mi a szoci\u00e1lis cirkusz?<\/h2>\n\n\n\n<div class=\"wp-block-group is-layout-flow wp-block-group-is-layout-flow\">\n<p>Jelent\u00e9se a cirkuszi m\u0171v\u00e9szetek r\u00e9szv\u00e9telen alapul\u00f3 haszn\u00e1lata eszk\u00f6zk\u00e9nt, a t\u00e1rsadalmi integr\u00e1ci\u00f3 el\u0151mozd\u00edt\u00e1s\u00e1ra. A m\u0171faj alkalmaz\u00e1si ter\u00fcletei v\u00e9gtelen\u00fcl v\u00e1ltozatosak, erre sz\u00e1mos p\u00e9lda van els\u0151sorban Nyugat-Eur\u00f3p\u00e1ban, de azon k\u00edv\u00fcl is megjelenik az \u00f6t kontinensen, k\u00fcl\u00f6nb\u00f6z\u0151 h\u00e1tr\u00e1nyos helyzet\u0171 c\u00e9lcsoportokkal. Ezek lehetnek menek\u00fcltek (Jemen), szellemi \u00e9s\/vagy testi fogyat\u00e9kos gyerekek (N\u00e9metorsz\u00e1g, Spanyolorsz\u00e1g), pszichi\u00e1triai betegek (Csehorsz\u00e1g), bev\u00e1ndorl\u00f3k (Anglia, Olaszorsz\u00e1g), utcagyerekek (Braz\u00edlia, Honduras, Rom\u00e1nia, Ruanda), b\u00f6rt\u00f6nben l\u00e9v\u0151k (Olaszorsz\u00e1g), drogf\u00fcgg\u0151k (N\u00e9metorsz\u00e1g), hogy csak a legjellemz\u0151bb p\u00e9ld\u00e1kat eml\u00edts\u00fck. Az ezzel foglalkoz\u00f3 szervezetek folyamatosan szaporodnak az ut\u00f3bbi \u00e9vekben, m\u00edg a r\u00e9gebbiek m\u00e1ra t\u00f6bb \u00e9vtizedes tud\u00e1st halmoztak fel \u00e9s eredm\u00e9nyeik \u00f6nmaguk\u00e9t besz\u00e9lnek.<\/p>\n\n\n\n<p>A t\u00e9ma szakemberei jellemz\u0151en vagy olyan zsongl\u0151r\u00f6k, akrobat\u00e1k, boh\u00f3cok \u00e9s k\u00f6t\u00e9lt\u00e1ncosok, akik r\u00e1\u00e9reztek a cirkusz vil\u00e1g\u00e1nak integr\u00e1l\u00f3, fejleszt\u0151 \u00e9s megtart\u00f3 hat\u00e1s\u00e1ra, mind az egy\u00e9n, mind a k\u00f6z\u00f6ss\u00e9g szintj\u00e9n, vagy olyan szoci\u00e1lis szakemberek, akik innovat\u00edv m\u00f3dszereket keresve, a cirkuszban tal\u00e1lt\u00e1k meg az eszk\u00f6zt, a k\u00edv\u00e1nt v\u00e1ltoz\u00e1soknak az el\u0151mozd\u00edt\u00e1s\u00e1ra.&nbsp; Ez a k\u00e9t tud\u00e1s, a cirkuszm\u0171v\u00e9sz\u00e9 \u00e9s a szoci\u00e1lis szakember\u00e9, a szoci\u00e1lis cirkusz fejl\u0151d\u00e9se sor\u00e1n \u00f6sszeforrt \u00e9s m\u00e1ra l\u00e9trehozta a gerinc\u00e9t ennek fiatal \u00e9s folyamatosan b\u0151v\u00fcl\u0151 diszcipl\u00edn\u00e1nak.&#8221;<br>&#8230;<br>&nbsp;<\/p>\n\n\n\n<p><strong>Szab\u00f3 M\u00e1rton<\/strong><\/p>\n\n\n\n<p><\/p>\n\n\n\n<p>Olvasd tov\u00e1bb cikk\u00fcnket a Tan\u00ed-tani online pedag\u00f3giai foly\u00f3iratban:&nbsp;<br><a>http:\/\/www.tani-tani.info\/a_szocialis_cirkusz_modszere<\/a><\/p>\n\n\n\n<hr class=\"wp-block-separator\">\n\n\n\ngrange-03\n    \n        \n        \n        \n        \n    \n\n\n\n\n<h4 class=\"wp-block-heading\">Szoci\u00e1lis cirkusz t\u00f6rt\u00e9nete&nbsp;<\/h4>\n\n\n\ngrange-03\n    \n        \n        \n        \n        \n    \n\n\n\n\n<h4 class=\"wp-block-heading\">Szoci\u00e1lis cirkusz hat\u00e1sai<br>&nbsp;<\/h4>\n\n\n\ngrange-03\n    \n        \n        \n        \n        \n    \n\n\n\n\n<h4 class=\"wp-block-heading\">A szoci\u00e1lis cirkusz szakirodalma<\/h4>\n\n\n\ngrange-03\n    \n        \n        \n        \n        \n    \n\n\n\n\n<h4 class=\"wp-block-heading\">\u00dajcirkusz \u00e9s szoci\u00e1lis cirkusz<br>&nbsp;<\/h4>\n\n\n\ngrange-03\n    \n        \n        \n        \n        \n    \n\n\n\n\n<h4 class=\"wp-block-heading\">Pedag\u00f3giai hitvall\u00e1sunk<\/h4>\n\n\n\ngrange-03\n    \n        \n        \n        \n        \n    \n\n\n\n\n<h4 class=\"wp-block-heading\">A cirkusz ter\u00e1pi\u00e1s c\u00e9l\u00fa haszn\u00e1lata<\/h4>\n\n\n\n<h4 class=\"wp-block-heading\">Olvasd el leg\u00fajabb cirkuszpedag\u00f3giai kiadv\u00e1nyunkat!&nbsp;<br>A cirkusz mindenki\u00e9, 2021<\/h4>\n<\/div>\n\n\n\n\n    \n        \n        \n        \n    \n\n\n\n\n<p><\/p>\n\n\n\n<h2 class=\"wp-block-heading\">csoportjaink<\/h2>\n\n\n\n<h6 class=\"wp-block-heading\"><a>Keszty\u0171gy\u00e1r<\/a><\/h6>\n\n\n\n<h6 class=\"wp-block-heading\"><a>Csepel &#8211; Komp\u00e1nia Alap\u00edtv\u00e1ny<\/a><\/h6>\n\n\n\n<h6 class=\"wp-block-heading\"><a>Budapest, V\u00f6smarty utca \u2013 MUS-E<\/a><\/h6>\n\n\n\n<h6 class=\"wp-block-heading\"><a>Kor\u00e1bbi csoportjaink<\/a><\/h6>\n\n\n\n<p><a>Pesterzs\u00e9bet &#8211; Kaj Zhas Cirkusz<\/a><\/p>\n\n\n\n<div class=\"wp-block-columns is-layout-flex wp-container-core-columns-is-layout-28f84493 wp-block-columns-is-layout-flex\">\n<div class=\"wp-block-column is-layout-flow wp-block-column-is-layout-flow\"><\/div>\n\n\n\n<div class=\"wp-block-column is-layout-flow wp-block-column-is-layout-flow\"><\/div>\n\n\n\n<div class=\"wp-block-column is-layout-flow wp-block-column-is-layout-flow\"><\/div>\n\n\n\n<div class=\"wp-block-column is-layout-flow wp-block-column-is-layout-flow\"><\/div>\n\n\n\n<div class=\"wp-block-column is-layout-flow wp-block-column-is-layout-flow\"><\/div>\n<\/div>\n\n\n\n<p><\/p>\n\n\n\n<p><\/p>\n\n\n\n<h2 class=\"wp-block-heading\">k\u00e9pz\u00e9seink<\/h2>\n\n\n\n<figure class=\"wp-block-image is-resized\"><img loading=\"lazy\" decoding=\"async\" height=\"640\" width=\"960\" alt=\"jointstaff (4)_edited.jpg\" src=\"https:\/\/inspiral89.wordpress.com\/wp-content\/uploads\/2025\/01\/07184-608210_bafa234653e641d4a89b41770bdac33fmv2.jpg\"><\/figure>\n\n\n\n<div class=\"wp-block-group is-layout-flow wp-block-group-is-layout-flow\">\n<h4 class=\"wp-block-heading\">Ter\u00e1pi\u00e1s cirkuszpedag\u00f3gia k\u00e9pz\u00e9s<\/h4>\n\n\n\n<p>A fejleszt\u00e9sben \u00e9s gy\u00f3gypedag\u00f3gi\u00e1ban alkalmazhat\u00f3 k\u00f6nny\u00edtett, adapt\u00e1lt zsongl\u0151r eszk\u00f6z\u00f6k haszn\u00e1lat\u00e1nak alapszint\u0171 elsaj\u00e1t\u00edt\u00e1sa, az ezzel foglalkoz\u00f3 m\u00f3dszertan megismer\u00e9se.<\/p>\n\n\n\nArrow%20%20%20\n    \n        \n    \n\n<\/div>\n\n\n\n<h2 class=\"wp-block-heading\">oktat\u00f3ink<\/h2>\n\n\n\n<h6 class=\"wp-block-heading\">G\u00f6nye Lili<\/h6>\n\n\n\n<h6 class=\"wp-block-heading\">Ny\u00e1ri-Nagy Ibolya<\/h6>\n\n\n\n<h6 class=\"wp-block-heading\">T\u00f3th M\u00f3nika<\/h6>\n\n\n\n<h6 class=\"wp-block-heading\">Gallyas Veronika<\/h6>\n\n\n\n<h6 class=\"wp-block-heading\">Szab\u00f3 M\u00e1rton<\/h6>\n\n\n\n<div class=\"wp-block-columns is-layout-flex wp-container-core-columns-is-layout-28f84493 wp-block-columns-is-layout-flex\">\n<div class=\"wp-block-column is-layout-flow wp-block-column-is-layout-flow\"><\/div>\n\n\n\n<div class=\"wp-block-column is-layout-flow wp-block-column-is-layout-flow\"><\/div>\n\n\n\n<div class=\"wp-block-column is-layout-flow wp-block-column-is-layout-flow\"><\/div>\n\n\n\n<div class=\"wp-block-column is-layout-flow wp-block-column-is-layout-flow\"><\/div>\n\n\n\n<div class=\"wp-block-column is-layout-flow wp-block-column-is-layout-flow\"><\/div>\n<\/div>\n\n\n\nArrow%20%20%20\n    \n        \n    \n\n\n\n\n<p><\/p>\n","protected":false},"excerpt":{"rendered":"<p>szoci\u00e1lis cirkusz Ribbon Ribbon Ribbon Ribbon Ribbon Ribbon Ribbon Ribbon A CIRKUSZ MINDENKI\u00c9! mi a szoci\u00e1lis cirkusz? Jelent\u00e9se a cirkuszi m\u0171v\u00e9szetek r\u00e9szv\u00e9telen alapul\u00f3 haszn\u00e1lata eszk\u00f6zk\u00e9nt, a t\u00e1rsadalmi integr\u00e1ci\u00f3 el\u0151mozd\u00edt\u00e1s\u00e1ra. A m\u0171faj alkalmaz\u00e1si ter\u00fcletei v\u00e9gtelen\u00fcl v\u00e1ltozatosak, erre sz\u00e1mos p\u00e9lda van els\u0151sorban Nyugat-Eur\u00f3p\u00e1ban, de azon k\u00edv\u00fcl is megjelenik az \u00f6t kontinensen, k\u00fcl\u00f6nb\u00f6z\u0151 h\u00e1tr\u00e1nyos helyzet\u0171 c\u00e9lcsoportokkal. Ezek lehetnek [&hellip;]<\/p>\n","protected":false},"author":1,"featured_media":0,"parent":0,"menu_order":0,"comment_status":"closed","ping_status":"closed","template":"","meta":{"footnotes":""},"class_list":["post-503","page","type-page","status-publish","hentry"],"_links":{"self":[{"href":"https:\/\/mokus.zsonglor.hu\/index.php\/wp-json\/wp\/v2\/pages\/503","targetHints":{"allow":["GET"]}}],"collection":[{"href":"https:\/\/mokus.zsonglor.hu\/index.php\/wp-json\/wp\/v2\/pages"}],"about":[{"href":"https:\/\/mokus.zsonglor.hu\/index.php\/wp-json\/wp\/v2\/types\/page"}],"author":[{"embeddable":true,"href":"https:\/\/mokus.zsonglor.hu\/index.php\/wp-json\/wp\/v2\/users\/1"}],"replies":[{"embeddable":true,"href":"https:\/\/mokus.zsonglor.hu\/index.php\/wp-json\/wp\/v2\/comments?post=503"}],"version-history":[{"count":0,"href":"https:\/\/mokus.zsonglor.hu\/index.php\/wp-json\/wp\/v2\/pages\/503\/revisions"}],"wp:attachment":[{"href":"https:\/\/mokus.zsonglor.hu\/index.php\/wp-json\/wp\/v2\/media?parent=503"}],"curies":[{"name":"wp","href":"https:\/\/api.w.org\/{rel}","templated":true}]}}