{"id":393,"date":"2025-01-21T14:15:18","date_gmt":"2025-01-21T14:15:18","guid":{"rendered":"https:\/\/www.zsonglor.hu\/digitalcircus"},"modified":"2025-01-21T14:15:18","modified_gmt":"2025-01-21T14:15:18","slug":"digital-circus","status":"publish","type":"page","link":"https:\/\/mokus.zsonglor.hu\/index.php\/digital-circus\/","title":{"rendered":"Digital Circus"},"content":{"rendered":"\n<h1 class=\"wp-block-heading\">Digital Circus&nbsp;<br>2022<\/h1>\n\n\n\n<div class=\"wp-block-columns is-layout-flex wp-container-core-columns-is-layout-28f84493 wp-block-columns-is-layout-flex\">\n<div class=\"wp-block-column is-layout-flow wp-block-column-is-layout-flow\"><\/div>\n\n\n\n<div class=\"wp-block-column is-layout-flow wp-block-column-is-layout-flow\">\n<p>2022-ben a berlini Katapult cirkuszi t\u00e9r \u00e9s a Magyar Zsongl\u0151r Egyes\u00fclet sz\u00e1mos olyan n\u00e9metorsz\u00e1gi \u00e9s magyarorsz\u00e1gi projektben vett r\u00e9szt, amelyek szokatlan \u00e9s innovat\u00edv m\u00f3don haszn\u00e1lj\u00e1k a digit\u00e1lis eszk\u00f6z\u00f6ket, hogy t\u00falmutassanak a k\u00e9perny\u0151 b\u00e1mul\u00e1s\u00e1n.<\/p>\n\n\n\n<p>A c\u00e9l az volt, hogy hasznos eszk\u00f6z\u00f6ket gy\u0171jts\u00fcnk \u00f6ssze a digit\u00e1lis cirkuszoktat\u00e1s ter\u00fclet\u00e9r\u0151l tov\u00e1bbi k\u00eds\u00e9rletez\u00e9s \u00e9s felhaszn\u00e1l\u00e1s c\u00e9lj\u00e1b\u00f3l.&nbsp;<br>A programot az Erasmus+ oktat\u00e1si program t\u00e1mogatta.<\/p>\n\n\n\n<p>Tal\u00e1lkoztunk tan\u00e1rokkal, oktat\u00f3kkal, cirkuszszakemberekkel, c\u00e9gekkel, szervez\u0151kkel \u00e9s m\u0171v\u00e9szekkel a ter\u00fcletr\u0151l, \u00e9s \u00f6sszegy\u0171jt\u00f6tt\u00fck a &#8220;legjobb tapasztalatokat&#8221; a digit\u00e1lis eszk\u00f6z\u00f6k cirkuszoktat\u00e1sban \u00e9s el\u0151ad\u00e1sban val\u00f3 haszn\u00e1lat\u00e1ra.<\/p>\n\n\n\n<p><\/p>\n<\/div>\n<\/div>\n\n\n\n<div class=\"wp-block-columns is-layout-flex wp-container-core-columns-is-layout-28f84493 wp-block-columns-is-layout-flex\">\n<div class=\"wp-block-column is-layout-flow wp-block-column-is-layout-flow\">\n<p>A projekt akci\u00f3i:<\/p>\n\n\n\n<p><br>-2 kutat\u00e1si tal\u00e1lkoz\u00f3, 1 minden partnerrel&nbsp;<br>&#8211; 2 terjeszt\u00e9si rendezv\u00e9ny&nbsp;<\/p>\n\n\n\n<p><\/p>\n\n\n\n<p>Kutat\u00e1si tal\u00e1lkoz\u00f3kra ker\u00fclt sor:&nbsp;<br><a>Berlin, Katapult<\/a> 2022.02.23.-2022.02.28.<br><a>Budapest, Traf\u00f3, <\/a>Inspir\u00e1l 2022.03.20.-2022.03.27. &nbsp;<\/p>\n\n\n\n<p><\/p>\n\n\n\n<p>Az eredm\u00e9nyeket, pedig itt n\u00e9zheted meg:<\/p>\n\n\n\n<p>&nbsp;<br><a>Digital Knowledge Sharing Conference, Inspir\u00e1l, Budapest:<\/a>&nbsp;2022.05.19-20.<\/p>\n\n\n\n<p><br>konferencia k\u00f6zvet\u00edt\u00e9se -&gt;&nbsp; &nbsp; &nbsp; &nbsp;&nbsp;<br>&nbsp;<\/p>\n\n\n\n<p><a>Circus in the digital age<\/a>, Katapult, Berlin 2022 06. 9-10.&nbsp;<br>&nbsp;<\/p>\n\n\n\n<p><\/p>\n\n\n\n<p><\/p>\n\n\n\n<p><\/p>\n\n\n\n<p><\/p>\n\n\n\n<p><\/p>\n\n\n\n<ul class=\"wp-block-social-links is-layout-flex wp-block-social-links-is-layout-flex\"><li class=\"wp-social-link wp-social-link-facebook  wp-block-social-link\"><a rel=\"noopener nofollow\" target=\"_blank\" href=\"https:\/\/www.facebook.com\/watch\/live\/?ref=watch_permalink&#038;v=1048341076083392\" class=\"wp-block-social-link-anchor\"><svg width=\"24\" height=\"24\" viewBox=\"0 0 24 24\" version=\"1.1\" xmlns=\"http:\/\/www.w3.org\/2000\/svg\" aria-hidden=\"true\" focusable=\"false\"><path d=\"M12 2C6.5 2 2 6.5 2 12c0 5 3.7 9.1 8.4 9.9v-7H7.9V12h2.5V9.8c0-2.5 1.5-3.9 3.8-3.9 1.1 0 2.2.2 2.2.2v2.5h-1.3c-1.2 0-1.6.8-1.6 1.6V12h2.8l-.4 2.9h-2.3v7C18.3 21.1 22 17 22 12c0-5.5-4.5-10-10-10z\"><\/path><\/svg><span class=\"wp-block-social-link-label screen-reader-text\">Facebook<\/span><\/a><\/li><\/ul>\n\n\n\n<figure class=\"wp-block-image is-resized\"><img loading=\"lazy\" decoding=\"async\" height=\"740\" width=\"740\" alt=\"\" src=\"https:\/\/inspiral89.wordpress.com\/wp-content\/uploads\/2025\/01\/95eb4-885657_3b693148ea4a483792d9253742498688mv2.png\"><\/figure>\n\n\n\n<figure class=\"wp-block-image is-resized\"><img loading=\"lazy\" decoding=\"async\" height=\"269\" width=\"943\" alt=\"\" src=\"https:\/\/inspiral89.wordpress.com\/wp-content\/uploads\/2025\/01\/37523-885657_21b801f3e1c0438c8987ec7eb6cb6264mv2.png\"><\/figure>\n\n\n\n<figure class=\"wp-block-image is-resized\"><img loading=\"lazy\" decoding=\"async\" height=\"1172\" width=\"990\" alt=\"\" src=\"https:\/\/inspiral89.wordpress.com\/wp-content\/uploads\/2025\/01\/3161c-885657_1ed7c2bb0de44c20a0b0d829109908a4mv2.png\"><\/figure>\n<\/div>\n\n\n\n<div class=\"wp-block-column is-layout-flow wp-block-column-is-layout-flow\"><\/div>\n<\/div>\n","protected":false},"excerpt":{"rendered":"<p>Digital Circus&nbsp;2022 2022-ben a berlini Katapult cirkuszi t\u00e9r \u00e9s a Magyar Zsongl\u0151r Egyes\u00fclet sz\u00e1mos olyan n\u00e9metorsz\u00e1gi \u00e9s magyarorsz\u00e1gi projektben vett r\u00e9szt, amelyek szokatlan \u00e9s innovat\u00edv m\u00f3don haszn\u00e1lj\u00e1k a digit\u00e1lis eszk\u00f6z\u00f6ket, hogy t\u00falmutassanak a k\u00e9perny\u0151 b\u00e1mul\u00e1s\u00e1n. A c\u00e9l az volt, hogy hasznos eszk\u00f6z\u00f6ket gy\u0171jts\u00fcnk \u00f6ssze a digit\u00e1lis cirkuszoktat\u00e1s ter\u00fclet\u00e9r\u0151l tov\u00e1bbi k\u00eds\u00e9rletez\u00e9s \u00e9s felhaszn\u00e1l\u00e1s c\u00e9lj\u00e1b\u00f3l.&nbsp;A programot az [&hellip;]<\/p>\n","protected":false},"author":1,"featured_media":0,"parent":0,"menu_order":0,"comment_status":"closed","ping_status":"closed","template":"","meta":{"footnotes":""},"class_list":["post-393","page","type-page","status-publish","hentry"],"_links":{"self":[{"href":"https:\/\/mokus.zsonglor.hu\/index.php\/wp-json\/wp\/v2\/pages\/393","targetHints":{"allow":["GET"]}}],"collection":[{"href":"https:\/\/mokus.zsonglor.hu\/index.php\/wp-json\/wp\/v2\/pages"}],"about":[{"href":"https:\/\/mokus.zsonglor.hu\/index.php\/wp-json\/wp\/v2\/types\/page"}],"author":[{"embeddable":true,"href":"https:\/\/mokus.zsonglor.hu\/index.php\/wp-json\/wp\/v2\/users\/1"}],"replies":[{"embeddable":true,"href":"https:\/\/mokus.zsonglor.hu\/index.php\/wp-json\/wp\/v2\/comments?post=393"}],"version-history":[{"count":0,"href":"https:\/\/mokus.zsonglor.hu\/index.php\/wp-json\/wp\/v2\/pages\/393\/revisions"}],"wp:attachment":[{"href":"https:\/\/mokus.zsonglor.hu\/index.php\/wp-json\/wp\/v2\/media?parent=393"}],"curies":[{"name":"wp","href":"https:\/\/api.w.org\/{rel}","templated":true}]}}