{"id":373,"date":"2025-01-21T14:15:18","date_gmt":"2025-01-21T14:15:18","guid":{"rendered":"https:\/\/www.zsonglor.hu\/fooldal"},"modified":"2025-01-21T14:15:18","modified_gmt":"2025-01-21T14:15:18","slug":"fooldal","status":"publish","type":"page","link":"https:\/\/mokus.zsonglor.hu\/","title":{"rendered":"F\u0151oldal"},"content":{"rendered":"\n<h2 class=\"wp-block-heading\">tev\u00e9kenys\u00e9geink<\/h2>\n\n\n\n<h6 class=\"wp-block-heading\"><a><strong>M\u0170V\u00c9SZET<\/strong><\/a><\/h6>\n\n\n\n<p>Tudj meg t\u00f6bbet m\u0171v\u00e9szeti munk\u00e1nkr\u00f3l: alkot\u00f3folyamatok, residency program, m\u0171v\u00e9szeti projektek.<\/p>\n\n\n\n<h6 class=\"wp-block-heading\"><a><strong>OKTAT\u00c1S&nbsp;<\/strong><\/a><\/h6>\n\n\n\n<p>Itt olvashatsz tanfolyamokr\u00f3l, workshopokr\u00f3l, k\u00fclf\u00f6ldi oktat\u00e1si \u00f6szt\u00f6nd\u00edjakr\u00f3l, valamint tal\u00e1lsz linkeket tanulm\u00e1nyokhoz, cikkekhez oktat\u00f3 vide\u00f3khoz.<\/p>\n\n\n\n<h6 class=\"wp-block-heading\"><a><strong>SZOCI\u00c1LIS CIRKUSZ<\/strong><\/a><\/h6>\n\n\n\n<p>A szoci\u00e1lis cirkusz pedag\u00f3gi\u00e1j\u00e1t egyes\u00fclet\u00fcnk honos\u00edtotta meg haz\u00e1nkban. Csoportjainkr\u00f3l, akci\u00f3inkr\u00f3l \u00e9s mag\u00e1r\u00f3l a m\u00f3dszertanr\u00f3l lehet olvasni ebben a men\u00fcpontban.&nbsp;<\/p>\n\n\n\n<h2 class=\"wp-block-heading\"><a>aktu\u00e1lis<\/a><\/h2>\n\n\n\n<figure class=\"wp-block-image is-resized\"><img loading=\"lazy\" decoding=\"async\" height=\"1440\" width=\"1080\" alt=\"luxi.jpg\" src=\"https:\/\/mokus.zsonglor.hu\/wp-content\/uploads\/2025\/01\/4a2ca-608210_b81ae2730c8840b68a0319a48e34e2cemv2.jpg\"><\/figure>\n\n\n\n<p>2024. \u00e1prilis 15.<\/p>\n\n\n\n<h4 class=\"wp-block-heading\">K\u00f6z\u00f6ss\u00e9g\u00e9p\u00edt\u00e9s, Cirkuszpedag\u00f3giai c\u00e9lok, Cirkusz \u00e9s k\u00f6rnyezetv\u00e9delem webin\u00e1rium<\/h4>\n\n\n\n<p>A Magyar Zsongl\u0151r Egyes\u00fclet h\u00e1rom \u00f6szt\u00f6nd\u00edjasa fejti ki kutat\u00e1s\u00e1nak t\u00e9m\u00e1j\u00e1t, melyet a luxemburgi Zal\u00adtim\u00adbanq&#8217; Zirkus-ban v\u00e9geztek h\u00e1rom h\u00e9tig.&nbsp;<\/p>\n\n\n\n<p><\/p>\n\n\n\n<p>Tov\u00e1bbi inf\u00f3k a <a>fb esem\u00e9nyben.<\/a>&nbsp;<\/p>\n\n\n\n<h2 class=\"wp-block-heading\"><a>nemzetk\u00f6zi projektjeink<\/a><\/h2>\n\n\n\n<h4 class=\"wp-block-heading\"><a><strong>Together! a circus invitation<\/strong><\/a><\/h4>\n\n\n\n<h2 class=\"wp-block-heading\">gal\u00e9ria<\/h2>\n\n\n\n<figure class=\"wp-block-gallery columns-3 is-cropped wp-block-gallery-1 is-layout-flex wp-block-gallery-is-layout-flex\"><ul class=\"blocks-gallery-grid\"><li class=\"blocks-gallery-item\"><figure><img decoding=\"async\" class=\"wp-image-12\" data-id=\"12\" alt=\"\" src=\"https:\/\/inspiral89.wordpress.com\/wp-content\/uploads\/2025\/01\/d0186-608210_bdad67ea15cc42b3965dbab770aa5135mv2.jpg\"><\/figure><\/li><li class=\"blocks-gallery-item\"><figure><img decoding=\"async\" class=\"wp-image-13\" data-id=\"13\" alt=\"\" src=\"https:\/\/inspiral89.wordpress.com\/wp-content\/uploads\/2025\/01\/6f3af-608210_a5b999d9e00c45d7a6c09c489bfb3c48mv2.webp\"><\/figure><\/li><li class=\"blocks-gallery-item\"><figure><img decoding=\"async\" class=\"wp-image-14\" data-id=\"14\" alt=\"\" src=\"https:\/\/inspiral89.wordpress.com\/wp-content\/uploads\/2025\/01\/b5d2f-608210_fabaf4b0d5854cd1b4a3f0ac9dba42a0mv2.jpg\"><\/figure><\/li><li class=\"blocks-gallery-item\"><figure><img decoding=\"async\" class=\"wp-image-15\" data-id=\"15\" alt=\"\" src=\"https:\/\/inspiral89.wordpress.com\/wp-content\/uploads\/2025\/01\/edf10-608210_ea51b84c62154b15883ddd8c0febc002mv2.jpg\"><\/figure><\/li><li class=\"blocks-gallery-item\"><figure><img decoding=\"async\" class=\"wp-image-16\" data-id=\"16\" alt=\"\" src=\"https:\/\/inspiral89.wordpress.com\/wp-content\/uploads\/2025\/01\/1656f-608210_bdb7462b9f6e4e3cbe863ba41571d702mv2.jpg\"><\/figure><\/li><li class=\"blocks-gallery-item\"><figure><img decoding=\"async\" class=\"wp-image-17\" data-id=\"17\" alt=\"\" src=\"https:\/\/inspiral89.wordpress.com\/wp-content\/uploads\/2025\/01\/0bbc3-608210_4bd11313cdf942c6ba09f39584ea7d8cmv2.jpg\"><\/figure><\/li><li class=\"blocks-gallery-item\"><figure><img decoding=\"async\" class=\"wp-image-18\" data-id=\"18\" alt=\"\" src=\"https:\/\/inspiral89.wordpress.com\/wp-content\/uploads\/2025\/01\/743e1-5a41de_d9b10c93137340aba66bf371b52dfb65mv2_d_2048_1365_s_2.jpg\"><figcaption class=\"blocks-gallery-item__caption\">A Magyar Zsongl\u0151r Egyes\u00fclet k\u00f6sz\u00f6nt a gal\u00e9ri\u00e1j\u00e1ban!<\/figcaption><\/figure><\/li><li class=\"blocks-gallery-item\"><figure><img decoding=\"async\" class=\"wp-image-19\" data-id=\"19\" alt=\"\" src=\"https:\/\/inspiral89.wordpress.com\/wp-content\/uploads\/2025\/01\/20fb7-5a41de_b9decb3d5a71486bbed1b5943438495fmv2_d_2048_1365_s_2.jpg\"><figcaption class=\"blocks-gallery-item__caption\">..a megval\u00f3sult \u00e1lom\nA dream came true!<\/figcaption><\/figure><\/li><li class=\"blocks-gallery-item\"><figure><img decoding=\"async\" class=\"wp-image-20\" data-id=\"20\" alt=\"\" src=\"https:\/\/inspiral89.wordpress.com\/wp-content\/uploads\/2025\/01\/21cd3-5a41de_f8a801258528446cac4ff6f215b25ba1mv2_d_2048_1365_s_2.jpg\"><\/figure><\/li><li class=\"blocks-gallery-item\"><figure><img decoding=\"async\" class=\"wp-image-21\" data-id=\"21\" alt=\"\" src=\"https:\/\/inspiral89.wordpress.com\/wp-content\/uploads\/2025\/01\/a2b41-5a41de_9b26b5cfd6b2428c8e6c25e1856ea459mv2_d_2000_1335_s_2.jpg\"><figcaption class=\"blocks-gallery-item__caption\">Mindenkit szeretettel v\u00e1runk!\nWe&#8217;re welcome everyone!<\/figcaption><\/figure><\/li><li class=\"blocks-gallery-item\"><figure><img decoding=\"async\" class=\"wp-image-22\" data-id=\"22\" alt=\"\" src=\"https:\/\/inspiral89.wordpress.com\/wp-content\/uploads\/2025\/01\/8f365-5a41de_2291b367f3544592be25b46512ac12a2mv2_d_2000_1335_s_2.jpg\"><figcaption class=\"blocks-gallery-item__caption\">Legfontosabb k\u00f6z\u00f6ss\u00e9g\u00e9p\u00edt\u0151, \u00fcgyess\u00e9g- \u00e9s koncentr\u00e1ci\u00f3fejleszt\u0151 gyakorlat gyermekeknek: a j\u00e1t\u00e9k.<\/figcaption><\/figure><\/li><li class=\"blocks-gallery-item\"><figure><img decoding=\"async\" class=\"wp-image-23\" data-id=\"23\" alt=\"\" src=\"https:\/\/inspiral89.wordpress.com\/wp-content\/uploads\/2025\/01\/48e52-5a41de_46ea8edace5d4345bac26d4ae1379c0cmv2_d_2000_1335_s_2.jpg\"><figcaption class=\"blocks-gallery-item__caption\">Ny\u00edlt napjainkon rengeteg \u00faj dologban pr\u00f3b\u00e1lhatod ki magad!\nOn our Open Days you can try yourself with lots of juggling tools!<\/figcaption><\/figure><\/li><li class=\"blocks-gallery-item\"><figure><img decoding=\"async\" class=\"wp-image-24\" data-id=\"24\" alt=\"\" src=\"https:\/\/inspiral89.wordpress.com\/wp-content\/uploads\/2025\/01\/24d8e-5a41de_5ddbb9db455b48f0acc718a97fce0543mv2_d_2000_1335_s_2.jpg\"><figcaption class=\"blocks-gallery-item__caption\">J\u00f3 kezd\u00e9s!\nGood beginning!<\/figcaption><\/figure><\/li><li class=\"blocks-gallery-item\"><figure><img decoding=\"async\" class=\"wp-image-25\" data-id=\"25\" alt=\"\" src=\"https:\/\/inspiral89.wordpress.com\/wp-content\/uploads\/2025\/01\/97cf7-5a41de_d03cad223890450ba7477e1d85edc84emv2_d_2000_1335_s_2.jpg\"><figcaption class=\"blocks-gallery-item__caption\">Social circus training<\/figcaption><\/figure><\/li><li class=\"blocks-gallery-item\"><figure><img decoding=\"async\" class=\"wp-image-26\" data-id=\"26\" alt=\"\" src=\"https:\/\/inspiral89.wordpress.com\/wp-content\/uploads\/2025\/01\/ed9f4-5a41de_94cc0c9331024ed499d201157a495628mv2_d_2048_1365_s_2.jpg\"><figcaption class=\"blocks-gallery-item__caption\">Sok gyakorl\u00e1ssal innen&#8230; \/\nWith lots of practice, you can get from here&#8230;<\/figcaption><\/figure><\/li><li class=\"blocks-gallery-item\"><figure><img decoding=\"async\" class=\"wp-image-27\" data-id=\"27\" alt=\"\" src=\"https:\/\/inspiral89.wordpress.com\/wp-content\/uploads\/2025\/01\/c4e87-5a41de_e2c41342c72f4eafa8cad8a06d89cd4fmv2.jpg\"><figcaption class=\"blocks-gallery-item__caption\">&#8230;eddig is lehet jutni!\n\/&#8230; to this point!\nVil\u00e1gbajnok yoyo mester, amint az Inspir\u00e1l Cirkuszk\u00f6zpont Openstag\u00e9n megmutatja leg\u00fajabb tr\u00fckkj\u00e9t.<\/figcaption><\/figure><\/li><li class=\"blocks-gallery-item\"><figure><img decoding=\"async\" class=\"wp-image-28\" data-id=\"28\" alt=\"\" src=\"https:\/\/inspiral89.wordpress.com\/wp-content\/uploads\/2025\/01\/40515-5a41de_9f504b8bad454d239e9e45fcc0766a96mv2.jpg\"><\/figure><\/li><li class=\"blocks-gallery-item\"><figure><img decoding=\"async\" class=\"wp-image-29\" data-id=\"29\" alt=\"\" src=\"https:\/\/inspiral89.wordpress.com\/wp-content\/uploads\/2025\/01\/6296f-5a41de_c68db036c0444efdace4135d5d135de7mv2_d_2048_1367_s_2.jpg\"><\/figure><\/li><li class=\"blocks-gallery-item\"><figure><img decoding=\"async\" class=\"wp-image-30\" data-id=\"30\" alt=\"\" src=\"https:\/\/inspiral89.wordpress.com\/wp-content\/uploads\/2025\/01\/4880a-5a41de_335d8dd497c34639b80c9a1d24a59ccbmv2_d_2048_1365_s_2.jpg\"><\/figure><\/li><li class=\"blocks-gallery-item\"><figure><img decoding=\"async\" class=\"wp-image-31\" data-id=\"31\" alt=\"\" src=\"https:\/\/inspiral89.wordpress.com\/wp-content\/uploads\/2025\/01\/9325e-608210_f7d3a48936964fc28bbbb9eddddca38bmv2.jpg\"><\/figure><\/li><li class=\"blocks-gallery-item\"><figure><img decoding=\"async\" class=\"wp-image-32\" data-id=\"32\" alt=\"\" src=\"https:\/\/inspiral89.wordpress.com\/wp-content\/uploads\/2025\/01\/15891-608210_d6de531c96144ee4adc99b0be4e3b872mv2.png\"><\/figure><\/li><li class=\"blocks-gallery-item\"><figure><img decoding=\"async\" class=\"wp-image-33\" data-id=\"33\" alt=\"\" src=\"https:\/\/inspiral89.wordpress.com\/wp-content\/uploads\/2025\/01\/57d25-608210_3e04a6aa19aa487b995936e42e8bdbf8mv2.jpg\"><\/figure><\/li><li class=\"blocks-gallery-item\"><figure><img decoding=\"async\" class=\"wp-image-34\" data-id=\"34\" alt=\"\" src=\"https:\/\/inspiral89.wordpress.com\/wp-content\/uploads\/2025\/01\/be5b4-5a41de_622bd26cfd044844b301c814b3a6629fmv2_d_2000_1335_s_2.jpg\"><figcaption class=\"blocks-gallery-item__caption\">Try this trick, and spin it!<\/figcaption><\/figure><\/li><li class=\"blocks-gallery-item\"><figure><img decoding=\"async\" class=\"wp-image-35\" data-id=\"35\" alt=\"\" src=\"https:\/\/inspiral89.wordpress.com\/wp-content\/uploads\/2025\/01\/9eb70-5a41de_d009cedb3340448f93b0befbe02333dbmv2_d_2000_1335_s_2.jpg\"><figcaption class=\"blocks-gallery-item__caption\">Aerial acrobatics for kids<\/figcaption><\/figure><\/li><li class=\"blocks-gallery-item\"><figure><img decoding=\"async\" class=\"wp-image-36\" data-id=\"36\" alt=\"\" src=\"https:\/\/inspiral89.wordpress.com\/wp-content\/uploads\/2025\/01\/9b86a-5a41de_bd1e949d822d4b70974f498754a88d68mv2_d_1827_2737_s_2.jpg\"><\/figure><\/li><li class=\"blocks-gallery-item\"><figure><img decoding=\"async\" class=\"wp-image-37\" data-id=\"37\" alt=\"\" src=\"https:\/\/inspiral89.wordpress.com\/wp-content\/uploads\/2025\/01\/c81fc-608210_357425bc820c414a9d389556cf123c90mv2_d_2048_1365_s_2.jpg\"><\/figure><\/li><li class=\"blocks-gallery-item\"><figure><img decoding=\"async\" class=\"wp-image-38\" data-id=\"38\" alt=\"\" src=\"https:\/\/inspiral89.wordpress.com\/wp-content\/uploads\/2025\/01\/96af4-5a41de_4a954499bb54493bb399240f0b067907mv2.jpg\"><\/figure><\/li><li class=\"blocks-gallery-item\"><figure><img decoding=\"async\" class=\"wp-image-39\" data-id=\"39\" alt=\"\" src=\"https:\/\/inspiral89.wordpress.com\/wp-content\/uploads\/2025\/01\/a0f15-608210_b237998919644f658942a86d95568262mv2_d_3216_2280_s_2.jpg\"><\/figure><\/li><\/ul><\/figure>\n\n\n\n<h2 class=\"wp-block-heading\">k\u00e9pz\u00e9sek<\/h2>\n\n\n\n<figure class=\"wp-block-image is-resized\"><img loading=\"lazy\" decoding=\"async\" height=\"640\" width=\"960\" alt=\"jointstaff (4)_edited.jpg\" src=\"https:\/\/inspiral89.wordpress.com\/wp-content\/uploads\/2025\/01\/07184-608210_bafa234653e641d4a89b41770bdac33fmv2.jpg\"><\/figure>\n\n\n\n<div class=\"wp-block-group is-layout-flow wp-block-group-is-layout-flow\">\n<h4 class=\"wp-block-heading\">Ter\u00e1pi\u00e1s cirkuszpedag\u00f3gia k\u00e9pz\u00e9s<\/h4>\n\n\n\n<p>A fejleszt\u00e9sben \u00e9s gy\u00f3gypedag\u00f3gi\u00e1ban alkalmazhat\u00f3 k\u00f6nny\u00edtett, adapt\u00e1lt zsongl\u0151r eszk\u00f6z\u00f6k haszn\u00e1lat\u00e1nak alapszint\u0171 elsaj\u00e1t\u00edt\u00e1sa, az ezzel foglalkoz\u00f3 m\u00f3dszertan megismer\u00e9se.<\/p>\n\n\n\nArrow%20%20%20\n    \n        \n    \n\n<\/div>\n\n\n\n<h2 class=\"wp-block-heading\">egy\u00fcttm\u0171k\u00f6d\u00e9seink<\/h2>\n\n\n\n<figure class=\"wp-block-image is-resized\"><img loading=\"lazy\" decoding=\"async\" height=\"207\" width=\"960\" alt=\"\" src=\"https:\/\/inspiral89.wordpress.com\/wp-content\/uploads\/2025\/01\/42c18-cfa170_1657b509c16143848ed7a713b880b80fmv2.jpg\"><\/figure>\n\n\n\n<div class=\"wp-block-columns is-layout-flex wp-container-core-columns-is-layout-28f84493 wp-block-columns-is-layout-flex\">\n<div class=\"wp-block-column is-layout-flow wp-block-column-is-layout-flow\">\n<div class=\"wp-block-buttons is-layout-flex wp-block-buttons-is-layout-flex\">\n<div class=\"wp-block-button\"><a href=\"\/trafo\" class=\"wp-block-button__link\">traf\u00f3<\/a><\/div>\n<\/div>\n<\/div>\n\n\n\n<div class=\"wp-block-column is-layout-flow wp-block-column-is-layout-flow\">\n<div class=\"wp-block-buttons is-layout-flex wp-block-buttons-is-layout-flex\">\n<div class=\"wp-block-button\"><a href=\"\/cirque-du-monde\" class=\"wp-block-button__link\">CIRQUE DU SOLEIL<\/a><\/div>\n<\/div>\n<\/div>\n\n\n\n<div class=\"wp-block-column is-layout-flow wp-block-column-is-layout-flow\">\n<div class=\"wp-block-buttons is-layout-flex wp-block-buttons-is-layout-flex\">\n<div class=\"wp-block-button\"><a href=\"\" class=\"wp-block-button__link\">B\u00e1rczi Guszt\u00e1v <\/a><\/div>\n<\/div>\n<\/div>\n\n\n\n<div class=\"wp-block-column is-layout-flow wp-block-column-is-layout-flow\"><\/div>\n\n\n\n<div class=\"wp-block-column is-layout-flow wp-block-column-is-layout-flow\"><\/div>\n<\/div>\n\n\n\n<div class=\"wp-block-buttons is-layout-flex wp-block-buttons-is-layout-flex\">\n<div class=\"wp-block-button\"><a href=\"\/barczialtisk\" class=\"wp-block-button__link\">B\u00e1rczi Guszt\u00e1v <\/a><\/div>\n<\/div>\n\n\n\n<div class=\"wp-block-buttons is-layout-flex wp-block-buttons-is-layout-flex\">\n<div class=\"wp-block-button\"><a href=\"\" class=\"wp-block-button__link\">Gy\u00f3gypedag\u00f3giai Kar<\/a><\/div>\n<\/div>\n\n\n\n<div class=\"wp-block-buttons is-layout-flex wp-block-buttons-is-layout-flex\">\n<div class=\"wp-block-button\"><a href=\"\" class=\"wp-block-button__link\">\u00d3voda \u00e9s \u00c1ltal\u00e1nos Iskola<\/a><\/div>\n<\/div>\n\n\n\n<div class=\"wp-block-buttons is-layout-flex wp-block-buttons-is-layout-flex\">\n<div class=\"wp-block-button\"><a href=\"\/talalkozasok\" class=\"wp-block-button__link\">Bethlen T\u00e9ri Sz\u00ednh\u00e1z<\/a><\/div>\n<\/div>\n\n\n\n<h2 class=\"wp-block-heading\">kiemelt t\u00e1mogat\u00f3ink<\/h2>\n\n\n\n<div class=\"wp-block-columns is-layout-flex wp-container-core-columns-is-layout-28f84493 wp-block-columns-is-layout-flex\">\n<div class=\"wp-block-column is-layout-flow wp-block-column-is-layout-flow\">\n<figure class=\"wp-block-image is-resized\"><img loading=\"lazy\" decoding=\"async\" height=\"480\" width=\"380\" alt=\"\" src=\"https:\/\/inspiral89.wordpress.com\/wp-content\/uploads\/2025\/01\/dfb95-608210_60c642e9040a4c7a82365566de1000b5mv2.jpg\"><\/figure>\n\n\n\n<p><strong>ERASMUS+<\/strong><\/p>\n<\/div>\n\n\n\n<div class=\"wp-block-column is-layout-flow wp-block-column-is-layout-flow\">\n<figure class=\"wp-block-image is-resized\"><img loading=\"lazy\" decoding=\"async\" height=\"228\" width=\"351\" alt=\"visegrad logo.png\" src=\"https:\/\/mokus.zsonglor.hu\/wp-content\/uploads\/2025\/01\/77a47-885657_a664d4b3e61b4573ad45449fbca9d64bmv2.png\"><\/figure>\n\n\n\n<p><strong>Visegrad Fund&nbsp;<\/strong><\/p>\n<\/div>\n\n\n\n<div class=\"wp-block-column is-layout-flow wp-block-column-is-layout-flow\">\n<figure class=\"wp-block-image is-resized\"><img loading=\"lazy\" decoding=\"async\" height=\"480\" width=\"380\" alt=\"\" src=\"https:\/\/inspiral89.wordpress.com\/wp-content\/uploads\/2025\/01\/7b48f-608210_84d5fe768ce045908c664b721ce401b6mv2.jpg\"><\/figure>\n<\/div>\n\n\n\n<div class=\"wp-block-column is-layout-flow wp-block-column-is-layout-flow\">\n<figure class=\"wp-block-image is-resized\"><img loading=\"lazy\" decoding=\"async\" height=\"480\" width=\"380\" alt=\"\" src=\"https:\/\/inspiral89.wordpress.com\/wp-content\/uploads\/2025\/01\/92dc7-608210_5dbc39bb267145038eac8a7a5b37ed10mv2.jpg\"><\/figure>\n\n\n\n<p><strong>Nemzeti<\/strong><\/p>\n\n\n\n<p><strong>Kultur\u00e1lis<\/strong><\/p>\n\n\n\n<p><strong>Alap<\/strong><\/p>\n<\/div>\n\n\n\n<div class=\"wp-block-column is-layout-flow wp-block-column-is-layout-flow\">\n<figure class=\"wp-block-image is-resized\"><img loading=\"lazy\" decoding=\"async\" height=\"480\" width=\"380\" alt=\"\" src=\"https:\/\/inspiral89.wordpress.com\/wp-content\/uploads\/2025\/01\/ef1c8-cfa170_56fba0a488d8402cb021ddeff0c350b1mv2.png\"><\/figure>\n<\/div>\n<\/div>\n\n\n\n<p><strong>MOL<br>Gyermekseg\u00edt\u0151<\/strong><\/p>\n\n\n\n<p><strong>Program<\/strong><\/p>\n\n\n\n<p><strong>Nemzeti<\/strong><\/p>\n\n\n\n<p><strong>Egy\u00fcttm\u0171k\u00f6d\u00e9si Alap<\/strong><\/p>\n\n\n\n<h6 class=\"wp-block-heading\"><strong>K\u00f6sz\u00f6nj\u00fck a t\u00e1mogat\u00e1st!<\/strong><\/h6>\n\n\n\n<h2 class=\"wp-block-heading\">kapcsolat<\/h2>\n\n\n\n<div class=\"wp-block-group is-layout-flow wp-block-group-is-layout-flow\">\n<ul class=\"wp-block-social-links is-layout-flex wp-block-social-links-is-layout-flex\"><li class=\"wp-social-link wp-social-link-facebook  wp-block-social-link\"><a rel=\"noopener nofollow\" target=\"_blank\" href=\"http:\/\/www.facebook.com\/wix\" class=\"wp-block-social-link-anchor\"><svg width=\"24\" height=\"24\" viewBox=\"0 0 24 24\" version=\"1.1\" xmlns=\"http:\/\/www.w3.org\/2000\/svg\" aria-hidden=\"true\" focusable=\"false\"><path d=\"M12 2C6.5 2 2 6.5 2 12c0 5 3.7 9.1 8.4 9.9v-7H7.9V12h2.5V9.8c0-2.5 1.5-3.9 3.8-3.9 1.1 0 2.2.2 2.2.2v2.5h-1.3c-1.2 0-1.6.8-1.6 1.6V12h2.8l-.4 2.9h-2.3v7C18.3 21.1 22 17 22 12c0-5.5-4.5-10-10-10z\"><\/path><\/svg><span class=\"wp-block-social-link-label screen-reader-text\">Facebook Social Icon<\/span><\/a><\/li>\n\n<li class=\"wp-social-link wp-social-link-instagram  wp-block-social-link\"><a rel=\"noopener nofollow\" target=\"_blank\" href=\"http:\/\/instagram.com\/wix\" class=\"wp-block-social-link-anchor\"><svg width=\"24\" height=\"24\" viewBox=\"0 0 24 24\" version=\"1.1\" xmlns=\"http:\/\/www.w3.org\/2000\/svg\" aria-hidden=\"true\" focusable=\"false\"><path d=\"M12,4.622c2.403,0,2.688,0.009,3.637,0.052c0.877,0.04,1.354,0.187,1.671,0.31c0.42,0.163,0.72,0.358,1.035,0.673 c0.315,0.315,0.51,0.615,0.673,1.035c0.123,0.317,0.27,0.794,0.31,1.671c0.043,0.949,0.052,1.234,0.052,3.637 s-0.009,2.688-0.052,3.637c-0.04,0.877-0.187,1.354-0.31,1.671c-0.163,0.42-0.358,0.72-0.673,1.035 c-0.315,0.315-0.615,0.51-1.035,0.673c-0.317,0.123-0.794,0.27-1.671,0.31c-0.949,0.043-1.233,0.052-3.637,0.052 s-2.688-0.009-3.637-0.052c-0.877-0.04-1.354-0.187-1.671-0.31c-0.42-0.163-0.72-0.358-1.035-0.673 c-0.315-0.315-0.51-0.615-0.673-1.035c-0.123-0.317-0.27-0.794-0.31-1.671C4.631,14.688,4.622,14.403,4.622,12 s0.009-2.688,0.052-3.637c0.04-0.877,0.187-1.354,0.31-1.671c0.163-0.42,0.358-0.72,0.673-1.035 c0.315-0.315,0.615-0.51,1.035-0.673c0.317-0.123,0.794-0.27,1.671-0.31C9.312,4.631,9.597,4.622,12,4.622 M12,3 C9.556,3,9.249,3.01,8.289,3.054C7.331,3.098,6.677,3.25,6.105,3.472C5.513,3.702,5.011,4.01,4.511,4.511 c-0.5,0.5-0.808,1.002-1.038,1.594C3.25,6.677,3.098,7.331,3.054,8.289C3.01,9.249,3,9.556,3,12c0,2.444,0.01,2.751,0.054,3.711 c0.044,0.958,0.196,1.612,0.418,2.185c0.23,0.592,0.538,1.094,1.038,1.594c0.5,0.5,1.002,0.808,1.594,1.038 c0.572,0.222,1.227,0.375,2.185,0.418C9.249,20.99,9.556,21,12,21s2.751-0.01,3.711-0.054c0.958-0.044,1.612-0.196,2.185-0.418 c0.592-0.23,1.094-0.538,1.594-1.038c0.5-0.5,0.808-1.002,1.038-1.594c0.222-0.572,0.375-1.227,0.418-2.185 C20.99,14.751,21,14.444,21,12s-0.01-2.751-0.054-3.711c-0.044-0.958-0.196-1.612-0.418-2.185c-0.23-0.592-0.538-1.094-1.038-1.594 c-0.5-0.5-1.002-0.808-1.594-1.038c-0.572-0.222-1.227-0.375-2.185-0.418C14.751,3.01,14.444,3,12,3L12,3z M12,7.378 c-2.552,0-4.622,2.069-4.622,4.622S9.448,16.622,12,16.622s4.622-2.069,4.622-4.622S14.552,7.378,12,7.378z M12,15 c-1.657,0-3-1.343-3-3s1.343-3,3-3s3,1.343,3,3S13.657,15,12,15z M16.804,6.116c-0.596,0-1.08,0.484-1.08,1.08 s0.484,1.08,1.08,1.08c0.596,0,1.08-0.484,1.08-1.08S17.401,6.116,16.804,6.116z\"><\/path><\/svg><span class=\"wp-block-social-link-label screen-reader-text\">YouTube Social  Icon<\/span><\/a><\/li><\/ul>\n\n\n\n<p><strong>Email<\/strong>: <a>info@zsonglor.hu<\/a><\/p>\n\n\n\n<p><strong>Telefon<\/strong>:<\/p>\n\n\n\n<p>INspir\u00e1l Cirkuszk\u00f6zpont:&nbsp;<a>+36 20 440 3537<\/a><br>Sz\u00e9kely T\u00edmea:&nbsp;<a>+06 20 440 3537<\/a><\/p>\n\n\n\n<p><strong>Iratkozz fel h\u00edrlevel\u00fcnkre itt!<\/strong><\/p>\n\n\n\n<p><strong>\u00cdgy \u00e9rtes\u00edteni tudunk h\u00edreinkr\u0151l, \u00e9rdekess\u00e9geinkr\u0151l!<\/strong><\/p>\n\n\n\n<div class=\"wp-block-buttons is-layout-flex wp-block-buttons-is-layout-flex\">\n<div class=\"wp-block-button\"><a href=\"\" class=\"wp-block-button__link\">Feliratkozom<\/a><\/div>\n<\/div>\n\n\n\n<p><strong>K\u00f6sz\u00f6nj\u00fck a feliratkozt\u00e1st!<\/strong><\/p>\n\n\n\n<p><strong>Figyeld az emailedet az \u00faj h\u00edreink\u00e9rt!<\/strong><\/p>\n\n\n\n<p>MEGADOTT SZEM\u00c9LYES ADATAIM H\u00cdRLEV\u00c9L K\u00dcLD\u00c9S C\u00c9L\u00da KEZEL\u00c9S\u00c9HEZ KIFEJEZETTEN \u00c9S \u00d6NK\u00c9NTESEN HOZZ\u00c1J\u00c1RULOK.<\/p>\n\n\n\n<p><strong>Hol tal\u00e1lsz minket?<\/strong><\/p>\n\n\n\n<p>INspir\u00e1l Cirkuszk\u00f6zpont<br>Sopron \u00fat 19\/a | 1117 Budapest&nbsp;<\/p>\n<\/div>\n\n\n\n<p>ADATV\u00c9DELMI T\u00c1J\u00c9KOZTAT\u00d3:<\/p>\n\n\n\n<p><\/p>\n\n\n\n<p>AZ \u00d6N \u00c1LTAL MEGADOTT SZEM\u00c9LYES ADATOKAT A T\u00c1RSAS\u00c1G CSAK A FELTETT K\u00c9RD\u00c9S\u00c9RE&nbsp;T\u00d6RT\u00c9N\u0150 V\u00c1LASZAD\u00c1S C\u00c9LJ\u00c1B\u00d3L \u00c9S CSAK A V\u00c1LASZAD\u00c1SI FOLYAMAT V\u00c9GS\u0150 LEZ\u00c1R\u00c1S\u00c1IG&nbsp;KEZELI. \u00d6N A HOZZ\u00c1J\u00c1RUL\u00c1S\u00c1T A V\u00c1LASZAD\u00c1SI FOLYAMAT SOR\u00c1N B\u00c1RMIKOR AK\u00c1R POSTAI<\/p>\n\n\n\n<p>\u00daTON, AK\u00c1R ONLINE FORM\u00c1BAN B\u00c1RMIKOR VISSZAVONHATJA. AMENNYIBEN A SZEM\u00c9LYES&nbsp;ADATAI KEZEL\u00c9S\u00c9HEZ NEM J\u00c1RUL HOZZ\u00c1 VAGY A HOZZ\u00c1J\u00c1RUL\u00c1S\u00c1T A FOLYAMAT SOR\u00c1N&nbsp;VISSZAVONJA, K\u00c9RD\u00c9S\u00c9T A SZEM\u00c9LYES ADATAIVAL EGY\u00dcTT AZONNAL T\u00d6R\u00d6LJ\u00dcK, \u00cdGY&nbsp;V\u00c1LASZOLNI SEM \u00c1LL M\u00d3DUNKBAN.<\/p>\n\n\n\n<p><\/p>\n\n\n\n<p>H\u00cdRLEV\u00c9L K\u00dcLD\u00c9SE ESET\u00c9N:<\/p>\n\n\n\n<p>AZ \u00d6N \u00c1LTAL MEGADOTT SZEM\u00c9LYES ADATAIT A T\u00c1RSAS\u00c1G CSAK H\u00cdRLEV\u00c9L K\u00dcLD\u00c9S&nbsp;C\u00c9LJ\u00c1B\u00d3L KEZELI. \u00d6NNEK JOG\u00c1BAN \u00c1LL A HOZZ\u00c1J\u00c1RUL\u00c1S\u00c1T A TOV\u00c1BBIAKBAN B\u00c1RMIKOR&nbsp;AK\u00c1R POSTAI \u00daTON, AK\u00c1R ONLINE FORM\u00c1BAN B\u00c1RMIKOR VISSZAVONNI. A VISSZAVON\u00c1S&nbsp;NEM \u00c9RINTI AZ AZT MEGEL\u0150Z\u0150 ADATKEZEL\u00c9S JOGOSS\u00c1G\u00c1T. HOZZ\u00c1J\u00c1RUL\u00c1S\u00c1NAK&nbsp;VISSZAVON\u00c1SA ESET\u00c9N SZEM\u00c9LYES ADATAIT HALAD\u00c9KTALANUL T\u00d6R\u00d6LJ\u00dcK.<\/p>\n","protected":false},"excerpt":{"rendered":"<p>tev\u00e9kenys\u00e9geink M\u0170V\u00c9SZET Tudj meg t\u00f6bbet m\u0171v\u00e9szeti munk\u00e1nkr\u00f3l: alkot\u00f3folyamatok, residency program, m\u0171v\u00e9szeti projektek. OKTAT\u00c1S&nbsp; Itt olvashatsz tanfolyamokr\u00f3l, workshopokr\u00f3l, k\u00fclf\u00f6ldi oktat\u00e1si \u00f6szt\u00f6nd\u00edjakr\u00f3l, valamint tal\u00e1lsz linkeket tanulm\u00e1nyokhoz, cikkekhez oktat\u00f3 vide\u00f3khoz. SZOCI\u00c1LIS CIRKUSZ A szoci\u00e1lis cirkusz pedag\u00f3gi\u00e1j\u00e1t egyes\u00fclet\u00fcnk honos\u00edtotta meg haz\u00e1nkban. Csoportjainkr\u00f3l, akci\u00f3inkr\u00f3l \u00e9s mag\u00e1r\u00f3l a m\u00f3dszertanr\u00f3l lehet olvasni ebben a men\u00fcpontban.&nbsp; aktu\u00e1lis 2024. \u00e1prilis 15. K\u00f6z\u00f6ss\u00e9g\u00e9p\u00edt\u00e9s, Cirkuszpedag\u00f3giai c\u00e9lok, [&hellip;]<\/p>\n","protected":false},"author":1,"featured_media":0,"parent":0,"menu_order":0,"comment_status":"closed","ping_status":"closed","template":"","meta":{"footnotes":""},"class_list":["post-373","page","type-page","status-publish","hentry"],"_links":{"self":[{"href":"https:\/\/mokus.zsonglor.hu\/index.php\/wp-json\/wp\/v2\/pages\/373","targetHints":{"allow":["GET"]}}],"collection":[{"href":"https:\/\/mokus.zsonglor.hu\/index.php\/wp-json\/wp\/v2\/pages"}],"about":[{"href":"https:\/\/mokus.zsonglor.hu\/index.php\/wp-json\/wp\/v2\/types\/page"}],"author":[{"embeddable":true,"href":"https:\/\/mokus.zsonglor.hu\/index.php\/wp-json\/wp\/v2\/users\/1"}],"replies":[{"embeddable":true,"href":"https:\/\/mokus.zsonglor.hu\/index.php\/wp-json\/wp\/v2\/comments?post=373"}],"version-history":[{"count":0,"href":"https:\/\/mokus.zsonglor.hu\/index.php\/wp-json\/wp\/v2\/pages\/373\/revisions"}],"wp:attachment":[{"href":"https:\/\/mokus.zsonglor.hu\/index.php\/wp-json\/wp\/v2\/media?parent=373"}],"curies":[{"name":"wp","href":"https:\/\/api.w.org\/{rel}","templated":true}]}}