{"id":363,"date":"2025-01-21T14:15:18","date_gmt":"2025-01-21T14:15:18","guid":{"rendered":"https:\/\/www.zsonglor.hu\/oktatas"},"modified":"2025-01-21T14:15:18","modified_gmt":"2025-01-21T14:15:18","slug":"oktatas","status":"publish","type":"page","link":"https:\/\/mokus.zsonglor.hu\/index.php\/oktatas\/","title":{"rendered":"Oktat\u00e1s"},"content":{"rendered":"\n<h2 class=\"wp-block-heading\">&nbsp;oktat\u00e1s&nbsp;<\/h2>\n\n\n\nRibbon\n    \n        \n    \n\n\n\n\n<div class=\"wp-block-buttons is-layout-flex wp-block-buttons-is-layout-flex\">\n<div class=\"wp-block-button\"><a title=\"\u00f6szt\u00f6nd\u00edjak\" href=\"#comp-koctno64\" class=\"wp-block-button__link\">\u00f6szt\u00f6nd\u00edjak<\/a><\/div>\n<\/div>\n\n\n\nRibbon\n    \n        \n    \n\n\n\n\n<div class=\"wp-block-buttons is-layout-flex wp-block-buttons-is-layout-flex\">\n<div class=\"wp-block-button\"><a href=\"\/kepzesek\" class=\"wp-block-button__link\">k\u00e9pz\u00e9sek<\/a><\/div>\n<\/div>\n\n\n\nRibbon\n    \n        \n    \n\n\n\n\n<div class=\"wp-block-buttons is-layout-flex wp-block-buttons-is-layout-flex\">\n<div class=\"wp-block-button\"><a href=\"\/projektjeink\" class=\"wp-block-button__link\">projektek<\/a><\/div>\n<\/div>\n\n\n\nRibbon\n    \n        \n    \n\n\n\n\n<div class=\"wp-block-buttons is-layout-flex wp-block-buttons-is-layout-flex\">\n<div class=\"wp-block-button\"><a href=\"\/webinariumok\" class=\"wp-block-button__link\">webin\u00e1riumok<\/a><\/div>\n<\/div>\n\n\n\nRibbon\n    \n        \n    \n\n\n\n\n<div class=\"wp-block-buttons is-layout-flex wp-block-buttons-is-layout-flex\">\n<div class=\"wp-block-button\"><a href=\"\/tudastar\" class=\"wp-block-button__link\">tud\u00e1st\u00e1r<\/a><\/div>\n<\/div>\n\n\n\n<h2 class=\"wp-block-heading\">kor\u00e1bbi \u00f6szt\u00f6nd\u00edjak<\/h2>\n\n\n\n<div class=\"wp-block-columns is-layout-flex wp-container-core-columns-is-layout-28f84493 wp-block-columns-is-layout-flex\">\n<div class=\"wp-block-column is-layout-flow wp-block-column-is-layout-flow\">\n<p><strong>\u00d6szt\u00f6nd\u00edj a berlini KATAPULTBAN<\/strong><\/p>\n\n\n\n<p><strong>Germany 2020<\/strong><\/p>\n<\/div>\n\n\n\n<div class=\"wp-block-column is-layout-flow wp-block-column-is-layout-flow\">\n<p><strong>\u00d6szt\u00f6nd\u00edj a pr\u00e1gai CIRQUEONBAN<\/strong><\/p>\n\n\n\n<p><strong>Czech Republic 2020<\/strong><\/p>\n<\/div>\n\n\n\n<div class=\"wp-block-column is-layout-flow wp-block-column-is-layout-flow\">\n<p><strong>\u00d6szt\u00f6nd\u00edj<\/strong><strong> az olaszorsz\u00e1gi Vertigo cirkuszn\u00e1l<\/strong><\/p>\n\n\n\n<p><strong>Italy 2020<\/strong><\/p>\n<\/div>\n\n\n\n<div class=\"wp-block-column is-layout-flow wp-block-column-is-layout-flow\">\n<p><strong>Harmadik millenium elm\u00e9lete&nbsp;<\/strong><\/p>\n\n\n\n<p><strong>Italy 2019<\/strong><\/p>\n<\/div>\n<\/div>\n\n\n\n<div class=\"wp-block-columns is-layout-flex wp-container-core-columns-is-layout-28f84493 wp-block-columns-is-layout-flex\">\n<div class=\"wp-block-column is-layout-flow wp-block-column-is-layout-flow\">\n<p><strong>\u00d6szt\u00f6nd\u00edj a berlini KATAPULTBAN<\/strong><\/p>\n\n\n\n<p><strong>Germany 2019<\/strong><\/p>\n<\/div>\n\n\n\n<div class=\"wp-block-column is-layout-flow wp-block-column-is-layout-flow\">\n<p><strong>&nbsp;Parkour workshop<\/strong><\/p>\n\n\n\n<p><strong>Belgium<\/strong><\/p>\n\n\n\n<p><strong>2019<\/strong><\/p>\n<\/div>\n\n\n\n<div class=\"wp-block-column is-layout-flow wp-block-column-is-layout-flow\">\n<p><strong>Efficient way of evaluation&nbsp;<\/strong><\/p>\n\n\n\n<p><strong>Spain 2019<\/strong><\/p>\n<\/div>\n\n\n\n<div class=\"wp-block-column is-layout-flow wp-block-column-is-layout-flow\">\n<p><strong>Training for Youth Circus Trainers<\/strong><\/p>\n\n\n\n<p><strong>Ireland 2019<\/strong><\/p>\n<\/div>\n<\/div>\n\n\n\n<p><\/p>\n\n\n\n<h2 class=\"wp-block-heading\">oktat\u00e1si projektek<\/h2>\n\n\n\n<div class=\"wp-block-columns is-layout-flex wp-container-core-columns-is-layout-28f84493 wp-block-columns-is-layout-flex\">\n<div class=\"wp-block-column is-layout-flow wp-block-column-is-layout-flow\">\n<p><a><strong>Circollaborative tools 2016-2019<\/strong><\/a><\/p>\n<\/div>\n\n\n\n<div class=\"wp-block-column is-layout-flow wp-block-column-is-layout-flow\">\n<p><a><strong>CIRCE&nbsp;<\/strong><strong>2017-2019<\/strong><\/a><\/p>\n<\/div>\n\n\n\n<div class=\"wp-block-column is-layout-flow wp-block-column-is-layout-flow\">\n<p><a><strong>Circoncept 2019<\/strong><\/a><\/p>\n<\/div>\n\n\n\n<div class=\"wp-block-column is-layout-flow wp-block-column-is-layout-flow\">\n<p><a><strong>Kor\u00e1bbi projektek<\/strong><\/a><\/p>\n<\/div>\n<\/div>\n","protected":false},"excerpt":{"rendered":"<p>&nbsp;oktat\u00e1s&nbsp; Ribbon Ribbon Ribbon Ribbon Ribbon kor\u00e1bbi \u00f6szt\u00f6nd\u00edjak \u00d6szt\u00f6nd\u00edj a berlini KATAPULTBAN Germany 2020 \u00d6szt\u00f6nd\u00edj a pr\u00e1gai CIRQUEONBAN Czech Republic 2020 \u00d6szt\u00f6nd\u00edj az olaszorsz\u00e1gi Vertigo cirkuszn\u00e1l Italy 2020 Harmadik millenium elm\u00e9lete&nbsp; Italy 2019 \u00d6szt\u00f6nd\u00edj a berlini KATAPULTBAN Germany 2019 &nbsp;Parkour workshop Belgium 2019 Efficient way of evaluation&nbsp; Spain 2019 Training for Youth Circus Trainers Ireland [&hellip;]<\/p>\n","protected":false},"author":1,"featured_media":0,"parent":0,"menu_order":0,"comment_status":"closed","ping_status":"closed","template":"","meta":{"footnotes":""},"class_list":["post-363","page","type-page","status-publish","hentry"],"_links":{"self":[{"href":"https:\/\/mokus.zsonglor.hu\/index.php\/wp-json\/wp\/v2\/pages\/363","targetHints":{"allow":["GET"]}}],"collection":[{"href":"https:\/\/mokus.zsonglor.hu\/index.php\/wp-json\/wp\/v2\/pages"}],"about":[{"href":"https:\/\/mokus.zsonglor.hu\/index.php\/wp-json\/wp\/v2\/types\/page"}],"author":[{"embeddable":true,"href":"https:\/\/mokus.zsonglor.hu\/index.php\/wp-json\/wp\/v2\/users\/1"}],"replies":[{"embeddable":true,"href":"https:\/\/mokus.zsonglor.hu\/index.php\/wp-json\/wp\/v2\/comments?post=363"}],"version-history":[{"count":0,"href":"https:\/\/mokus.zsonglor.hu\/index.php\/wp-json\/wp\/v2\/pages\/363\/revisions"}],"wp:attachment":[{"href":"https:\/\/mokus.zsonglor.hu\/index.php\/wp-json\/wp\/v2\/media?parent=363"}],"curies":[{"name":"wp","href":"https:\/\/api.w.org\/{rel}","templated":true}]}}