{"id":353,"date":"2025-01-21T14:15:18","date_gmt":"2025-01-21T14:15:18","guid":{"rendered":"https:\/\/www.zsonglor.hu\/about-4"},"modified":"2025-01-21T14:15:18","modified_gmt":"2025-01-21T14:15:18","slug":"circus-act-nemzetkozi-szocialis-es-ifj","status":"publish","type":"page","link":"https:\/\/mokus.zsonglor.hu\/index.php\/circus-act-nemzetkozi-szocialis-es-ifj\/","title":{"rendered":"Circus Act &#8211; Nemzetk\u00f6zi szoci\u00e1lis \u00e9s ifj"},"content":{"rendered":"\n<h1 class=\"wp-block-heading\">Acerca de<\/h1>\n\n\n\n<div class=\"wp-block-group is-layout-flow wp-block-group-is-layout-flow\"><\/div>\n\n\n\n<h1 class=\"wp-block-heading\">Nemzetk\u00f6zi szoci\u00e1lis \u00e9s ifj\u00fas\u00e1gi cirkuszpedag\u00f3giai k\u00e9pz\u00e9s-Circus Act&nbsp;<\/h1>\n\n\n\n<p>Sz\u00edvesen megtanuln\u00e1d a szoci\u00e1lis cirkusz m\u00f3dszer\u00e9t?<\/p>\n\n\n\n<p>Sz\u00edvesen tartan\u00e1l gyerek \u00e9s ifj\u00fas\u00e1gi foglalkoz\u00e1sokat a szoci\u00e1lis cirkusz eszk\u00f6z\u00e9vel?<\/p>\n\n\n\n<p>A Magyar Zsongl\u0151r Egyes\u00fclet most olyan lelkes jelentkez\u0151ket v\u00e1r, akik meg szeretn\u00e9k tanulni az ifj\u00fas\u00e1gi \u00e9s szoci\u00e1lis cirkuszi m\u00f3dszer\u00e9t, majd kamatoztatni is szeretn\u00e9k megszerzett tud\u00e1sukat ifj\u00fas\u00e1gi csoportokkal.<\/p>\n\n\n\n<p>Amit k\u00edn\u00e1lunk:<\/p>\n\n\n\n<ul class=\"wp-block-list\"><li><strong>hozz\u00e1f\u00e9r\u00e9s egy online oktat\u00e1si anyaghoz,<\/strong> ami szoci\u00e1lis cirkusszal foglalkoz\u00f3 t\u00f6bb eur\u00f3pai szervezet tud\u00e1s\u00e1t egyes\u00edtve j\u00f6tt l\u00e9tre. A platform v\u00e9gigvezeti a tanul\u00f3t vide\u00f3k, sz\u00f6vegek \u00e9s interakt\u00edv gyakorlatok seg\u00edts\u00e9g\u00e9vel a szoci\u00e1lis \u00e9s ifj\u00fas\u00e1gi cirkuszi m\u00f3dszer alkalmaz\u00e1s\u00e1nak gyakorlati megval\u00f3s\u00edt\u00e1s\u00e1n az ifj\u00fas\u00e1gi munk\u00e1ban. (az anyag el\u00e9rhet\u0151 lesz magyar nyelven)&nbsp;<\/li><li><strong>6 \u00f3r\u00e1s online tr\u00e9ning<\/strong> 2023 \u00e1prilis 18 \u00e9s 21-\u00e9n, 6 orsz\u00e1g r\u00e9sztvev\u0151ivel, angol nyelven.<\/li><li><strong>T\u00edz napos gyakorlati tr\u00e9ning angol nyelven<\/strong> egy nemzetk\u00f6zi tr\u00e9nercsapat vezet\u00e9s\u00e9vel Szlov\u00e9ni\u00e1ban 2023 m\u00e1jus 6 \u00e9s 15 k\u00f6z\u00f6tt.<\/li><li>A tanultak kamatoztat\u00e1sa fizetett oktat\u00f3k\u00e9nt a Magyar Zsongl\u0151r Egyes\u00fclet cirkuszcsoportjaiban, t\u00e1boraiban 2023 nyar\u00e1n.<\/li><li>Ha a r\u00e9sztvev\u0151 rendelkezik saj\u00e1t ifj\u00fas\u00e1gi csoporttal, ahol haszn\u00e1ln\u00e1 az elsaj\u00e1t\u00edtott m\u00f3dszereket, lehet\u0151s\u00e9g van ennek finansz\u00edroz\u00e1s\u00e1ra is. &nbsp;<\/li><\/ul>\n\n\n\n<p>Amit elv\u00e1runk:<\/p>\n\n\n\n<ul class=\"wp-block-list\"><li>kommunik\u00e1ci\u00f3s szint\u0171 angol nyelvtud\u00e1s<\/li><li>az online \u00e9s a szem\u00e9lyes tr\u00e9ningen val\u00f3 marad\u00e9ktalan r\u00e9szv\u00e9tel. Ezeknek minden k\u00f6lts\u00e9g\u00e9t (utaz\u00e1s, sz\u00e1ll\u00e1s, ell\u00e1t\u00e1s) a projekt finansz\u00edrozza.<\/li><li>&nbsp;a tanultak gyakorlati haszn\u00e1lata vagy a Magyar Zsongl\u0151r Egyes\u00fclet valamelyik csoportj\u00e1ban vagy saj\u00e1t csoportban 2023 ny\u00e1r folyam\u00e1n.<\/li><li>motiv\u00e1ci\u00f3 szoci\u00e1lis \u00e9s ifj\u00fas\u00e1gi cirkuszi oktat\u00f3k\u00e9nt val\u00f3 munk\u00e1ra a j\u00f6v\u0151ben.<\/li><li>motiv\u00e1ci\u00f3 cirkuszi zs\u00e1nerek megtanul\u00e1s\u00e1ra, gyakorl\u00e1sra.<\/li><\/ul>\n\n\n\n<p>El\u0151ny, de nem elv\u00e1r\u00e1s a jelentkez\u00e9shez:<\/p>\n\n\n\n<ul class=\"wp-block-list\"><li>ifj\u00fas\u00e1gi vagy valamilyen pedag\u00f3giai munk\u00e1ban szervezett tapasztalat.<\/li><li>cirkuszm\u0171v\u00e9szetekben vagy sportban szerzett tapasztalat. El\u0151zetes cirkuszi ismeretek el\u0151nyt jelentek, de ennek teljes hi\u00e1nya sem kiz\u00e1r\u00f3 ok, mert a r\u00e9sztvev\u0151k a projekt eg\u00e9sze alatt kapnak seg\u00edts\u00e9get a technika megtanul\u00e1s\u00e1ra \u00e9s gyakorl\u00e1s\u00e1ra.<\/li><li>El\u0151nyt \u00e9lveznek tov\u00e1bb\u00e1 azok a jelentkez\u0151k, akik rendelkeznek olyan h\u00e1tr\u00e1nyos helyzet\u0171 fiatal (16-21 \u00e9ves) c\u00e9lcsoporttal, akik k\u00f6r\u00e9ben haszn\u00e1lni tudj\u00e1k a tanultakat.<\/li><\/ul>\n\n\n\n<p>A <a>Circus Act<\/a> projekt nemzetk\u00f6zi egy\u00fcttm\u0171k\u00f6d\u00e9sben az Erasmus+ t\u00e1mogat\u00e1s\u00e1val val\u00f3sul meg. K\u00e9rdezz, vagy jelentkezz motiv\u00e1ci\u00f3s lev\u00e9llel 2023.02.12-ig a <a>mitya.szabo@gmail.com<\/a> c\u00edmen Szab\u00f3 M\u00e1rtonn\u00e1l.<\/p>\n\n\n\n<p>Facebook:<a> A Cirkusz Mindenki\u00e9<\/a><\/p>\n\n\n\n<p>honlap:<a> zsonglor.hu<\/a><\/p>\n\n\n\n<p>Youtube: <a>Magyar Zsongl\u0151r Egyes\u00fclet<\/a><\/p>\n","protected":false},"excerpt":{"rendered":"<p>Acerca de Nemzetk\u00f6zi szoci\u00e1lis \u00e9s ifj\u00fas\u00e1gi cirkuszpedag\u00f3giai k\u00e9pz\u00e9s-Circus Act&nbsp; Sz\u00edvesen megtanuln\u00e1d a szoci\u00e1lis cirkusz m\u00f3dszer\u00e9t? Sz\u00edvesen tartan\u00e1l gyerek \u00e9s ifj\u00fas\u00e1gi foglalkoz\u00e1sokat a szoci\u00e1lis cirkusz eszk\u00f6z\u00e9vel? A Magyar Zsongl\u0151r Egyes\u00fclet most olyan lelkes jelentkez\u0151ket v\u00e1r, akik meg szeretn\u00e9k tanulni az ifj\u00fas\u00e1gi \u00e9s szoci\u00e1lis cirkuszi m\u00f3dszer\u00e9t, majd kamatoztatni is szeretn\u00e9k megszerzett tud\u00e1sukat ifj\u00fas\u00e1gi csoportokkal. Amit k\u00edn\u00e1lunk: hozz\u00e1f\u00e9r\u00e9s [&hellip;]<\/p>\n","protected":false},"author":1,"featured_media":0,"parent":0,"menu_order":0,"comment_status":"closed","ping_status":"closed","template":"","meta":{"footnotes":""},"class_list":["post-353","page","type-page","status-publish","hentry"],"_links":{"self":[{"href":"https:\/\/mokus.zsonglor.hu\/index.php\/wp-json\/wp\/v2\/pages\/353","targetHints":{"allow":["GET"]}}],"collection":[{"href":"https:\/\/mokus.zsonglor.hu\/index.php\/wp-json\/wp\/v2\/pages"}],"about":[{"href":"https:\/\/mokus.zsonglor.hu\/index.php\/wp-json\/wp\/v2\/types\/page"}],"author":[{"embeddable":true,"href":"https:\/\/mokus.zsonglor.hu\/index.php\/wp-json\/wp\/v2\/users\/1"}],"replies":[{"embeddable":true,"href":"https:\/\/mokus.zsonglor.hu\/index.php\/wp-json\/wp\/v2\/comments?post=353"}],"version-history":[{"count":0,"href":"https:\/\/mokus.zsonglor.hu\/index.php\/wp-json\/wp\/v2\/pages\/353\/revisions"}],"wp:attachment":[{"href":"https:\/\/mokus.zsonglor.hu\/index.php\/wp-json\/wp\/v2\/media?parent=353"}],"curies":[{"name":"wp","href":"https:\/\/api.w.org\/{rel}","templated":true}]}}