{"id":2123,"date":"2025-01-21T14:15:18","date_gmt":"2025-01-21T14:15:18","guid":{"rendered":"https:\/\/www.zsonglor.hu\/r\u00f3lunk"},"modified":"2025-01-21T14:15:18","modified_gmt":"2025-01-21T14:15:18","slug":"rolunk","status":"publish","type":"page","link":"https:\/\/mokus.zsonglor.hu\/index.php\/rolunk\/","title":{"rendered":"R\u00f3lunk"},"content":{"rendered":"\n<div class=\"wp-block-group is-layout-flow wp-block-group-is-layout-flow\">\n<h2 class=\"wp-block-heading\">&nbsp;r\u00f3lunk&nbsp;<\/h2>\n\n\n\nHalf%20Ribbon%20Straight\n    \n        \n    \n\n\n\n\n<div class=\"wp-block-buttons is-layout-flex wp-block-buttons-is-layout-flex\">\n<div class=\"wp-block-button\"><a title=\"t\u00f6rt\u00e9net\u00fcnk\" href=\"#comp-j2c7cujf\" class=\"wp-block-button__link\">t\u00f6rt\u00e9net\u00fcnk<\/a><\/div>\n<\/div>\n\n\n\nHalf%20Ribbon%20Straight\n    \n        \n    \n\n\n\n\n<div class=\"wp-block-buttons is-layout-flex wp-block-buttons-is-layout-flex\">\n<div class=\"wp-block-button\"><a title=\"csapatunk\" href=\"#comp-j2cb2ajs\" class=\"wp-block-button__link\">csapatunk<\/a><\/div>\n<\/div>\n\n\n\nHalf%20Ribbon%20Straight\n    \n        \n    \n\n\n\n\n<div class=\"wp-block-buttons is-layout-flex wp-block-buttons-is-layout-flex\">\n<div class=\"wp-block-button\"><a title=\"K\u00f6z\u00f6ss\u00e9g\" href=\"#comp-kno84wtn\" class=\"wp-block-button__link\">k\u00f6z\u00f6ss\u00e9g<\/a><\/div>\n<\/div>\n\n\n\nHalf%20Ribbon%20Straight\n    \n        \n    \n\n\n\n\n<div class=\"wp-block-buttons is-layout-flex wp-block-buttons-is-layout-flex\">\n<div class=\"wp-block-button\"><a href=\"\/muveszet\" class=\"wp-block-button__link\">m\u0171v\u00e9szeti tev\u00e9kenys\u00e9geink<\/a><\/div>\n<\/div>\n\n\n\nHalf%20Ribbon%20Straight\n    \n        \n    \n\n\n\n\n<div class=\"wp-block-buttons is-layout-flex wp-block-buttons-is-layout-flex\">\n<div class=\"wp-block-button\"><a href=\"\/szoci\u00e1lis-cirkusz\" class=\"wp-block-button__link\">szoci\u00e1lis cirkuszi tev\u00e9kenys\u00e9geink<\/a><\/div>\n<\/div>\n\n\n\nHalf%20Ribbon%20Straight\n    \n        \n    \n\n\n\n\n<div class=\"wp-block-buttons is-layout-flex wp-block-buttons-is-layout-flex\">\n<div class=\"wp-block-button\"><a href=\"\/oktatas\" class=\"wp-block-button__link\">oktat\u00e1si tev\u00e9kenys\u00e9geink<\/a><\/div>\n<\/div>\n\n\n\nHalf%20Ribbon%20Straight\n    \n        \n    \n\n\n\n\n<div class=\"wp-block-buttons is-layout-flex wp-block-buttons-is-layout-flex\">\n<div class=\"wp-block-button\"><a rel=\"noopener\" href=\"https:\/\/info496346.wixsite.com\/inspiral\" class=\"wp-block-button__link\">Inspir\u00e1l Cirkuszk\u00f6zpont<\/a><\/div>\n<\/div>\n\n\n\nHalf%20Ribbon%20Straight\n    \n        \n    \n\n\n\n\n<div class=\"wp-block-buttons is-layout-flex wp-block-buttons-is-layout-flex\">\n<div class=\"wp-block-button\"><a href=\"\/tamogatoink\" class=\"wp-block-button__link\">t\u00e1mogat\u00f3ink<\/a><\/div>\n<\/div>\n\n\n\nHalf%20Ribbon%20Straight\n    \n        \n    \n\n\n\n\n<div class=\"wp-block-buttons is-layout-flex wp-block-buttons-is-layout-flex\">\n<div class=\"wp-block-button\"><a href=\"\/partnereink\" class=\"wp-block-button__link\">partnereink<\/a><\/div>\n<\/div>\n<\/div>\n\n\n\n<p><\/p>\n\n\n\n<div class=\"wp-block-group is-layout-flow wp-block-group-is-layout-flow\">\n<p>A 2017-es kiadv\u00e1nyunk elmes\u00e9l 15 csod\u00e1t az Egyes\u00fclet 15 \u00e9v\u00e9b\u0151l. B\u00f6rt\u00f6ncirkusz, ifj\u00fas\u00e1gi csereprogramok, Zsongl\u0151rtal\u00e1lkoz\u00f3k, k\u00e9pz\u00e9sek&#8230; Olvass bele, ha k\u00edv\u00e1ncsi vagy milyen sz\u00ednesen telt a 2002-2017-es id\u0151szakunk.&nbsp;<\/p>\n<\/div>\n\n\n\n<h2 class=\"wp-block-heading\">t\u00f6rt\u00e9net\u00fcnk<\/h2>\n\n\n\n<p>Szervezet\u00fcnk, a Magyar Zsongl\u0151r Egyes\u00fclet 2000-ben alakult Budapesten, azzal a c\u00e9llal, hogy p\u00f3toljuk a szabadid\u0151s hobby zsongl\u0151rk\u00f6d\u00e9s hi\u00e1ny\u00e1t, \u00f6sszehozzuk a zsongl\u0151r\u00f6ket \u00e9s ez\u00e1ltal terjessz\u00fck a zsongl\u0151rk\u00f6d\u00e9st Magyarorsz\u00e1gon.<\/p>\n\n\n\n<p>Az Egyes\u00fclet 1999-ben tartotta els\u0151 alakul\u00f3 \u00fcl\u00e9s\u00e9t a kezd\u0151 eln\u00f6ks\u00e9g: Antal M\u00e1rta (eln\u00f6k-helyettes), Gallyas Veronika (titk\u00e1r) \u00e9s Csongr\u00e1di Csaba (eln\u00f6k) kezdem\u00e9nyez\u00e9s\u00e9re.&nbsp;<\/p>\n\n\n\n<p><strong>Alaptev\u00e9kenys\u00e9geink<\/strong><\/p>\n\n\n\n<p>Honlapot \u00e9s k\u00f6z\u00f6ss\u00e9gi oldalt tartunk fent, hogy seg\u00edts\u00fck az inform\u00e1ci\u00f3\u00e1raml\u00e1st a zsongl\u0151rk\u00f6d\u00e9s \u00e9s cirkusz t\u00e9m\u00e1j\u00e1ban.<\/p>\n\n\n\n<p>L\u00e9trehoztunk egy zsongl\u0151rj\u00e1t\u00e9kokat tartalmaz\u00f3 eszk\u00f6zparkot, amely 40-50 f\u0151 egyidej\u0171 sz\u00f3rakoztat\u00e1s\u00e1t, k\u00f6z\u00f6s j\u00e1t\u00e9k\u00e1t teszi lehet\u0151v\u00e9. Az eszk\u00f6zpark a tagok sz\u00e1m\u00e1ra el\u00e9rhet\u0151 \u00e9s k\u00f6lcs\u00f6n\u00f6zhet\u0151 eseti j\u00e1tsz\u00f3h\u00e1zak m\u0171k\u00f6dtet\u00e9s\u00e9hez.<\/p>\n\n\n\n<p>K\u00f6z\u00f6ss\u00e9gi esem\u00e9nyeket: hetenk\u00e9nti klubnapokat, t\u00f6bbnapos orsz\u00e1gos zsongl\u0151rtal\u00e1lkoz\u00f3kat s egy\u00e9b esem\u00e9nyket, pl. nyitott sz\u00ednpadot, zsongl\u0151rfarsangot, zsongl\u0151rkar\u00e1csonyt szervez\u00fcnk.&nbsp;<\/p>\n\n\n\n<p><strong>Nemzetk\u00f6zi kapcsolatok \u00e9s tal\u00e1lkoz\u00f3k<\/strong><\/p>\n\n\n\n<p>Mint int\u00e9zm\u00e9ny, hangs\u00falyt helyez\u00fcnk a hat\u00e1rainkon t\u00fali kapcsolatok \u00e9p\u00edt\u00e9s\u00e9re \u00e9s a megl\u00e9v\u0151 bar\u00e1ts\u00e1gok m\u00e9ly\u00edt\u00e9s\u00e9re. Kapcsolatot tartunk az Eur\u00f3pai Zsongl\u0151r Sz\u00f6vets\u00e9ggel.<\/p>\n\n\n\n<p>Sz\u00e1mos nemzetk\u00f6zi projektet bonyol\u00edtottunk le az \u00e9vek sor\u00e1n : r\u00e9sztvev\u0151k\u00e9nt utaztunk k\u00fclf\u00f6ldre \u00e9s Magyarorsz\u00e1gon l\u00e1ttunk vend\u00e9g\u00fcl Eur\u00f3pa \u00e9s vil\u00e1g k\u00fcl\u00f6nb\u00f6z\u0151 t\u00e1j\u00e1r\u00f3l \u00e9rkez\u0151 zsongl\u0151r\u00f6ket.<\/p>\n\n\n\n<p>T\u00f6bb Nemzetk\u00f6zi Zsongl\u0151r Tal\u00e1lkoz\u00f3ra ker\u00fclt sor Magyarorsz\u00e1gon \u2013 szerencs\u00e9re nem kiz\u00e1r\u00f3lag az Egyes\u00fclet szervez\u00e9s\u00e9ben \u2013 emellett egyre t\u00f6bb magyar zsongl\u0151r bukkan fel a k\u00fclf\u00f6ldi zsongl\u0151r-\u00f6sszej\u00f6veteleken, convention-\u00f6k\u00f6n is, melyekr\u0151l h\u00edrt adunk.<\/p>\n\n\n\n<p><strong>\u00c9rt\u00e9krend\u00fcnk<\/strong><\/p>\n\n\n\n<p>Legfontosabb k\u00fcldet\u00e9s\u00fcnk a k\u00f6z\u00f6ss\u00e9gi \u00e9rt\u00e9kek fenntart\u00e1sa \u00e9s a zsongl\u0151rk\u00f6d\u00e9s szellem\u00e9nek gondoz\u00e1sa, a j\u00e1t\u00e9k \u00f6r\u00f6m\u00e9nek terjeszt\u00e9se. Sz\u00e1mos program \u00e9s lehet\u0151s\u00e9g ez\u00e9rt a nem-regisztr\u00e1lt tagok sz\u00e1m\u00e1ra is nyitott.<\/p>\n\n\n\n<p>Szoci\u00e1lis cirkuszi tev\u00e9kenys\u00e9get is folytatunk, kutatjuk \u00e9s pr\u00f3b\u00e1lgatjuk a m\u00f3dszereit. Ennek \u00e9rdek\u00e9ben hazai int\u00e9zm\u00e9nyekkel \u00e9s nemzetk\u00f6zi partnerszervezetekkel m\u0171k\u00f6d\u00fcnk egy\u00fctt. T\u00f6bb alkalommal bemutat\u00f3kat \u00e9s csoportos foglalkoz\u00e1sokat tartottunk k\u00e9szs\u00e9gfejleszt\u0151 \u00e9s csoportter\u00e1pi\u00e1s c\u00e9llal menhelyen, gyermekotthonban, testi \u00e9s \u00e9rtelmi fogyat\u00e9kosok sz\u00e1m\u00e1ra.<\/p>\n\n\n\n<p>Az oktat\u00e1s ter\u00fclet\u00e9n is jelesked\u00fcnk: az \u00e9vek sor\u00e1n sz\u00e1mos egynapos j\u00e1tsz\u00f3h\u00e1zat illetve t\u00f6bbalkalmas tanfolyamot vezettek le oktat\u00f3ink. 2003-2007 k\u00f6z\u00f6tt az Egyes\u00fclet deleg\u00e1lta a zsongl\u0151rtan\u00e1rokat az Alternat\u00edv Cirkusziskola sz\u00e1m\u00e1ra.<\/p>\n\n\n\n<p><strong>Zsongl\u0151r \u00e9s cirkuszesem\u00e9nyek, workshopok<\/strong><\/p>\n\n\n\n<p>K\u00fclf\u00f6ldi \u00e9s magyar tr\u00e9nerek k\u00f6zrem\u0171k\u00e9s\u00e9vel workshopokat, \u00f6nk\u00e9pz\u0151 foglalkoz\u00e1sokat szervez\u00fcnk. Nyitottak vagyunk minden olyan esem\u00e9ny \u00e9s rendezv\u00e9ny fel\u00e9, ahol bemutathatjuk a j\u00e1t\u00e9kokat.<br><br>T\u00e1j\u00e9koz\u00f3dunk \u00e9s h\u00edrt adunk zsongl\u0151resem\u00e9nyekr\u0151l, hogy tagjaink illetve a magyar zsongl\u0151r\u00f6k r\u00e9szt vehessenek azokon.<\/p>\n\n\n\n<p>V\u00e1llaljuk t\u00e1borok vagy tanfolyamok szervez\u00e9s\u00e9t, illetve kieg\u00e9sz\u00edt\u0151 sport- sz\u00f3rakoz\u00e1sk\u00e9nt sz\u00edvesen bekapcsol\u00f3dunk iskolai- vagy m\u00e1s t\u00e1borok programj\u00e1ba. Az ilyen foglalkoz\u00e1sok c\u00e9lja agyakorl\u00e1s, k\u00f6z\u00f6s tanul\u00e1s, b\u00e1rmely \u00fcgyess\u00e9gi vagy zsongl\u0151r j\u00e1t\u00e9kkal.<\/p>\n\n\n\n<p><em>Minden alkalmat kihaszn\u00e1lunk, hogy megmozgassuk az embereket \u00e9s bevonjuk \u0151ket a j\u00e1t\u00e9kba!<\/em><\/p>\n\n\n\n<p><em><\/em><\/p>\n\n\n\n<p><em>A Magyar Zsongl\u0151r Egyes\u00fclet az Erasmus+ oktat\u00e1si p\u00e1ly\u00e1zatok keret\u00e9ben kapott t\u00e1mogat\u00e1sai \u00e1ltal a 2017 \u00e9vi LXXVI. t\u00f6rv\u00e9ny \u00e9rtelm\u00e9ben k\u00fclf\u00f6ldr\u0151l t\u00e1mogatott szervezetnek min\u0151s\u00fcl.<\/em><\/p>\n\n\n\n<h2 class=\"wp-block-heading\">csapatunk<\/h2>\n\n\n\n<figure class=\"wp-block-gallery columns-3 is-cropped wp-block-gallery-1 is-layout-flex wp-block-gallery-is-layout-flex\"><ul class=\"blocks-gallery-grid\"><li class=\"blocks-gallery-item\"><figure><img decoding=\"async\" class=\"wp-image-277\" data-id=\"277\" alt=\"\" src=\"https:\/\/inspiral89.wordpress.com\/wp-content\/uploads\/2025\/01\/f1c83-cfa170_8595dccd4d8e47259498448f0f5dd332mv2.jpg\"><figcaption class=\"blocks-gallery-item__caption\">Zsongl\u0151r\u00f6ket karbantart\u00f3 k\u00f6zmunk\u00e1s<\/figcaption><\/figure><\/li><li class=\"blocks-gallery-item\"><figure><img decoding=\"async\" class=\"wp-image-278\" data-id=\"278\" alt=\"\" src=\"https:\/\/inspiral89.wordpress.com\/wp-content\/uploads\/2025\/01\/b6701-cfa170_c2130240a55a47fe94036f2bf9804e4dmv2.jpg\"><figcaption class=\"blocks-gallery-item__caption\">Inspir\u00e1l programszervez\u0151<\/figcaption><\/figure><\/li><li class=\"blocks-gallery-item\"><figure><img decoding=\"async\" class=\"wp-image-279\" data-id=\"279\" alt=\"\" src=\"https:\/\/inspiral89.wordpress.com\/wp-content\/uploads\/2025\/01\/8cde2-cfa170_d9f746bcf79140ada07d2bf682babf7fmv2.jpg\"><figcaption class=\"blocks-gallery-item__caption\">Zsongl\u0151rtal\u00e1lkoz\u00f3 szervez\u0151<\/figcaption><\/figure><\/li><li class=\"blocks-gallery-item\"><figure><img decoding=\"async\" class=\"wp-image-280\" data-id=\"280\" alt=\"\" src=\"https:\/\/inspiral89.wordpress.com\/wp-content\/uploads\/2025\/01\/58fd1-cfa170_0f4d629240ee4936a8ec9fa13ae736famv2_d_3024_4032_s_4_2.jpg\"><figcaption class=\"blocks-gallery-item__caption\">kommunik\u00e1ci\u00f3, marketing<\/figcaption><\/figure><\/li><li class=\"blocks-gallery-item\"><figure><img decoding=\"async\" class=\"wp-image-281\" data-id=\"281\" alt=\"\" src=\"https:\/\/inspiral89.wordpress.com\/wp-content\/uploads\/2025\/01\/6dcfa-cfa170_69825157551946e08146f2ea47ff231dmv2_d_3024_4032_s_4_2.jpg\"><figcaption class=\"blocks-gallery-item__caption\">Magyar Zsongl\u0151r Egyes\u00fclet alap\u00edt\u00f3, Inspir\u00e1l alap\u00edt\u00f3<\/figcaption><\/figure><\/li><li class=\"blocks-gallery-item\"><figure><img decoding=\"async\" class=\"wp-image-282\" data-id=\"282\" alt=\"\" src=\"https:\/\/inspiral89.wordpress.com\/wp-content\/uploads\/2025\/01\/aa9ac-cfa170_2612fe3c2c8c4dc7901dfbf13cdb2bf2mv2_d_3024_4032_s_4_2.jpg\"><figcaption class=\"blocks-gallery-item__caption\">recepci\u00f3<\/figcaption><\/figure><\/li><li class=\"blocks-gallery-item\"><figure><img decoding=\"async\" class=\"wp-image-283\" data-id=\"283\" alt=\"\" src=\"https:\/\/inspiral89.wordpress.com\/wp-content\/uploads\/2025\/01\/ed512-cfa170_0e5e8f5fb8b4459d868c384a3c026f28mv2_d_3024_4032_s_4_2.jpg\"><figcaption class=\"blocks-gallery-item__caption\">szoci\u00e1lis cirkusz \u00e9s gyerek programok<\/figcaption><\/figure><\/li><\/ul><\/figure>\n\n\n\n<div class=\"wp-block-group is-layout-flow wp-block-group-is-layout-flow\"><\/div>\n\n\n\n<h2 class=\"wp-block-heading\">Sokan &nbsp;vagyunk, a t\u00f6bbiek m\u00e9g fot\u00f3znak, hamarosan t\u00f6ltj\u00fck a k\u00e9peket!&nbsp;<\/h2>\n\n\n\n<p><\/p>\n\n\n\n<p><\/p>\n\n\n\n<h2 class=\"wp-block-heading\">k\u00f6z\u00f6ss\u00e9g<\/h2>\n\n\n\n<p>Fontos sz\u00e1munkra a hazai \u00e9s nemzetk\u00f6zi zsongl\u0151rk\u00f6z\u00f6ss\u00e9g \u00e9p\u00edt\u00e9se, lehet\u0151s\u00e9gek biztos\u00edt\u00e1sa a zsongl\u0151r\u00f6knek arra, hogy megismerj\u00e9k egym\u00e1st, k\u00f6z\u00f6s gyakorl\u00e1ssal fejl\u0151djenek.&nbsp;<\/p>\n\n\n\n<h4 class=\"wp-block-heading\">\u00d6nk\u00e9ntess\u00e9g<\/h4>\n\n\n\n<p>L\u00e9gy r\u00e9sze akt\u00edvan a csapatunk munk\u00e1j\u00e1nak<\/p>\n\n\n\n<p><\/p>\n\n\n\n<h2 class=\"wp-block-heading\">t\u00e1mogat\u00f3ink<\/h2>\n\n\n\n<div class=\"wp-block-group is-layout-flow wp-block-group-is-layout-flow\">\n<p><strong>MOL<\/strong><\/p>\n\n\n\n<p><strong>Gyermekgy\u00f3gy\u00edt\u00f3 Program<\/strong><\/p>\n\n\n\n<p><strong>Nemzeti<\/strong><\/p>\n\n\n\n<p><strong>Kultur\u00e1lis<\/strong><\/p>\n\n\n\n<p><strong>Alap<\/strong><\/p>\n\n\n\n<p><strong>ERASMUS +<\/strong><\/p>\n\n\n\n<p><strong>Norv\u00e9g<\/strong><\/p>\n\n\n\n<p><strong>Alap<\/strong><\/p>\n\n\n\n<p><strong>Nemzeti<\/strong><\/p>\n\n\n\n<p><strong>Egy\u00fcttm\u0171k\u00f6d\u00e9si<\/strong><\/p>\n\n\n\n<p><strong>Alap<\/strong><\/p>\n\n\n\n<div class=\"wp-block-columns is-layout-flex wp-container-core-columns-is-layout-28f84493 wp-block-columns-is-layout-flex\">\n<div class=\"wp-block-column is-layout-flow wp-block-column-is-layout-flow\"><\/div>\n\n\n\n<div class=\"wp-block-column is-layout-flow wp-block-column-is-layout-flow\"><\/div>\n\n\n\n<div class=\"wp-block-column is-layout-flow wp-block-column-is-layout-flow\"><\/div>\n\n\n\n<div class=\"wp-block-column is-layout-flow wp-block-column-is-layout-flow\"><\/div>\n\n\n\n<div class=\"wp-block-column is-layout-flow wp-block-column-is-layout-flow\"><\/div>\n<\/div>\n\n\n\n<p>Pesterzs\u00e9beti cirkuszcsoportunkat a MOL Gyermekgy\u00f3gy\u00edt\u00f3 Program t\u00e1mogatja.&nbsp;<\/p>\n\n\n\n<p>K\u00f6sz\u00f6nj\u00fck az NKA t\u00e1mogat\u00e1s\u00e1t, melyet a hazai szoci\u00e1lis cirkuszi m\u00f3dszertani munka fejleszt\u00e9s\u00e9hez haszn\u00e1ltunk fel.<\/p>\n\n\n\n<p>A legt\u00f6bb nemzetk\u00f6zi projekt\u00fcnk&nbsp; az Erasmus+ program keret\u00e9ben val\u00f3sulnak meg. K\u00f6sz\u00f6ntj\u00fck a t\u00e1mogat\u00e1st!<\/p>\n\n\n\n<p>Szoci\u00e1lis cirkuszi munk\u00e1nkat a Norv\u00e9g Alap is t\u00e1mogatja. K\u00f6sz\u00f6nj\u00fck a t\u00e1mogat\u00e1st!<\/p>\n\n\n\n<p>K\u00f6sz\u00f6nj\u00fck a Nemzeti Egy\u00fcttm\u0171k\u00f6d\u00e9si Alapnak a &nbsp;t\u00e1mogat\u00e1st!<\/p>\n<\/div>\n","protected":false},"excerpt":{"rendered":"<p>&nbsp;r\u00f3lunk&nbsp; Half%20Ribbon%20Straight Half%20Ribbon%20Straight Half%20Ribbon%20Straight Half%20Ribbon%20Straight Half%20Ribbon%20Straight Half%20Ribbon%20Straight Half%20Ribbon%20Straight Half%20Ribbon%20Straight Half%20Ribbon%20Straight A 2017-es kiadv\u00e1nyunk elmes\u00e9l 15 csod\u00e1t az Egyes\u00fclet 15 \u00e9v\u00e9b\u0151l. B\u00f6rt\u00f6ncirkusz, ifj\u00fas\u00e1gi csereprogramok, Zsongl\u0151rtal\u00e1lkoz\u00f3k, k\u00e9pz\u00e9sek&#8230; Olvass bele, ha k\u00edv\u00e1ncsi vagy milyen sz\u00ednesen telt a 2002-2017-es id\u0151szakunk.&nbsp; t\u00f6rt\u00e9net\u00fcnk Szervezet\u00fcnk, a Magyar Zsongl\u0151r Egyes\u00fclet 2000-ben alakult Budapesten, azzal a c\u00e9llal, hogy p\u00f3toljuk a szabadid\u0151s hobby zsongl\u0151rk\u00f6d\u00e9s hi\u00e1ny\u00e1t, [&hellip;]<\/p>\n","protected":false},"author":1,"featured_media":0,"parent":0,"menu_order":0,"comment_status":"closed","ping_status":"closed","template":"","meta":{"footnotes":""},"class_list":["post-2123","page","type-page","status-publish","hentry"],"_links":{"self":[{"href":"https:\/\/mokus.zsonglor.hu\/index.php\/wp-json\/wp\/v2\/pages\/2123","targetHints":{"allow":["GET"]}}],"collection":[{"href":"https:\/\/mokus.zsonglor.hu\/index.php\/wp-json\/wp\/v2\/pages"}],"about":[{"href":"https:\/\/mokus.zsonglor.hu\/index.php\/wp-json\/wp\/v2\/types\/page"}],"author":[{"embeddable":true,"href":"https:\/\/mokus.zsonglor.hu\/index.php\/wp-json\/wp\/v2\/users\/1"}],"replies":[{"embeddable":true,"href":"https:\/\/mokus.zsonglor.hu\/index.php\/wp-json\/wp\/v2\/comments?post=2123"}],"version-history":[{"count":0,"href":"https:\/\/mokus.zsonglor.hu\/index.php\/wp-json\/wp\/v2\/pages\/2123\/revisions"}],"wp:attachment":[{"href":"https:\/\/mokus.zsonglor.hu\/index.php\/wp-json\/wp\/v2\/media?parent=2123"}],"curies":[{"name":"wp","href":"https:\/\/api.w.org\/{rel}","templated":true}]}}