{"id":2063,"date":"2025-01-21T14:15:18","date_gmt":"2025-01-21T14:15:18","guid":{"rendered":"https:\/\/www.zsonglor.hu\/osztondij"},"modified":"2025-01-21T14:15:18","modified_gmt":"2025-01-21T14:15:18","slug":"osztondijak","status":"publish","type":"page","link":"https:\/\/mokus.zsonglor.hu\/index.php\/osztondijak\/","title":{"rendered":"\u00d6szt\u00f6nd\u00edjak"},"content":{"rendered":"\n<h1 class=\"wp-block-heading\">\u00d6szt\u00f6nd\u00edjak<\/h1>\n\n\n\n<p><strong>\u00d6szt\u00f6nd\u00edj felh\u00edv\u00e1sok 2024<\/strong><\/p>\n\n\n\n<p><strong><\/strong><\/p>\n\n\n\n<p>Az \u00d6szt\u00f6nd\u00edj tartalmazza az utaz\u00e1s, meg\u00e9lhet\u00e9s \u00e9s a szakmai programok k\u00f6lts\u00e9geit. Korhat\u00e1r nincs.&nbsp;<\/p>\n\n\n\n<p>ide\u00e1lis jelentkez\u0151:&nbsp;<\/p>\n\n\n\n<p>\u00b7&nbsp; &nbsp; &nbsp; &nbsp; minimum t\u00e1rsalg\u00e1si szint\u0171 nyelvismeret angolul&nbsp;<\/p>\n\n\n\n<p>\u00b7&nbsp; &nbsp; &nbsp; &nbsp; akt\u00edv r\u00e9szv\u00e9tel a programok sor\u00e1n<\/p>\n\n\n\n<p>\u00b7&nbsp; &nbsp; &nbsp; &nbsp; el\u0151ny, de nem k\u00f6vetelm\u00e9ny: MZSE tag, Inspir\u00e1l tag<\/p>\n\n\n\n<p>\u00b7&nbsp; &nbsp; &nbsp; &nbsp; zsongl\u0151r, cirkuszi gyakorl\u00f3, vagy cirkuszi hobbit \u0171z\u0151, profi artista<\/p>\n\n\n\n<p>jelentkez\u00e9s m\u00f3dja:&nbsp;<\/p>\n\n\n\n<p>-Motiv\u00e1ci\u00f3s lev\u00e9l az <a>info@zsonglor.hu<\/a>&nbsp; email c\u00edm\u00e9re, melyben bemutatod magadat \u00e9s cirkuszi tud\u00e1sodat, valamint a kiutaz\u00e1ssal kapcsolatos motiv\u00e1ci\u00f3dat. Fontos, hogy a lev\u00e9l tartalmazza azt is, hogyan hasznos\u00edtan\u00e1d a tanultakat a Magyar Zsongl\u0151r Egyes\u00fcleten \u00e9s az Inspir\u00e1l Cirkuszk\u00f6zponton bel\u00fcl a j\u00f6v\u0151ben.<\/p>\n\n\n\n<p>felt\u00e9telek:<\/p>\n\n\n\n<p>-szerz\u0151d\u00e9sk\u00f6t\u00e9s&nbsp;<\/p>\n\n\n\n<p>-social m\u00e9di\u00e1ban posztol\u00e1s<\/p>\n\n\n\n<p>-besz\u00e1mol\u00f3 online \u00e9s gyakorlati workshop form\u00e1j\u00e1ban<\/p>\n\n\n\n<p><\/p>\n\n\n\n<p><\/p>\n\n\n\n<p><strong>Mojo de Ca\u00f1a- C\u00f3rdoba, Spanyolorsz\u00e1g&nbsp;<\/strong><\/p>\n\n\n\n<p>Megp\u00e1ly\u00e1zhat\u00f3 helyek sz\u00e1ma: 3f\u0151<\/p>\n\n\n\n<p>d\u00e1tum: 2024. \u00e1prilis 16-21.<\/p>\n\n\n\n<p>jelentkez\u00e9si hat\u00e1rid\u0151: 2024 febru\u00e1r 19.<\/p>\n\n\n\n<p>fels\u0151 korhat\u00e1r nincs&nbsp;<\/p>\n\n\n\n<p>Szoci\u00e1lis cirkusz ir\u00e1nt kifejezetten \u00e9rdekl\u0151d\u0151k, \u00e9s\/vagy ifj\u00fas\u00e1gi ter\u00fcleten tapasztalattal rendelkez\u0151k jelentkez\u00e9s\u00e9t v\u00e1rjuk.<\/p>\n\n\n\n<p>f\u0151 f\u00f3kuszban:&nbsp; -workshopok tart\u00e1sa csoportoknak (k\u00fcl\u00f6nb\u00f6z\u0151 k\u00e9pess\u00e9g\u0171 feln\u0151ttek, gyerekek, menek\u00fcltek stb&#8230;)<\/p>\n\n\n\n<p>&nbsp; &nbsp; &nbsp; &nbsp; &nbsp; &nbsp; &nbsp; &nbsp; &nbsp; &nbsp; &nbsp; &nbsp; &nbsp; &nbsp; &nbsp;-nemzetk\u00f6zi p\u00e1rbesz\u00e9d \u00e9s tanul\u00e1s<\/p>\n\n\n\n<p>&nbsp; &nbsp; &nbsp; &nbsp; &nbsp; &nbsp; &nbsp; &nbsp; &nbsp; &nbsp; &nbsp; &nbsp; &nbsp; &nbsp; &nbsp;-alkot\u00e1si folyamat \u00e9s a projektet lez\u00e1r\u00f3 el\u0151ad\u00e1s<\/p>\n\n\n\n<p><a><strong>B\u0151vebb inform\u00e1ci\u00f3<\/strong><\/a><\/p>\n\n\n\n<p><strong><\/strong><\/p>\n\n\n\n<p><strong>Zal\u00adtim\u00adbanq&#8217; Zirkus, Luxemburg<\/strong><\/p>\n\n\n\n<p>3 f\u0151<\/p>\n\n\n\n<p>d\u00e1tum: 2024. m\u00e1rcius 4-24.&nbsp;<\/p>\n\n\n\n<p>utaz\u00e1si napok: m\u00e1rcius 3., 25.&nbsp;<\/p>\n\n\n\n<figure class=\"wp-block-embed\"><div class=\"wp-block-embed__wrapper\">\nhttps:\/\/www.facebook.com\/zaltimbanqzirkus\n<\/div><\/figure>\n\n\n\n<p>H\u00e1rom hetes oktat\u00f3i tapasztalatszerz\u00e9s, f\u0151 f\u00f3kuszban:&nbsp; \u00f3r\u00e1k tart\u00e1sa, job shadowing, technikai gyakorl\u00e1s \u00e9s fejl\u0151d\u00e9s<\/p>\n\n\n\n<p><\/p>\n\n\n\n<p>#####<\/p>\n\n\n\n<p><br><strong>Katapult, Berlin&nbsp;<\/strong><\/p>\n\n\n\n<p><br>7 napos kiutaz\u00e1sra lehet menni a Katapultba. A linken meg tudj\u00e1tok n\u00e9zni milyen workshopokon lehet r\u00e9szt venni. A k\u00f6vetkez\u0151 egy-k\u00e9t h\u00f3napban friss\u00fclnek az inf\u00f3k az oldalukon:<br><a>https:\/\/katapultberlin.skedda.com\/booking?viewdate=2024-02-05&amp;viewend=2024-03-14&amp;viewtype=3<\/a><\/p>\n\n\n\n<p><br>#####<\/p>\n\n\n\n<p><br><strong><a>N.A.To<\/a>\u02c7#4 \u2013 Nose Assembly for Tomorrow\u02c7, B\u00e9cs<\/strong><br>d\u00e1tum: 2024. \u00e1prilis 3-7.<\/p>\n\n\n\n<p><\/p>\n\n\n\n<p>\u00daj Erasmusos projekt, aminek most b\u00e9csi partner\u00fcnk ad otthont a <a>TdU Wien<\/a>. A k\u00e9pz\u00e9s t\u00e9m\u00e1ja: &#8220;Queering Spaces through Clowning&#8221;.&nbsp;<\/p>\n\n\n\n<p>Workshopok:<\/p>\n\n\n\n<p>&nbsp;-Theater of the Oppressed b\u00e9csi oktat\u00f3i k\u00e9szs\u00e9gek, m\u00f3dszerek fejleszt\u00e9se<\/p>\n\n\n\n<p>-Leo Hosp- \u201cqueer\u201d \u00e9s \u201cqueering\u201d kifejez\u00e9seket, gyakorlatokat \u00f6tv\u00f6zi a boh\u00f3ctechnik\u00e1n kereszt\u00fcl, -\u00c1d\u00e1m Anna- er\u0151szakmentes konfront\u00e1ci\u00f3, k\u00f6z\u00f6ss\u00e9gi gyakorlatok (https:\/\/www.schoolofdisobedience.org\/ )<\/p>\n\n\n\n<p><\/p>\n\n\n\n<p><\/p>\n\n\n\n<p><\/p>\n\n\n\n<p><\/p>\n\n\n\n<p>####<\/p>\n\n\n\n<p><\/p>\n\n\n\n<p><\/p>\n\n\n\n<p><\/p>\n\n\n\n<p>2023<\/p>\n\n\n\n<p><\/p>\n\n\n\n<p><strong>P\u00e1ly\u00e1zati felh\u00edv\u00e1s ifj\u00fas\u00e1gi cser\u00e9n val\u00f3 r\u00e9szv\u00e9telre!&nbsp;<\/strong><\/p>\n\n\n\n<p>\u2018Circus Theater for Inclusion\u2019 &#8211; Horv\u00e1torsz\u00e1g, Ludbreg \u00e1prilis 17-24&nbsp;<\/p>\n\n\n\n<p>M\u00e1rcius 25-ig v\u00e1rjuk 6 f\u0151 zsongl\u0151r vagy cirkusszal foglalkoz\u00f3(hobbi, gyakorl\u00f3,profi) jelentkez\u00e9s\u00e9t a k\u00f6vetkez\u0151 ifj\u00fas\u00e1gi cser\u00e9n val\u00f3 r\u00e9szv\u00e9telre.<\/p>\n\n\n\n<p><strong>Hasznos inf\u00f3k:&nbsp;<\/strong><\/p>\n\n\n\n<ul class=\"wp-block-list\"><li>utaz\u00e1si napok: \u00e1prilis 16., 25.<\/li><li>6 f\u0151 18-30 \u00e9v<\/li><\/ul>\n\n\n\n<p>tov\u00e1bbi inf\u00f3k az angol nyelv\u0171 anyagban&nbsp;<\/p>\n\n\n\n<p><strong>ide\u00e1lis jelentkez\u0151:&nbsp;<\/strong><\/p>\n\n\n\n<ul class=\"wp-block-list\"><li>minimum t\u00e1rsalg\u00e1si szint\u0171 nyelvismeret az adott orsz\u00e1g nyelv\u00e9n vagy angolul<\/li><li>akt\u00edv r\u00e9szv\u00e9tel a programok sor\u00e1n<\/li><li>el\u0151ny, de nem k\u00f6vetelm\u00e9ny: MZSE tag, Inspir\u00e1l tag<\/li><li>zsongl\u0151r, cirkuszi gyakorl\u00f3, vagy cirkuszi hobbit \u0171z\u0151, profi r\u00e9sztvev\u0151, mivel a projekt v\u00e9g\u00e9n egy el\u0151ad\u00e1s k\u00e9sz\u00fcl&nbsp;<\/li><\/ul>\n\n\n\n<p><strong>jelentkez\u00e9s m\u00f3dja:&nbsp;<\/strong><\/p>\n\n\n\n<p>&#8211; Motiv\u00e1ci\u00f3s lev\u00e9l, melyben bemutatod magadat \u00e9s cirkuszi tud\u00e1sodat, valamint a kiutaz\u00e1ssal kapcsolatos motiv\u00e1ci\u00f3dat. Fontos, hogy a lev\u00e9l tartalmazza azt is, hogyan hasznos\u00edtan\u00e1d a tanultakat a Magyar Zsongl\u0151r Egyes\u00fcleten \u00e9s az Inspir\u00e1l Cirkuszk\u00f6zponton bel\u00fcl a j\u00f6v\u0151ben<\/p>\n\n\n\n<figure class=\"wp-block-embed\"><div class=\"wp-block-embed__wrapper\">\nhttps:\/\/docs.google.com\/forms\/d\/e\/1FAIpQLSctCplxV40LWcWaG9JJQ5KZZuPAaBIp9YiRPCiFGzX87S9koQ\/viewform?usp=sharing\n<\/div><\/figure>\n\n\n\n<p><strong>partnerek:<\/strong>&nbsp;HEureka-Lengyelorsz\u00e1g, MT\u00dcJoinest-\u00c9sztorsz\u00e1g, Hung, Mojo de Ca\u00f1a-Spanyolorsz\u00e1g, LUMEN-Horv\u00e1tosz\u00e1g, Hungarian Juggling Association- Magyarorsz\u00e1g<\/p>\n\n\n\n<p>Youth Exchange Circus Theater for inclusion in Ludbreg,Croatia 17-24 April.<\/p>\n\n\n\n<p>&nbsp; Activities:<\/p>\n\n\n\n<p>-teambuilding exploring circus and theater as tools for social inclusion<\/p>\n\n\n\n<p>-workshops with different groups with special needs and fewer opportunities<\/p>\n\n\n\n<p>-intercultular dialogue and learning<\/p>\n\n\n\n<p>-creation process and final theaters how<\/p>\n\n\n\n<p>Objectives:<\/p>\n\n\n\n<p>Circus for inclusion aims to<\/p>\n\n\n\n<p>-use circus and theater as tools of expression,freedom creativity and union<\/p>\n\n\n\n<p>-create direct contact with local communities through inclusive actions<\/p>\n\n\n\n<p>-Encourage and support solidarity,social inclusion and human rights through performing arts -promote European values and intercultural learning through Erasmus+<\/p>\n\n\n\n<p>To do this participants will jointly create and play theater show with themes of social inclusion, solidarity,and human rights on 23th of April in Ludbreg theater.<\/p>\n\n\n\n<p>Accomodation in Ludbreg center hotel Amalia in 2-3-4bedrooms<\/p>\n\n\n\n<p>Meals will be also served in the hotel<\/p>\n\n\n\n<p>Travel costs,accomodation and meals are provided.<\/p>\n\n\n\n<p><\/p>\n\n\n\n<p>#####<\/p>\n\n\n\n<p><\/p>\n\n\n\n<p>\u00d6sszesen 15 kiutaz\u00e1sra k\u00edn\u00e1lunk \u00f6szt\u00f6nd\u00edjlehet\u0151s\u00e9get a Magyar Zsongl\u0151r Egyes\u00fclet \u00e1ltal vezetett <a>Circoncept <\/a>projekt keret\u00e9ben. A program Erasmus+ oktat\u00e1si program kereteben val\u00f3sul meg.&nbsp;<\/p>\n\n\n\n<p>Minden magyarorsz\u00e1gi oktat\u00f3 jelentkez\u00e9s\u00e9t v\u00e1rjuk, hiszen c\u00e9lunk, hogy t\u00e1guljon az oktat\u00f3ink k\u00f6re, n\u00f6velj\u00fck az Inspir\u00e1lban zajl\u00f3 munka pedag\u00f3giai sz\u00ednvonal\u00e1t, a hazai cirkuszpedag\u00f3gi\u00e1t fejlessz\u00fck, fellend\u00edts\u00fck a hazai cirkuszpedag\u00f3giai p\u00e1rbesz\u00e9det \u00e9s persze, hogy min\u00e9l t\u00f6bb tapasztalattal gazdagodjanak a r\u00e9sztvev\u0151 oktat\u00f3k.<\/p>\n\n\n\n<p><strong>Az ide\u00e1lis jelentkez\u0151:<\/strong><\/p>\n\n\n\n<ul class=\"wp-block-list\"><li>cirkuszi ter\u00fclet\u00e9n dolgoz\u00f3 oktat\u00f3<\/li><li>munk\u00e1j\u00e1ban haszn\u00e1lja a cirkuszpedag\u00f3gi\u00e1t<\/li><\/ul>\n\n\n\n<p>(Ha van elv\u00e1rt tapasztalat az egyes c\u00e9l\u00e1llom\u00e1snal, k\u00fcl\u00f6n jelezz\u00fck)<\/p>\n\n\n\n<p><strong>El\u0151ny:<\/strong><\/p>\n\n\n\n<ul class=\"wp-block-list\"><li>Magyar Zsongl\u0151r Egyes\u00fcleti tags\u00e1g<\/li><li>Elk\u00f6telezett a Magyar Zsongl\u0151r Egyes\u00fclet munk\u00e1ja ir\u00e1nt \u00e9s l\u00e1tja mag\u00e1t a j\u00f6v\u0151ben vel\u00fcnk oktat\u00f3k\u00e9nt egy\u00fctt dolgozni.<\/li><\/ul>\n\n\n\n<p><strong>Elv\u00e1r\u00e1s:&nbsp;<\/strong><\/p>\n\n\n\n<p>-a munka elv\u00e9gz\u00e9s\u00e9hez sz\u00fcks\u00e9ges minimum t\u00e1rsalg\u00e1si szint\u0171 nyelvismeret az adott orsz\u00e1g nyelv\u00e9n vagy angolul<\/p>\n\n\n\n<p>-aktiv r\u00e9szv\u00e9tel a programok sor\u00e1n<\/p>\n\n\n\n<p>-pqlyazathoz k\u00f6t\u0151d\u0151 adminisztr\u00e1ci\u00f3 hi\u00e1nytalan beny\u00fajt\u00e1sa<\/p>\n\n\n\n<p>Jelentkez\u00e9s \u00e9s tov\u00e1bbi inf\u00f3k emailben a <a>info@zsonglor.hu<\/a> c\u00edmen&nbsp; a helyekt\u0151l f\u00fcgg\u0151en folyamatosan, \u00f6n\u00e9letrajzzal \u00e9s motiv\u00e1ci\u00f3s lev\u00e9llel, amely tartalmazza az oktat\u00f3 motiv\u00e1ci\u00f3j\u00e1t az egyhetes workshopra vagy a h\u00e1rom hetes job shadowing tev\u00e9kenys\u00e9gben, valamint lehet\u0151s\u00e9g van saj\u00e1t, \u00f6n\u00e1ll\u00f3an \u00f6ssze\u00e1ll\u00edtott programmal is jelentkezni, melynek tartalma legyen, hogy hogyan tudna oktat\u00f3k\u00e9nt min\u00e9l t\u00f6bb tapasztalattal gazdagodva t\u00f6lteni egy h\u00e1romhetes n\u00e9metorsz\u00e1gi kiutaz\u00e1st. Ezeken k\u00edv\u00fcl a motiv\u00e1ci\u00f3s lev\u00e9l t\u00e9rjen ki arra is, hogy hogyan akarja felhaszn\u00e1lni az oktat\u00f3 a kint tanultakat a Magyar Zsongl\u0151r Egyes\u00fcletben, Inspir\u00e1l Cirkuszk\u00f6zpontban zajl\u00f3 tev\u00e9kenys\u00e9g sz\u00ednes\u00edt\u00e9s\u00e9re, sz\u00ednvonal\u00e1nak emel\u00e9s\u00e9re.&nbsp;<\/p>\n\n\n\n<p>A megv\u00e1ltozott k\u00f6r\u00fclm\u00e9nyek miatt nem tervez\u00fcnk \u00f6szt\u00f6nd\u00edj-programokat a k\u00f6zelj\u00f6v\u0151ben, ilyen egy\u00fcttm\u0171k\u00f6d\u00e9sekre&nbsp; 2021-ben m\u00e1r nem adott be p\u00e1ly\u00e1zatot a Magyar Zsongl\u0151r Egyes\u00fclet. \u00cdgy igaz\u00e1n aj\u00e1nljuk, hogy aki \u00f6szt\u00f6nd\u00edjas form\u00e1ban tud utazni, az most jelentkezzen!<\/p>\n\n\n\n<p>#####<\/p>\n\n\n\n<p>1.<\/p>\n\n\n\n<p>\u00dajra \u00d6SZT\u00d6ND\u00cdJ LEHET\u0150S\u00c9G a <strong>berlini KATAPULTBAN<\/strong>!!! 6 f\u0151 r\u00e9sz\u00e9re <strong>egyhetes<\/strong> lehet\u0151s\u00e9g -minimum7 napos kiutaz\u00e1s &#8211; ny\u00edlt egy-egy workshopon r\u00e9szt venni a h\u00edres berlini cirkuszi k\u00f6zpontban szabadon v\u00e1lasztott workshopra a k\u00f6vetkez\u0151 workshopok k\u00f6z\u00fcl j\u00falius-augusztusban:&nbsp;<\/p>\n\n\n\n<p><\/p>\n\n\n\n<figure class=\"wp-block-embed\"><div class=\"wp-block-embed__wrapper\">\nhttps:\/\/katapult.berlin\/workshops\/\n<\/div><\/figure>\n\n\n\n<p>Az \u00f6szt\u00f6nd\u00edjasok a workshopot k\u00f6vet\u0151\/megel\u0151z\u0151 napokat gyakorl\u00e1ssal \u00e9s job shadowing, gyakorlati oktat\u00f3i tev\u00e9kenys\u00e9ggel t\u00f6ltik.<\/p>\n\n\n\n<p>Jelenleg minden korl\u00e1toz\u00e1s n\u00e9lk\u00fcl lehet beutazni Magyarorsz\u00e1gr\u00f3l N\u00e9metorsz\u00e1gba \u201cf\u00f6ldi \u00faton\u201d (teh\u00e1t nem rep\u00fcl\u0151vel), \u00edgy mi is ezt a lehet\u0151s\u00e9get t\u00e1mogatjuk.&nbsp;<\/p>\n\n\n\n<p>#######<\/p>\n\n\n\n<p>2.<\/p>\n\n\n\n<p><strong>H\u00c1ROM HETES OKTAT\u00d3I <\/strong>\u00d6SZT\u00d6ND\u00cdJLEHET\u0150S\u00c9G 2 f\u0151 r\u00e9sz\u00e9re a <strong>pr\u00e1gai Cirqueonban augusztus 10 \u00e9s 31 k\u00f6z\u00f6tt<\/strong>. Az \u00f6szt\u00f6nd\u00edj tartalma egy k\u00e9thetes hospit\u00e1l\u00e1s, tan\u00e1rseg\u00e9di r\u00e9szv\u00e9tel a Cirqueon t\u00e1boraiban, ezen k\u00edv\u00fcl&nbsp; a program job shadowing tev\u00e9kenys\u00e9g \u00e8s szabad, \u00f6n\u00e1ll\u00f3 technikai fejl\u0151d\u00e9s.<\/p>\n\n\n\n<p>Csehorsz\u00e1gba korl\u00e1toz\u00e1s n\u00e9lk\u00fcl lehet beutazni v\u00e9detts\u00e9gi igazolv\u00e1nnyal.&nbsp;<\/p>\n\n\n\n<p>#####<\/p>\n\n\n\n<p>3.<\/p>\n\n\n\n<p><strong>H\u00c1ROM HETES OKTAT\u00d3I<\/strong> \u00d6SZT\u00d6ND\u00cdJLEHET\u0150S\u00c9G 2 f\u0151 (ak\u00e1r k\u00fcl\u00f6nb\u00f6z\u0151 id\u0151pontokban) r\u00e9sz\u00e9re az <strong>olaszorsz\u00e1gi<\/strong> <strong>Vertigo cirkuszban j\u00falius 1 \u00e9s j\u00falius 30 <\/strong>k\u00f6z\u00f6tt. A h\u00e1rom h\u00e9t sor\u00e1n k\u00e9t hetet (2&#215;5 nap) a Vertigo ny\u00e1ri cirkuszt\u00e1boraiba csatlakoznak be az oktat\u00f3k tan\u00e1rseg\u00e9dk\u00e9nt, a fennmarad\u00f3 id\u0151t pedig gyakorl\u00e1ssal \u00e9s job shadowing tev\u00e9kenys\u00e9ggel t\u00f6ltik.<\/p>\n\n\n\n<p>Olaszorsz\u00e1gba a jelenlegi \u00e1ll\u00e1s szerint friss covid tesztre \u00e9s regisztr\u00e1ci\u00f3ra van sz\u00fcks\u00e9g a beutaz\u00e1shoz, de ez val\u00f3sz\u00edn\u0171leg j\u00fanius 30-t\u00f3l v\u00e1ltozni fog.&nbsp;<\/p>\n\n\n\n<p>####<\/p>\n\n\n\n<p>4.&nbsp;<\/p>\n\n\n\n<p><strong>H\u00c1ROM HETES OKTAT\u00d3I<\/strong> \u00d6SZT\u00d6ND\u00cdJLEHET\u0150S\u00c9G a <strong>n\u00e9metorsz\u00e1gi Katapultban<\/strong> <strong>2 f\u0151 <\/strong>(ak\u00e1r k\u00fcl\u00f6nb\u00f6z\u0151 id\u0151pontokban) r\u00e9sz\u00e9re a j\u00falius-augusztusi id\u0151szakban. Az \u00f6szt\u00f6nd\u00edj sor\u00e1n lehet\u0151s\u00e9g lesz t\u00e1bori hospit\u00e1l\u00e1sra, job shadowing tev\u00e9kenys\u00e9g \u00e9s tehcnikai fejl\u0151d\u00e9s megval\u00f3s\u00edt\u00e1s\u00e1ra, valamint t\u00e1rsszervezetekn\u00e9l t\u00f6rt\u00e9n\u0151 hospit\u00e1l\u00e1sra, melyeket el\u0151re egyeztet\u00fcnk.&nbsp;<\/p>\n\n\n\n<p>Jelenleg minden korl\u00e1toz\u00e1s n\u00e9lk\u00fcl lehet beutazni Magyarorsz\u00e1gr\u00f3l N\u00e9metorsz\u00e1gba \u201cf\u00f6ldi \u00faton\u201d (teh\u00e1t nem rep\u00fcl\u0151vel), \u00edgy mi is ezt a lehet\u0151s\u00e9get t\u00e1mogatjuk.<\/p>\n\n\n\n<p>###<\/p>\n\n\n\n<p>5.&nbsp;<\/p>\n\n\n\n<p><strong>H\u00c1ROM HETES OKTAT\u00d3I <\/strong>\u00d6SZT\u00d6ND\u00cdJLEHET\u0150S\u00c9G <strong>N\u00e9metorsz\u00e1gban a Zirkus Schafft Raum<\/strong>-mal szabadid\u0151s cirkuszi tev\u00e9kenys\u00e9gben, valamint a Cabuwazi cirkuszban 2 f\u0151 (ak\u00e1r k\u00fcl\u00f6nb\u00f6z\u0151 id\u0151pontokban) r\u00e9sz\u00e9re j\u00falius 22-t\u0151l augusztus 12-ig. Az \u00f6szt\u00f6nd\u00edj sor\u00e1n lehet\u0151s\u00e9g lesz szabadid\u0151s \u00e9s szoci\u00e1lis cirkuszi hospit\u00e1l\u00e1sra, job shadowing tev\u00e9kenys\u00e9g \u00e9s tehcnikai fejl\u0151d\u00e9s megval\u00f3s\u00edt\u00e1s\u00e1ra.<\/p>\n\n\n\n<p>Jelenleg minden korl\u00e1toz\u00e1s n\u00e9lk\u00fcl lehet beutazni Magyarorsz\u00e1gr\u00f3l N\u00e9metorsz\u00e1gba \u201cf\u00f6ldi \u00faton\u201d (teh\u00e1t nem rep\u00fcl\u0151vel), \u00edgy mi is ezt a lehet\u0151s\u00e9get t\u00e1mogatjuk.<\/p>\n\n\n\n<p>###<\/p>\n\n\n\n<p><strong>Az \u00f6szt\u00f6nd\u00edjakkal egy\u00fctt j\u00e1r:<\/strong><\/p>\n\n\n\n<ul class=\"wp-block-list\"><li>Erasmusos dokument\u00e1ci\u00f3 (szerz\u0151d\u00e9sk\u00f6t\u00e9s, munkanapl\u00f3)<\/li><li>Egy szakmai cikk \u00edr\u00e1sa is, amelyet publik\u00e1lunk az MZSE honlapj\u00e1n,facebookj\u00e1n.<\/li><li>Fot\u00f3k \u00e9s \u00e9lm\u00e9nyek posztol\u00e1sa a Magyar Zsongl\u0151r Egyes\u00fclet z\u00e1rt facebook csoportj\u00e1ban&nbsp;<\/li><\/ul>\n\n\n\n<p>Haszn\u00e1lj\u00e1tok ki, hogy \u00fajra lehet \u00e9lni ilyen lehet\u0151s\u00e9gekkel! \ud83d\ude42<\/p>\n","protected":false},"excerpt":{"rendered":"<p>\u00d6szt\u00f6nd\u00edjak \u00d6szt\u00f6nd\u00edj felh\u00edv\u00e1sok 2024 Az \u00d6szt\u00f6nd\u00edj tartalmazza az utaz\u00e1s, meg\u00e9lhet\u00e9s \u00e9s a szakmai programok k\u00f6lts\u00e9geit. Korhat\u00e1r nincs.&nbsp; ide\u00e1lis jelentkez\u0151:&nbsp; \u00b7&nbsp; &nbsp; &nbsp; &nbsp; minimum t\u00e1rsalg\u00e1si szint\u0171 nyelvismeret angolul&nbsp; \u00b7&nbsp; &nbsp; &nbsp; &nbsp; akt\u00edv r\u00e9szv\u00e9tel a programok sor\u00e1n \u00b7&nbsp; &nbsp; &nbsp; &nbsp; el\u0151ny, de nem k\u00f6vetelm\u00e9ny: MZSE tag, Inspir\u00e1l tag \u00b7&nbsp; &nbsp; &nbsp; &nbsp; zsongl\u0151r, cirkuszi [&hellip;]<\/p>\n","protected":false},"author":1,"featured_media":0,"parent":0,"menu_order":0,"comment_status":"closed","ping_status":"closed","template":"","meta":{"footnotes":""},"class_list":["post-2063","page","type-page","status-publish","hentry"],"_links":{"self":[{"href":"https:\/\/mokus.zsonglor.hu\/index.php\/wp-json\/wp\/v2\/pages\/2063","targetHints":{"allow":["GET"]}}],"collection":[{"href":"https:\/\/mokus.zsonglor.hu\/index.php\/wp-json\/wp\/v2\/pages"}],"about":[{"href":"https:\/\/mokus.zsonglor.hu\/index.php\/wp-json\/wp\/v2\/types\/page"}],"author":[{"embeddable":true,"href":"https:\/\/mokus.zsonglor.hu\/index.php\/wp-json\/wp\/v2\/users\/1"}],"replies":[{"embeddable":true,"href":"https:\/\/mokus.zsonglor.hu\/index.php\/wp-json\/wp\/v2\/comments?post=2063"}],"version-history":[{"count":0,"href":"https:\/\/mokus.zsonglor.hu\/index.php\/wp-json\/wp\/v2\/pages\/2063\/revisions"}],"wp:attachment":[{"href":"https:\/\/mokus.zsonglor.hu\/index.php\/wp-json\/wp\/v2\/media?parent=2063"}],"curies":[{"name":"wp","href":"https:\/\/api.w.org\/{rel}","templated":true}]}}