{"id":2053,"date":"2025-01-21T14:15:18","date_gmt":"2025-01-21T14:15:18","guid":{"rendered":"https:\/\/www.zsonglor.hu\/muveszbenned"},"modified":"2025-01-21T14:15:18","modified_gmt":"2025-01-21T14:15:18","slug":"muvesz-benned","status":"publish","type":"page","link":"https:\/\/mokus.zsonglor.hu\/index.php\/muvesz-benned\/","title":{"rendered":"M\u0171v\u00e9sz benned"},"content":{"rendered":"\n<h2 class=\"wp-block-heading\">M\u0171v\u00e9sz benned<\/h2>\n\n\n\n<figure class=\"wp-block-image is-resized\"><img loading=\"lazy\" decoding=\"async\" height=\"201\" width=\"326\" alt=\"NKA_csak_logo_cmyk-e1618823915352.jpg\" src=\"https:\/\/mokus.zsonglor.hu\/wp-content\/uploads\/2025\/01\/f57a9-608210_d3234e7570454a1c8a719507d0d60295mv2.jpg\"><\/figure>\n\n\n\n<p>C\u00e9lunk, hogy rendezv\u00e9nyeken \u00e9s online tartalmakon kereszt\u00fcl hozzuk testk\u00f6zelbe a cirkuszm\u0171v\u00e9szetet \u00e9s az el\u0151ad\u00f3m\u0171v\u00e9szetet \u00e1ltal\u00e1ban. A n\u00e9z\u0151ben \u00e9s az amat\u0151r m\u0171v\u00e9szetkedvel\u0151kben fel\u00e9lesztett \u2019Bels\u0151 m\u0171v\u00e9sz\u2019 seg\u00edt, hogy az egyes m\u0171v\u00e9szeti \u00e1gak a h\u00e9tk\u00f6znapi \u00e9let r\u00e9sz\u00e9v\u00e9 v\u00e1ljanak. A j\u00f6v\u0151t a m\u0171v\u00e9szet t\u00e1mogat\u00e1sa szempontj\u00e1b\u00f3l:<\/p>\n\n\n\n<p><br>&#8211; a k\u00f6z\u00f6ss\u00e9gek \u00f6sszefog\u00e1s\u00e1ban l\u00e1tjuk<br>&#8211; a tud\u00e1s megoszt\u00e1s\u00e1ban<br>&#8211; a m\u0171v\u00e9szet k\u00f6zel\u00edt\u00e9s\u00e9ben a k\u00f6z\u00f6ns\u00e9g ir\u00e1ny\u00e1ba<br>&#8211; az ide\u00e1k\/gondolatok megoszt\u00e1s\u00e1ban a profi \u00e9s az amat\u0151r m\u0171v\u00e9szek k\u00f6z\u00f6tt.<\/p>\n\n\n\n<p><br>Ezeket a c\u00e9lokat k\u00f6z\u00f6ss\u00e9gi szakmai esem\u00e9nyeken kereszt\u00fcl \u00e9s az ahhoz kapcsol\u00f3d\u00f3 online tartalmakon kereszt\u00fcl tudjuk megval\u00f3s\u00edtani.<\/p>\n\n\n\n<p><\/p>\n\n\n\n<p>&#8211; <strong>Scratch night<\/strong>: \u2019work in progress\u2019 bemutat\u00f3kat jelenti, ahol a szakma, az amat\u0151r \u00e9s m\u0171kedvel\u0151 k\u00f6z\u00f6ns\u00e9g egy\u00fctt tekinti meg az el\u0151ad\u00e1s r\u00e9szleteit, majd hozz\u00e1sz\u00f3l\u00e1saival reflekt\u00e1l az el\u0151ad\u00e1sra. Seg\u00edti a m\u0171v\u00e9szeket az alkot\u00f3folyamatban \u00e9s egyben a n\u00e9z\u0151knek is betekint\u00e9st enged. A ilyen \u2019t\u00f6r\u00e9keny \u2019 \u00e1llapotban val\u00f3 k\u00f6z\u00f6ns\u00e9g el\u00e9 helyez\u00e9s er\u0151s\u00edti a meg\u00e9rt\u00e9st \u00e9s a k\u00f6z\u00f6s gondolkod\u00e1st az adott el\u0151ad\u00e1ssal \u00e9s mag\u00e1val az alkot\u00f3 folyamattal, a m\u0171v\u00e9szettel szemben.<\/p>\n\n\n\n<p>A 2020\/21-es \u00e9vadban k\u00e9thavonta val\u00f3s\u00edtottunk meg ilyen bemutat\u00f3kat egyel\u0151re online. Ha szeretn\u00e9tek visszan\u00e9zni a bemutat\u00f3kat, l\u00e1togassatok el az Inspir\u00e1l facebook oldal\u00e1ra.&nbsp;<\/p>\n\n\n\n<p><\/p>\n\n\n\n<p>Eddig rendezett esem\u00e9nyeink:&nbsp;<\/p>\n\n\n\n<p><\/p>\n\n\n\n<p>2021. \u00e1prilis 30. <a>V. Scratch Night&nbsp;<\/a><\/p>\n\n\n\n<p><\/p>\n\n\n\n<p>2020. december 19. <a>IV. Scratch Night&nbsp;<\/a><\/p>\n\n\n\n<p><\/p>\n\n\n\n<p><\/p>\n\n\n\n<p>&#8211; <strong>Open stage <\/strong>: kezd\u0151 darabok premier el\u0151tti bemutat\u00f3ja. Lehet\u0151s\u00e9get ad premier el\u0151tti pr\u00f3b\u00e1kra, ami szint\u00e9n egy fontos l\u00e9p\u00e9se az alkot\u00f3folyamatnak, hogy az el\u0151ad\u00e1sok k\u00f6z\u00f6ns\u00e9g el\u0151tti pr\u00f3b\u00e1kat tudjanak szervezni. Visszajelz\u00e9sek alapj\u00e1n tudj\u00e1k a premierre a v\u00e9gleges form\u00e1t megteremteni.<\/p>\n\n\n\n<p><\/p>\n\n\n\n<p><\/p>\n\n\n\n<p>&#8211; <strong>Prom\u00f3vide\u00f3kkal<\/strong> \u00e9bresztj\u00fck fel a k\u00f6z\u00f6ns\u00e9g\u00fcnk kreativit\u00e1s\u00e1t. Megk\u00e9rdezz\u00fck m\u0171v\u00e9szeinket, hogy \u0151ket mi inspir\u00e1lja, hogy ezzel b\u00edztassuk a n\u00e9z\u0151ket a kreativit\u00e1suk meg\u00e9l\u00e9s\u00e9re. A vide\u00f3kat megtal\u00e1lj\u00e1tok az Inspir\u00e1l <a>fb oldal\u00e1n<\/a>.&nbsp;<\/p>\n\n\n\n<p><\/p>\n\n\n\n<p>&#8211; a <strong>M\u0171v\u00e9sz benned<\/strong> koncepci\u00f3 keret\u00e9ben &nbsp;k\u00e9sz\u00fclt kisfilmje<\/p>\n\n\n\n<p><\/p>\n\n\n\n<p><\/p>\n\n\n\n<p><\/p>\n\n\n\n<p><\/p>\n\n\n\n<figure class=\"wp-block-embed is-provider-youtube wp-block-embed-youtube\"><div class=\"wp-block-embed__wrapper\">\n<iframe loading=\"lazy\" title=\"A M\u0171v\u00e9sz Benned 1.\" width=\"500\" height=\"281\" src=\"https:\/\/www.youtube.com\/embed\/5dq57IL58Mo?feature=oembed\" frameborder=\"0\" allow=\"accelerometer; autoplay; clipboard-write; encrypted-media; gyroscope; picture-in-picture; web-share\" referrerpolicy=\"strict-origin-when-cross-origin\" allowfullscreen><\/iframe>\n<\/div><\/figure>\n\n\n\n<p>2. r\u00e9sz &#8211; Weszelowszky Anna interj\u00fa<\/p>\n\n\n\n<figure class=\"wp-block-embed is-provider-youtube wp-block-embed-youtube\"><div class=\"wp-block-embed__wrapper\">\n<iframe loading=\"lazy\" title=\"A M\u0171v\u00e9sz Benned 2.\" width=\"500\" height=\"281\" src=\"https:\/\/www.youtube.com\/embed\/ofIsymizAYQ?list=PL3pvzu7glsigB-H8PXom08V_jRt9nk33W\" frameborder=\"0\" allow=\"accelerometer; autoplay; clipboard-write; encrypted-media; gyroscope; picture-in-picture; web-share\" referrerpolicy=\"strict-origin-when-cross-origin\" allowfullscreen><\/iframe>\n<\/div><\/figure>\n\n\n\n<p>3. r\u00e9sz &#8211; Edgardo Gonz\u00e1lez Calafell (Papito) interj\u00fa<\/p>\n\n\n\n<p>4. r\u00e9sz &#8211; Ezerarc\u00fa Sz\u00e9passzony interj\u00fa<\/p>\n\n\n\n<p>5. r\u00e9sz &#8211; Inspir\u00e1l z\u00e1r\u00f3 vide\u00f3<\/p>\n\n\n\n<figure class=\"wp-block-embed is-provider-youtube wp-block-embed-youtube\"><div class=\"wp-block-embed__wrapper\">\n<iframe loading=\"lazy\" title=\"A M\u0171v\u00e9sz Benned 4.\" width=\"500\" height=\"281\" src=\"https:\/\/www.youtube.com\/embed\/UPEB10D-IT8?start=43&#038;feature=oembed\" frameborder=\"0\" allow=\"accelerometer; autoplay; clipboard-write; encrypted-media; gyroscope; picture-in-picture; web-share\" referrerpolicy=\"strict-origin-when-cross-origin\" allowfullscreen><\/iframe>\n<\/div><\/figure>\n\n\n\n<figure class=\"wp-block-embed is-provider-youtube wp-block-embed-youtube\"><div class=\"wp-block-embed__wrapper\">\n<iframe loading=\"lazy\" title=\"A M\u0171v\u00e9sz Benned 3.\" width=\"500\" height=\"281\" src=\"https:\/\/www.youtube.com\/embed\/t_-YkWJZf48?list=PL3pvzu7glsigB-H8PXom08V_jRt9nk33W\" frameborder=\"0\" allow=\"accelerometer; autoplay; clipboard-write; encrypted-media; gyroscope; picture-in-picture; web-share\" referrerpolicy=\"strict-origin-when-cross-origin\" allowfullscreen><\/iframe>\n<\/div><\/figure>\n\n\n\n<figure class=\"wp-block-embed is-provider-youtube wp-block-embed-youtube\"><div class=\"wp-block-embed__wrapper\">\n<iframe loading=\"lazy\" title=\"A M\u0171v\u00e9sz Benned 5.\" width=\"500\" height=\"281\" src=\"https:\/\/www.youtube.com\/embed\/k4ZXISNcnNQ?feature=oembed\" frameborder=\"0\" allow=\"accelerometer; autoplay; clipboard-write; encrypted-media; gyroscope; picture-in-picture; web-share\" referrerpolicy=\"strict-origin-when-cross-origin\" allowfullscreen><\/iframe>\n<\/div><\/figure>\n\n\n\n<p>&nbsp; &nbsp;1. r\u00e9sz &#8211; Inspir\u00e1l nyit\u00f3 vide\u00f3<\/p>\n","protected":false},"excerpt":{"rendered":"<p>M\u0171v\u00e9sz benned C\u00e9lunk, hogy rendezv\u00e9nyeken \u00e9s online tartalmakon kereszt\u00fcl hozzuk testk\u00f6zelbe a cirkuszm\u0171v\u00e9szetet \u00e9s az el\u0151ad\u00f3m\u0171v\u00e9szetet \u00e1ltal\u00e1ban. A n\u00e9z\u0151ben \u00e9s az amat\u0151r m\u0171v\u00e9szetkedvel\u0151kben fel\u00e9lesztett \u2019Bels\u0151 m\u0171v\u00e9sz\u2019 seg\u00edt, hogy az egyes m\u0171v\u00e9szeti \u00e1gak a h\u00e9tk\u00f6znapi \u00e9let r\u00e9sz\u00e9v\u00e9 v\u00e1ljanak. A j\u00f6v\u0151t a m\u0171v\u00e9szet t\u00e1mogat\u00e1sa szempontj\u00e1b\u00f3l: &#8211; a k\u00f6z\u00f6ss\u00e9gek \u00f6sszefog\u00e1s\u00e1ban l\u00e1tjuk&#8211; a tud\u00e1s megoszt\u00e1s\u00e1ban&#8211; a m\u0171v\u00e9szet k\u00f6zel\u00edt\u00e9s\u00e9ben a [&hellip;]<\/p>\n","protected":false},"author":1,"featured_media":0,"parent":0,"menu_order":0,"comment_status":"closed","ping_status":"closed","template":"","meta":{"footnotes":""},"class_list":["post-2053","page","type-page","status-publish","hentry"],"_links":{"self":[{"href":"https:\/\/mokus.zsonglor.hu\/index.php\/wp-json\/wp\/v2\/pages\/2053","targetHints":{"allow":["GET"]}}],"collection":[{"href":"https:\/\/mokus.zsonglor.hu\/index.php\/wp-json\/wp\/v2\/pages"}],"about":[{"href":"https:\/\/mokus.zsonglor.hu\/index.php\/wp-json\/wp\/v2\/types\/page"}],"author":[{"embeddable":true,"href":"https:\/\/mokus.zsonglor.hu\/index.php\/wp-json\/wp\/v2\/users\/1"}],"replies":[{"embeddable":true,"href":"https:\/\/mokus.zsonglor.hu\/index.php\/wp-json\/wp\/v2\/comments?post=2053"}],"version-history":[{"count":0,"href":"https:\/\/mokus.zsonglor.hu\/index.php\/wp-json\/wp\/v2\/pages\/2053\/revisions"}],"wp:attachment":[{"href":"https:\/\/mokus.zsonglor.hu\/index.php\/wp-json\/wp\/v2\/media?parent=2053"}],"curies":[{"name":"wp","href":"https:\/\/api.w.org\/{rel}","templated":true}]}}