{"id":2003,"date":"2025-01-21T14:15:18","date_gmt":"2025-01-21T14:15:18","guid":{"rendered":"https:\/\/www.zsonglor.hu\/muveszet"},"modified":"2025-01-21T14:15:18","modified_gmt":"2025-01-21T14:15:18","slug":"muveszet","status":"publish","type":"page","link":"https:\/\/mokus.zsonglor.hu\/index.php\/muveszet\/","title":{"rendered":"M\u0171v\u00e9szet"},"content":{"rendered":"\n<h6 class=\"wp-block-heading\">m\u0171v\u00e9szet<\/h6>\n\n\n\nRibbon\n    \n        \n    \n\n\n\n\n<div class=\"wp-block-buttons is-layout-flex wp-block-buttons-is-layout-flex\">\n<div class=\"wp-block-button\"><a title=\"residency\" href=\"#comp-j2aithoh\" class=\"wp-block-button__link\">residency<\/a><\/div>\n<\/div>\n\n\n\n<div class=\"wp-block-buttons is-layout-flex wp-block-buttons-is-layout-flex\">\n<div class=\"wp-block-button\"><a title=\"residency\" href=\"#comp-j2aithoh\" class=\"wp-block-button__link\">programok<\/a><\/div>\n<\/div>\n\n\n\nRibbon\n    \n        \n    \n\n\n\n\n<div class=\"wp-block-buttons is-layout-flex wp-block-buttons-is-layout-flex\">\n<div class=\"wp-block-button\"><a title=\"alkot\u00f3hely\" href=\"#comp-j2aitxyf\" class=\"wp-block-button__link\">alkot\u00f3hely<\/a><\/div>\n<\/div>\n\n\n\nRibbon\n    \n        \n    \n\n\n\n\n<div class=\"wp-block-buttons is-layout-flex wp-block-buttons-is-layout-flex\">\n<div class=\"wp-block-button\"><a title=\"szakmai rendezv\u00e9nyek\" href=\"#comp-kppa9u3q\" class=\"wp-block-button__link\">szakmai<\/a><\/div>\n<\/div>\n\n\n\n<div class=\"wp-block-buttons is-layout-flex wp-block-buttons-is-layout-flex\">\n<div class=\"wp-block-button\"><a title=\"alkot\u00f3hely\" href=\"#comp-j2aitxyf\" class=\"wp-block-button__link\">rendezv\u00e9nyek<\/a><\/div>\n<\/div>\n\n\n\nRibbon\n    \n        \n    \n\n\n\n\n<div class=\"wp-block-buttons is-layout-flex wp-block-buttons-is-layout-flex\">\n<div class=\"wp-block-button\"><a href=\"\/projektjeink\" class=\"wp-block-button__link\">projektek<\/a><\/div>\n<\/div>\n\n\n\nRibbon\n    \n        \n    \n\n\n\n\n<div class=\"wp-block-buttons is-layout-flex wp-block-buttons-is-layout-flex\">\n<div class=\"wp-block-button\"><a title=\"residency\" href=\"#comp-j2aithoh\" class=\"wp-block-button__link\">m\u0171v\u00e9szeti <\/a><\/div>\n<\/div>\n\n\n\n<div class=\"wp-block-buttons is-layout-flex wp-block-buttons-is-layout-flex\">\n<div class=\"wp-block-button\"><a title=\"m\u0171v\u00e9szeti projektek\" href=\"#comp-j2ak2n90\" class=\"wp-block-button__link\">egy\u00fcttm\u0171k\u00f6d\u00e9sek<\/a><\/div>\n<\/div>\n\n\n\n<p><\/p>\n\n\n\n<div class=\"wp-block-columns is-layout-flex wp-container-core-columns-is-layout-28f84493 wp-block-columns-is-layout-flex\">\n<div class=\"wp-block-column is-layout-flow wp-block-column-is-layout-flow\"><\/div>\n\n\n\n<div class=\"wp-block-column is-layout-flow wp-block-column-is-layout-flow\">\n<div class=\"wp-block-group is-layout-flow wp-block-group-is-layout-flow\">\n<p><strong>Az Egyes\u00fclet alkot\u00f3 \u00e9s m\u0171v\u00e9szeti tal\u00e1lkoz\u00f3 helye a 2016-ban ny\u00edlt \u00faj otthonunk, az INspir\u00e1l Cirkuszk\u00f6zpont. &nbsp;<\/strong><\/p>\n\n\n\n<p><strong><\/strong><\/p>\n\n\n\n<p>Az Inspir\u00e1l Cirkuszk\u00f6zpont egyed\u00fcl\u00e1ll\u00f3 Magyarorsz\u00e1gon, hiszen egyszerre biztos\u00edt helysz\u00ednt a cirkuszi m\u0171faj szerte\u00e1gaz\u00f3 tev\u00e9kenys\u00e9geihez. A cirkusz, m\u0171v\u00e9szetk\u00e9nt val\u00f3 megnyilv\u00e1nul\u00e1sa mellett, az elm\u00falt \u00e9vtizedekben a szoci\u00e1lis munka&nbsp;\u00e9s a gy\u00f3gypedag\u00f3gia eszk\u00f6z\u00e9v\u00e9 v\u00e1lt, az inform\u00e1lis oktat\u00e1s \u00e9s a szabadid\u0151s sport eleme is lett.<\/p>\n\n\n\n<p>Az \u00fajcirkusz szeml\u00e9lete hatja \u00e1t az Inspir\u00e1l Cirkuszk\u00f6zpont k\u00fcldet\u00e9s\u00e9t \u00e9s mindennapjait, a nagyk\u00f6z\u00f6ns\u00e9g \u00e9s a szakma&nbsp;sz\u00e1m\u00e1ra is nyitott programjait, kurzusait.<\/p>\n\n\n\n<p><\/p>\n\n\n\n<p>Egy nyitott, k\u00f6z\u00f6ss\u00e9gi t\u00e9r a cirkusz- \u00e9s a mozg\u00e1sm\u0171v\u00e9szet szerelmeseinek.<\/p>\n<\/div>\n\n\n\n<h2 class=\"wp-block-heading\">alkot\u00f3hely<\/h2>\n\n\n\n<p>Az Inspir\u00e1l Cirkuszk\u00f6zpont alkot\u00f3t\u00e9r cirkuszm\u0171v\u00e9szeknek, kort\u00e1rs cirkuszi \u00e9s mozg\u00e1sm\u0171v\u00e9szeti el\u0151ad\u00f3knak.&nbsp;Az Inspir\u00e1l kiemelked\u0151 m\u0171v\u00e9szeti jelent\u0151s\u00e9ge, hogy<\/p>\n\n\n\n<p>helyet biztos\u00edt a hazai f\u00fcggetlen cirkuszi el\u0151ad\u00f3m\u0171v\u00e9szeknek \u00e9s t\u00e1rsulatoknak az alkot\u00e1sra, fejl\u0151d\u00e9sre, edz\u00e9sre, gyakorl\u00e1sra. \u00c1lland\u00f3 pr\u00f3bahelyet jelent&nbsp;9 t\u00e1rsulat sz\u00e1m\u00e1ra \u00e9s az \u00e9vek sor\u00e1n t\u00f6bb mint ezer pr\u00f3ba\u00f3r\u00e1t biztos\u00edtott alkalmi jelleggel itt pr\u00f3b\u00e1l\u00f3 m\u0171v\u00e9szeknek, m\u0171v\u00e9szeti projekteknek.&nbsp;<\/p>\n\n\n\n<p>A t\u00e1rsulatoknak jelent\u0151s t\u00e1mogat\u00e1st jelent, hogy&nbsp;k\u00fcl\u00f6n teremben, 8 m\u00e9teres belmagass\u00e1g\u00fa t\u00e9rben, ide\u00e1lis k\u00f6r\u00fclm\u00e9nyek k\u00f6z\u00f6tt tudnak pr\u00f3b\u00e1lni,&nbsp;lehet\u0151s\u00e9g\u00fck van eszk\u00f6zeiket, jelmezeiket rakt\u00e1rozni.<\/p>\n\n\n\n<p><br>A 2016-2020 \u00e9vek sor\u00e1n 9 \u00e1lland\u00f3 t\u00e1rsulat 27 el\u0151ad\u00e1sa k\u00e9sz\u00fclt itt, valamint k\u00f6zel 25<\/p>\n\n\n\n<p>k\u00fcls\u0151s t\u00e1rsulat pr\u00f3b\u00e1i zajlottak. Az itt k\u00e9sz\u00fclt el\u0151ad\u00e1sok a Traf\u00f3 Kort\u00e1rs M\u0171v\u00e9szetek<\/p>\n\n\n\n<p>h\u00e1z\u00e1ban, hazai \u00e9s k\u00fclf\u00f6ldi fesztiv\u00e1lokon ker\u00fclnek bemutat\u00e1sra, sikeres k\u00fclf\u00f6ldi turn\u00e9k produkci\u00f3i.<\/p>\n<\/div>\n<\/div>\n\n\n\n<h2 class=\"wp-block-heading\">residency programok<\/h2>\n\n\n\n<div class=\"wp-block-columns is-layout-flex wp-container-core-columns-is-layout-28f84493 wp-block-columns-is-layout-flex\">\n<div class=\"wp-block-column is-layout-flow wp-block-column-is-layout-flow\"><\/div>\n\n\n\n<div class=\"wp-block-column is-layout-flow wp-block-column-is-layout-flow\">\n<p>K\u00fclf\u00f6ldi artist\u00e1kat \u00e9s t\u00e1rsulatokat l\u00e1tunk vend\u00e9g\u00fcl 1-3 hetes intenz\u00edv alkot\u00f3folyamatra az \u00fagynevezett \u2019residency\u2019 programok keret\u00e9ben. A nemzetk\u00f6zi kapcsolatainknak k\u00f6sz\u00f6nhet\u0151 \u00e9s egyben \u00e9p\u00edti is azokat<br>ez a fajta egy\u00fcttm\u0171k\u00f6d\u00e9s. Ugyanakkor a hazai artist\u00e1k fejl\u0151d\u00e9s\u00e9re is kiemelked\u0151 hat\u00e1s\u00faak a nemzetk\u00f6zi h\u00edress\u00e9gek, vagy \u00e9ppen felt\u00f6rekv\u0151 fiatalok n\u00e1lunk zajl\u00f3 alkot\u00f3folyamatai. A residency program fontos form\u00e1ja Eur\u00f3p\u00e1ban a m\u0171v\u00e9szek t\u00e1mogat\u00e1s\u00e1nak. \u00cdgy t\u00e1mogatja az Inspir\u00e1l nemzetk\u00f6zi szinten is a cirkuszm\u0171v\u00e9szetet. &nbsp;Konkr\u00e9t projektek \u00e9s t\u00e1rsulatok fogad\u00e1s\u00e1n t\u00fal nemzetk\u00f6zi \u00f6sszm\u0171v\u00e9szeti alkot\u00e1sok l\u00e9trehoz\u00e1s\u00e1t&nbsp;\u00e9s k\u00f6z\u00f6s alkot\u00f3folyamatokat is t\u00e1mogatunk az otthonos \u00e9s intim alkot\u00f3t\u00e9r biztos\u00edt\u00e1s\u00e1val. A 2016-2020 k\u00f6z\u00f6tti id\u0151szakban 6 t\u00e1rsulat sz\u00e1m\u00e1ra biztos\u00edtottunk ingyenes pr\u00f3bahelyet az alkot\u00f3folyamathoz.<\/p>\n\n\n\n<p><\/p>\n\n\n\n<p>Eddig k\u00fclf\u00f6ldi rezidensk\u00e9nt n\u00e1lunk j\u00e1rt: Gaia Santuccio (IT); Ana Jordao (ES) \u00e9s Jeanine Ebn\u00f6ther Tr\u00f6tt (CH), Nemanja Jovanovic (SRB), Sara Sandqvist \u00e9s Nicolas Forge (FR) \u00e9s a Taigi Cirkas, Konstantin Kosovec, Elena Nechiporenko (LT) \u00e9s a Choking Feathers T\u00e1rsulat.&nbsp;<\/p>\n<\/div>\n\n\n\n<div class=\"wp-block-column is-layout-flow wp-block-column-is-layout-flow\"><\/div>\n<\/div>\n\n\n\n<p>Magyar rezidensk\u00e9nt n\u00e1lunk j\u00e1rt a Firebirds, Great Stories of Budapest, Kreat\u00edv Kr\u00e1ter K\u00f6r, a Lava Fire, \u00e1lland\u00f3 rezidens\u00fcnk a Rollmeknot, a Simor\u00c1g t\u00e1nCirkusz \u00e9s a The Flock project.<\/p>\n\n\n\n<p><\/p>\n\n\n\n<p>Kreat\u00edv rendezv\u00e9nyek kreat\u00edv embereknek! Sz\u00e1mos olyan esem\u00e9nyt rendez\u00fcnk, ahol a cirkuszi szektor r\u00e9sztvev\u0151i: el\u0151ad\u00f3m\u0171v\u00e9szek, rendez\u0151k, a n\u00e9z\u0151(!), tanul\u00f3k, zen\u00e9szek, l\u00e1tv\u00e1nytervez\u0151, oktat\u00f3k, anim\u00e1torok, elm\u00e9leti szakemberek, kritikusok, \u00e9s kapcsol\u00f3d\u00f3 m\u0171v\u00e9szeti \u00e1gak amat\u0151r vagy hivat\u00e1sos k\u00e9pvisel\u0151i tal\u00e1lkozhatnak, egy\u00fctt gondolkodhatnak, vit\u00e1zhatnak, kifejthetik<br>v\u00e9lem\u00e9ny\u00fcket, bemutathatj\u00e1k alkot\u00e1saikat.&nbsp;<\/p>\n\n\n\n<p>N\u00e9h\u00e1ny p\u00e9lda a szakmai rendezv\u00e9nyekre:<\/p>\n\n\n\n<p><br>\u25ab Open stage: lehet\u0151s\u00e9g friss vagy k\u00e9sz\u00fcl\u0151 cirkuszi &nbsp;sz\u00e1mok, \u00f6tletek tesztel\u00e9s\u00e9re.<\/p>\n\n\n\n<p><\/p>\n\n\n\n<p>\u25ab Scratch night: hosszabb el\u0151ad\u00e1sok eg\u00e9sz\u00e9nek, vagy r\u00e9szleteinek bemutat\u00f3ja, melyet elemz\u00e9s\u00fck k\u00f6vet, visszajelz\u00e9s a<\/p>\n\n\n\n<p>szakmai k\u00f6z\u00f6ns\u00e9g r\u00e9sz\u00e9r\u0151l.<\/p>\n\n\n\n<p><\/p>\n\n\n\n<p>\u25ab Convention: 2-3 napos non-stop gathering, ahol a r\u00e9sztvev\u0151k egy\u00fctt gyakorolnak, tanulnak egym\u00e1st\u00f3l, tr\u00fckk\u00f6ket mutat-<br>nak be, k\u00f6z\u00f6ss\u00e9get form\u00e1lnak.<\/p>\n\n\n\n<p><\/p>\n\n\n\n<p>Nemzetk\u00f6zi projektek keret\u00e9ben a legt\u00f6bb eur\u00f3pai orsz\u00e1g m\u0171v\u00e9szei, szakmai k\u00e9pvisel\u0151i megfordultak m\u00e1r n\u00e1lunk 3-6 napos k\u00f6z\u00f6s m\u0171v\u00e9-<br>szeti munka alkalm\u00e1val.&nbsp;<\/p>\n\n\n\n<p><\/p>\n\n\n\n<p>Sz\u00e1mos f\u00f3rum, tal\u00e1lkoz\u00f3k, konferencia kezdem\u00e9nyez\u0151je \u00e9s lebonyol\u00edt\u00f3ja az Inspir\u00e1l Cirkuszk\u00f6zpont. Ilyenek p\u00e9ld\u00e1ul az open stage, Scratch night, <a>zsongl\u0151rtal\u00e1lkoz\u00f3<\/a>, a <a>Cirkeuropa projekt<\/a> \u00e9s t\u00f6bb tal\u00e1lkoz\u00f3 ker\u00fclt megrendez\u00e9sre.<\/p>\n\n\n\n<h2 class=\"wp-block-heading\">szakmai<br>rendezv\u00e9nyek<\/h2>\n\n\n\n<figure class=\"wp-block-image is-resized\"><img loading=\"lazy\" decoding=\"async\" height=\"2048\" width=\"1367\" alt=\"144876730_3740783612669596_3315197170353\" src=\"https:\/\/mokus.zsonglor.hu\/wp-content\/uploads\/2025\/01\/95ba8-608210_529d845db9074713be0ad5e8c202762bmv2.jpg\"><\/figure>\n\n\n\n<p><\/p>\n\n\n\n<p><\/p>\n\n\n\n<h2 class=\"wp-block-heading\">m\u0171v\u00e9szeti egy\u00fcttm\u0171k\u00f6d\u00e9sek<\/h2>\n\n\n\n<h4 class=\"wp-block-heading\"><a>Circostrada<\/a><\/h4>\n\n\n\n<p>A Circostrada h\u00e1l\u00f3zat jelent\u0151s cirkuszi \u00e9s utcasz\u00ednh\u00e1zi h\u00e1l\u00f3zat a szektor prom\u00f3terei k\u00f6z\u00f6tt. A h\u00e1l\u00f3zat tagjai egym\u00e1s seg\u00edtik inform\u00e1ci\u00f3-megoszt\u00e1ssal, k\u00f6z\u00f6s projekterekkel, egy\u00fcttm\u0171k\u00f6d\u00e9ssel.<\/p>\n","protected":false},"excerpt":{"rendered":"<p>m\u0171v\u00e9szet Ribbon Ribbon Ribbon Ribbon Ribbon Az Egyes\u00fclet alkot\u00f3 \u00e9s m\u0171v\u00e9szeti tal\u00e1lkoz\u00f3 helye a 2016-ban ny\u00edlt \u00faj otthonunk, az INspir\u00e1l Cirkuszk\u00f6zpont. &nbsp; Az Inspir\u00e1l Cirkuszk\u00f6zpont egyed\u00fcl\u00e1ll\u00f3 Magyarorsz\u00e1gon, hiszen egyszerre biztos\u00edt helysz\u00ednt a cirkuszi m\u0171faj szerte\u00e1gaz\u00f3 tev\u00e9kenys\u00e9geihez. A cirkusz, m\u0171v\u00e9szetk\u00e9nt val\u00f3 megnyilv\u00e1nul\u00e1sa mellett, az elm\u00falt \u00e9vtizedekben a szoci\u00e1lis munka&nbsp;\u00e9s a gy\u00f3gypedag\u00f3gia eszk\u00f6z\u00e9v\u00e9 v\u00e1lt, az inform\u00e1lis oktat\u00e1s [&hellip;]<\/p>\n","protected":false},"author":1,"featured_media":0,"parent":0,"menu_order":0,"comment_status":"closed","ping_status":"closed","template":"","meta":{"footnotes":""},"class_list":["post-2003","page","type-page","status-publish","hentry"],"_links":{"self":[{"href":"https:\/\/mokus.zsonglor.hu\/index.php\/wp-json\/wp\/v2\/pages\/2003","targetHints":{"allow":["GET"]}}],"collection":[{"href":"https:\/\/mokus.zsonglor.hu\/index.php\/wp-json\/wp\/v2\/pages"}],"about":[{"href":"https:\/\/mokus.zsonglor.hu\/index.php\/wp-json\/wp\/v2\/types\/page"}],"author":[{"embeddable":true,"href":"https:\/\/mokus.zsonglor.hu\/index.php\/wp-json\/wp\/v2\/users\/1"}],"replies":[{"embeddable":true,"href":"https:\/\/mokus.zsonglor.hu\/index.php\/wp-json\/wp\/v2\/comments?post=2003"}],"version-history":[{"count":0,"href":"https:\/\/mokus.zsonglor.hu\/index.php\/wp-json\/wp\/v2\/pages\/2003\/revisions"}],"wp:attachment":[{"href":"https:\/\/mokus.zsonglor.hu\/index.php\/wp-json\/wp\/v2\/media?parent=2003"}],"curies":[{"name":"wp","href":"https:\/\/api.w.org\/{rel}","templated":true}]}}