{"id":1803,"date":"2025-01-21T14:15:18","date_gmt":"2025-01-21T14:15:18","guid":{"rendered":"https:\/\/www.zsonglor.hu\/programok"},"modified":"2025-01-21T14:15:18","modified_gmt":"2025-01-21T14:15:18","slug":"programok","status":"publish","type":"page","link":"https:\/\/mokus.zsonglor.hu\/index.php\/programok\/","title":{"rendered":"Programok"},"content":{"rendered":"\n<h2 class=\"wp-block-heading\"><a>programok<\/a><\/h2>\n\n\n\n<figure class=\"wp-block-image is-resized\"><img loading=\"lazy\" decoding=\"async\" height=\"1667\" width=\"2500\" alt=\"k\u00e9pz\u00e9s_2500px_040.jpg\" src=\"https:\/\/mokus.zsonglor.hu\/wp-content\/uploads\/2025\/01\/6f380-608210_ee90a4a9b8cf46e6b055354e9fa6a71cmv2.jpg\"><\/figure>\n\n\n\n<p>2023. december 8-9.<\/p>\n\n\n\n<h4 class=\"wp-block-heading\">\u00dajdons\u00e1gok a Cirkuszpedag\u00f3gi\u00e1ban Konferencia<\/h4>\n\n\n\n<p>Magyar Zsongl\u0151r Egyes\u00fclet idei \u00e9v\u00e9nek izgalmas eredm\u00e9nyeit, \u00fajdons\u00e1gait t\u00e1rja el\u00e9nk a k\u00e9t nap programja, mely tekinthet\u0151 egyben egy mini-k\u00e9pz\u00e9snek, tud\u00e1s\u00e1tad\u00e1snak is.<br>A t\u00e9m\u00e1k, melyeket mind gyakorlati \u00e9s elm\u00e9leti form\u00e1ban igyeksz\u00fcnk min\u00e9l \u00e9rz\u00e9kletesebben a r\u00e9sztvev\u0151k el\u00e9 t\u00e1rni.<\/p>\n\n\n\n<p>Tov\u00e1bbi inf\u00f3k a <a>fb esem\u00e9nyben<\/a>.&nbsp;<\/p>\n\n\n\n<figure class=\"wp-block-image is-resized\"><img loading=\"lazy\" decoding=\"async\" height=\"1365\" width=\"2048\" alt=\"86502410_140662467417234_456769246225602\" src=\"https:\/\/mokus.zsonglor.hu\/wp-content\/uploads\/2025\/01\/f45ea-608210_2526473eae1f452b8ee61a335d1b913fmv2.jpg\"><\/figure>\n\n\n\n<p>2021. J\u00falius 6. 09:00-18:00<\/p>\n\n\n\n<h4 class=\"wp-block-heading\">3C Cirkuszpedag\u00f3giai konferencia<\/h4>\n\n\n\n<p>A <a>3c &#8211; Circus Competencies Catalog<\/a> projekt cirkuszpedag\u00f3giai konferenci\u00e1ja, melyben besz\u00e1molunk az elm\u00falt k\u00e9t \u00e9v kutat\u00e1si eredm\u00e9nyeir\u0151l, megosztjuk legfrissebb tudom\u00e1nyos tapasztalatainkat \u00e9s a r\u00e9sztvev\u0151k kipr\u00f3b\u00e1lhatj\u00e1k magukat, fejl\u0151dhetnek t\u00f6bb szabadid\u0151s cirkuszi diszcipl\u00edn\u00e1ban.<\/p>\n\n\n\n<p><a>Fb esem\u00e9ny<\/a><\/p>\n\n\n\n<figure class=\"wp-block-image is-resized\"><img loading=\"lazy\" decoding=\"async\" height=\"2048\" width=\"1367\" alt=\"145358347_3743287759085848_6830837189025\" src=\"https:\/\/mokus.zsonglor.hu\/wp-content\/uploads\/2025\/01\/add19-608210_bdd85b4b2fc344168be8bb2d2143eefbmv2.jpg\"><\/figure>\n\n\n\n<p>2021. \u00c1prilis 30.&nbsp;<\/p>\n\n\n\n<h4 class=\"wp-block-heading\">Scretch Night nr.5.<\/h4>\n\n\n\n<p>Ism\u00e9t Scratch Night, imm\u00e1ron 5. alkalommal ker\u00fcl megrendez\u00e9sre!<\/p>\n\n\n\n<p>V\u00e1rjuk azok jelentkez\u00e9s\u00e9t, akiknek van egy k\u00e9sz\u00fcl\u0151ben l\u00e9v\u0151 el\u0151ad\u00e1sa, \u00e9s tenn\u00e9nek egy pr\u00f3ba bemutat\u00f3t. Cser\u00e9be \u00e9p\u00edt\u0151 v\u00e9lem\u00e9nyez\u00e9s hangzik el, \u00e9s fot\u00f3, vide\u00f3 anyag k\u00e9sz\u00fcl a produkci\u00f3r\u00f3l.<\/p>\n\n\n\n<p>Jelentkez\u00e9s \u00e9s r\u00e9szletek az <a>esem\u00e9nyben<\/a>.<\/p>\n\n\n\n<p>Craig Quat: Functional Juggling &#8211; A book about juggling&nbsp;<\/p>\n","protected":false},"excerpt":{"rendered":"<p>programok 2023. december 8-9. \u00dajdons\u00e1gok a Cirkuszpedag\u00f3gi\u00e1ban Konferencia Magyar Zsongl\u0151r Egyes\u00fclet idei \u00e9v\u00e9nek izgalmas eredm\u00e9nyeit, \u00fajdons\u00e1gait t\u00e1rja el\u00e9nk a k\u00e9t nap programja, mely tekinthet\u0151 egyben egy mini-k\u00e9pz\u00e9snek, tud\u00e1s\u00e1tad\u00e1snak is.A t\u00e9m\u00e1k, melyeket mind gyakorlati \u00e9s elm\u00e9leti form\u00e1ban igyeksz\u00fcnk min\u00e9l \u00e9rz\u00e9kletesebben a r\u00e9sztvev\u0151k el\u00e9 t\u00e1rni. Tov\u00e1bbi inf\u00f3k a fb esem\u00e9nyben.&nbsp; 2021. J\u00falius 6. 09:00-18:00 3C Cirkuszpedag\u00f3giai konferencia [&hellip;]<\/p>\n","protected":false},"author":1,"featured_media":0,"parent":0,"menu_order":0,"comment_status":"closed","ping_status":"closed","template":"","meta":{"footnotes":""},"class_list":["post-1803","page","type-page","status-publish","hentry"],"_links":{"self":[{"href":"https:\/\/mokus.zsonglor.hu\/index.php\/wp-json\/wp\/v2\/pages\/1803","targetHints":{"allow":["GET"]}}],"collection":[{"href":"https:\/\/mokus.zsonglor.hu\/index.php\/wp-json\/wp\/v2\/pages"}],"about":[{"href":"https:\/\/mokus.zsonglor.hu\/index.php\/wp-json\/wp\/v2\/types\/page"}],"author":[{"embeddable":true,"href":"https:\/\/mokus.zsonglor.hu\/index.php\/wp-json\/wp\/v2\/users\/1"}],"replies":[{"embeddable":true,"href":"https:\/\/mokus.zsonglor.hu\/index.php\/wp-json\/wp\/v2\/comments?post=1803"}],"version-history":[{"count":0,"href":"https:\/\/mokus.zsonglor.hu\/index.php\/wp-json\/wp\/v2\/pages\/1803\/revisions"}],"wp:attachment":[{"href":"https:\/\/mokus.zsonglor.hu\/index.php\/wp-json\/wp\/v2\/media?parent=1803"}],"curies":[{"name":"wp","href":"https:\/\/api.w.org\/{rel}","templated":true}]}}