{"id":1783,"date":"2025-01-21T14:15:18","date_gmt":"2025-01-21T14:15:18","guid":{"rendered":"https:\/\/www.zsonglor.hu\/projektjeink\/munkankafelsooktatasban"},"modified":"2025-01-21T14:15:18","modified_gmt":"2025-01-21T14:15:18","slug":"munkank-a-felsooktatasban","status":"publish","type":"page","link":"https:\/\/mokus.zsonglor.hu\/index.php\/munkank-a-felsooktatasban\/","title":{"rendered":"Munk\u00e1nk a fels\u0151oktat\u00e1sban"},"content":{"rendered":"\n<figure class=\"wp-block-image is-resized\"><img loading=\"lazy\" decoding=\"async\" height=\"3024\" width=\"4032\" alt=\"IMG_1646.JPG\" src=\"https:\/\/mokus.zsonglor.hu\/wp-content\/uploads\/2025\/01\/db2d0-608210_b880fb1ef8f3430f98f7592f95ad8f70mv2.jpg\"><\/figure>\n\n\n\n<div class=\"wp-block-group is-layout-flow wp-block-group-is-layout-flow\">\n<h1 class=\"wp-block-heading\">Munk\u00e1nk a fels\u0151oktat\u00e1sban<br>&nbsp;<\/h1>\n<\/div>\n\n\n\n<p>A Magyar Zsongl\u0151r Egyes\u00fclet 2024-ben k\u00e9t magyar egyetemmel, az \u00d3budai Egyetemmel \u00e9s a Pannon Egyetemmel dolgozik egy\u00fctt a cirkuszpedag\u00f3gia hat\u00e9kony alkalmaz\u00e1s\u00e1n. Az egy\u00fcttm\u0171k\u00f6d\u00e9sek c\u00e9lja, hogy a zsongl\u0151rk\u00f6d\u00e9s idegrendszeri fejleszt\u0151 \u00e9s tanul\u00e1st seg\u00edt\u0151 hat\u00e1s\u00e1t integr\u00e1lj\u00e1k az egyetemi oktat\u00e1sba, igazodva az egyes int\u00e9zm\u00e9nyek speci\u00e1lis ig\u00e9nyeihez.<\/p>\n\n\n\n<h2 class=\"wp-block-heading\">\u00d3budai Egyetem \u2013 Budapest<\/h2>\n\n\n\n<p>Az \u00d3budai Egyetemmel 2017 \u00f3ta dolgozunk egy\u00fctt. Az itt ind\u00edtott Zsongl\u0151rk\u00f6d\u00e9s a hat\u00e9kony tanul\u00e1shoz szabadon v\u00e1laszthat\u00f3 kurzus gyakorlati \u00e9s elm\u00e9leti modulokb\u00f3l \u00e9p\u00fcl fel.<\/p>\n\n\n\n<p><\/p>\n\n\n\n<p><\/p>\n\n\n\n<figure class=\"wp-block-image is-resized\"><img loading=\"lazy\" decoding=\"async\" height=\"4032\" width=\"3024\" alt=\"IMG_4999.JPG\" src=\"https:\/\/mokus.zsonglor.hu\/wp-content\/uploads\/2025\/01\/1aeb1-608210_60da051cdd7f4b81a5ff268e40cd6331mv2.jpg\"><\/figure>\n\n\n\n<p>Egy\u00fcttm\u0171k\u00f6d\u00e9seink igazolj\u00e1k a cirkuszpedag\u00f3gia akad\u00e9miai szint\u0171 alkalmazhat\u00f3s\u00e1g\u00e1t, \u00e9s preszt\u00edzst biztos\u00edtanak m\u00f3dszer\u00fcnk sz\u00e1m\u00e1ra. Az \u00d3budai Egyetemen h\u00e1rom szakmai publik\u00e1ci\u00f3 sz\u00fcletett a programr\u00f3l, m\u00edg a Pannon Egyetemen a m\u00f3dszer stabil r\u00e9sz\u00e9v\u00e9 v\u00e1lt az egyetemi k\u00e9pz\u00e9si k\u00edn\u00e1latnak. A k\u00f6z\u00f6s munka p\u00e9lda\u00e9rt\u00e9k\u0171 lehet m\u00e1s fels\u0151oktat\u00e1si int\u00e9zm\u00e9nyek sz\u00e1m\u00e1ra is.<\/p>\n\n\n\n\n    \n        \n    \n\n\n\n\n<h2 class=\"wp-block-heading\"><a>Prokai, Piroska &amp; P\u00e1l, L\u00e1szl\u00f3 Bendeg\u00faz (2024): Juggling for Effective Learning &#8211; Methods to Encourage the Acquisition of New Skills in an Optional Course at \u00d3buda University<\/a><\/h2>\n\n\n\n\n    \n        \n    \n\n\n\n\n<h2 class=\"wp-block-heading\"><a>Prokai, Piroska &amp; P\u00e1l, L\u00e1szl\u00f3 Bendeg\u00faz (2024): Juggling for Effective Learning &#8211; Methods to Encourage the Acquisition of New Skills in an Optional Course at \u00d3buda University<\/a><\/h2>\n\n\n\n\n    \n        \n    \n\n\n\n\n<h2 class=\"wp-block-heading\"><a>Prokai, Piroska &amp; P\u00e1l, L\u00e1szl\u00f3 Bendeg\u00faz (2024): Juggling for Effective Learning &#8211; Methods to Encourage the Acquisition of New Skills in an Optional Course at \u00d3buda University<\/a><\/h2>\n","protected":false},"excerpt":{"rendered":"<p>Munk\u00e1nk a fels\u0151oktat\u00e1sban&nbsp; A Magyar Zsongl\u0151r Egyes\u00fclet 2024-ben k\u00e9t magyar egyetemmel, az \u00d3budai Egyetemmel \u00e9s a Pannon Egyetemmel dolgozik egy\u00fctt a cirkuszpedag\u00f3gia hat\u00e9kony alkalmaz\u00e1s\u00e1n. Az egy\u00fcttm\u0171k\u00f6d\u00e9sek c\u00e9lja, hogy a zsongl\u0151rk\u00f6d\u00e9s idegrendszeri fejleszt\u0151 \u00e9s tanul\u00e1st seg\u00edt\u0151 hat\u00e1s\u00e1t integr\u00e1lj\u00e1k az egyetemi oktat\u00e1sba, igazodva az egyes int\u00e9zm\u00e9nyek speci\u00e1lis ig\u00e9nyeihez. \u00d3budai Egyetem \u2013 Budapest Az \u00d3budai Egyetemmel 2017 \u00f3ta [&hellip;]<\/p>\n","protected":false},"author":1,"featured_media":0,"parent":0,"menu_order":0,"comment_status":"closed","ping_status":"closed","template":"","meta":{"footnotes":""},"class_list":["post-1783","page","type-page","status-publish","hentry"],"_links":{"self":[{"href":"https:\/\/mokus.zsonglor.hu\/index.php\/wp-json\/wp\/v2\/pages\/1783","targetHints":{"allow":["GET"]}}],"collection":[{"href":"https:\/\/mokus.zsonglor.hu\/index.php\/wp-json\/wp\/v2\/pages"}],"about":[{"href":"https:\/\/mokus.zsonglor.hu\/index.php\/wp-json\/wp\/v2\/types\/page"}],"author":[{"embeddable":true,"href":"https:\/\/mokus.zsonglor.hu\/index.php\/wp-json\/wp\/v2\/users\/1"}],"replies":[{"embeddable":true,"href":"https:\/\/mokus.zsonglor.hu\/index.php\/wp-json\/wp\/v2\/comments?post=1783"}],"version-history":[{"count":0,"href":"https:\/\/mokus.zsonglor.hu\/index.php\/wp-json\/wp\/v2\/pages\/1783\/revisions"}],"wp:attachment":[{"href":"https:\/\/mokus.zsonglor.hu\/index.php\/wp-json\/wp\/v2\/media?parent=1783"}],"curies":[{"name":"wp","href":"https:\/\/api.w.org\/{rel}","templated":true}]}}