{"id":1713,"date":"2025-01-21T14:15:18","date_gmt":"2025-01-21T14:15:18","guid":{"rendered":"https:\/\/www.zsonglor.hu\/szakirodalmak"},"modified":"2025-01-21T14:15:18","modified_gmt":"2025-01-21T14:15:18","slug":"szakirodalmak","status":"publish","type":"page","link":"https:\/\/mokus.zsonglor.hu\/index.php\/szakirodalmak\/","title":{"rendered":"Szakirodalmak"},"content":{"rendered":"\n<h2 class=\"wp-block-heading\">Cirkuszi szakirodalmak<\/h2>\n\n\n\n<h2 class=\"wp-block-heading\">angol nyelv\u0171 szakirodalom<br>&nbsp;<\/h2>\n\n\n\n\n    \n        \n        \n        \n    \n\n\n\n\n<p>Bolton, Reg:&nbsp;<a>Why Circus works?<\/a>, 2004, Murdoch University, Perth<\/p>\n\n\n\n<p><\/p>\n\n\n\n<h2 class=\"wp-block-heading\">magyar nyelv\u0171 szakirodalom<br>&nbsp;<\/h2>\n\n\n\n\n    \n        \n        \n        \n    \n\n\n\n\n<p>Magyar Zsongl\u0151r Egyes\u00fclet, A cirkusz mindenki\u00e9, 2021<\/p>\n\n\n\n\n    \n        \n        \n        \n    \n\n\n\n\n<p>Cs\u0171r\u00f6s D\u00f3ra &#8211; \u201cTiszta sz\u00edvvel bet\u00f6r\u00f6k&#8230;\u201d Avagy a szocil\u00e1lis cirkusz lehets\u00e9ges ter\u00e1pi\u00e1s hat\u00e1sai<\/p>\n\n\n\n\n    \n        \n        \n        \n    \n\n\n\n\n<p>Cs\u0171r\u00f6s D\u00f3ra &#8211; Cirkuszfoglalkoz\u00e1sok a gyermekpszichi\u00e1tri\u00e1n&nbsp;<\/p>\n\n\n\n\n    \n        \n        \n        \n    \n\n\n\n\n<p>Fekete-Ny\u00edri \u00c9va M\u00e1ria &#8211; A szoci\u00e1lis cirkusz, mint a szoci\u00e1lis k\u00e9pess\u00e9gek fejleszt\u00e9s\u00e9nek m\u00f3dszere<\/p>\n\n\n\n\n    \n        \n        \n        \n    \n\n\n\n\n<h6 class=\"wp-block-heading\">Gallyas Veronika, Szab\u00f3 M\u00e1rton:<br>A szoci\u00e1lis cirkuszi m\u00f3dszer \u00e9s haszn\u00e1lati lehet\u0151s\u00e9gei a k\u00f6zoktat\u00e1sban<\/h6>\n\n\n\n\n    \n        \n        \n        \n    \n\n\n\n\n<h6 class=\"wp-block-heading\">Circus A.C.T k\u00e9zik\u00f6nyv<\/h6>\n\n\n\n<h4 class=\"wp-block-heading\">Fontos h\u00e1l\u00f3zatok tov\u00e1bbi szakirodalom-gy\u0171jtem\u00e9nyei<\/h4>\n\n\n\n\n    \n        \n        \n        \n    \n\n\n\n\n<p><a>www.circusartsresearchplatform.com &#8211;<\/a>&nbsp; CARP projekt keret\u00e9ben \u00f6sszegy\u0171jt\u00f6tt cirkuszi t\u00e9m\u00e1j\u00fa kutat\u00e1sok gy\u0171jt\u0151 oldala.<\/p>\n","protected":false},"excerpt":{"rendered":"<p>Cirkuszi szakirodalmak angol nyelv\u0171 szakirodalom&nbsp; Bolton, Reg:&nbsp;Why Circus works?, 2004, Murdoch University, Perth magyar nyelv\u0171 szakirodalom&nbsp; Magyar Zsongl\u0151r Egyes\u00fclet, A cirkusz mindenki\u00e9, 2021 Cs\u0171r\u00f6s D\u00f3ra &#8211; \u201cTiszta sz\u00edvvel bet\u00f6r\u00f6k&#8230;\u201d Avagy a szocil\u00e1lis cirkusz lehets\u00e9ges ter\u00e1pi\u00e1s hat\u00e1sai Cs\u0171r\u00f6s D\u00f3ra &#8211; Cirkuszfoglalkoz\u00e1sok a gyermekpszichi\u00e1tri\u00e1n&nbsp; Fekete-Ny\u00edri \u00c9va M\u00e1ria &#8211; A szoci\u00e1lis cirkusz, mint a szoci\u00e1lis k\u00e9pess\u00e9gek fejleszt\u00e9s\u00e9nek m\u00f3dszere [&hellip;]<\/p>\n","protected":false},"author":1,"featured_media":0,"parent":0,"menu_order":0,"comment_status":"closed","ping_status":"closed","template":"","meta":{"footnotes":""},"class_list":["post-1713","page","type-page","status-publish","hentry"],"_links":{"self":[{"href":"https:\/\/mokus.zsonglor.hu\/index.php\/wp-json\/wp\/v2\/pages\/1713","targetHints":{"allow":["GET"]}}],"collection":[{"href":"https:\/\/mokus.zsonglor.hu\/index.php\/wp-json\/wp\/v2\/pages"}],"about":[{"href":"https:\/\/mokus.zsonglor.hu\/index.php\/wp-json\/wp\/v2\/types\/page"}],"author":[{"embeddable":true,"href":"https:\/\/mokus.zsonglor.hu\/index.php\/wp-json\/wp\/v2\/users\/1"}],"replies":[{"embeddable":true,"href":"https:\/\/mokus.zsonglor.hu\/index.php\/wp-json\/wp\/v2\/comments?post=1713"}],"version-history":[{"count":0,"href":"https:\/\/mokus.zsonglor.hu\/index.php\/wp-json\/wp\/v2\/pages\/1713\/revisions"}],"wp:attachment":[{"href":"https:\/\/mokus.zsonglor.hu\/index.php\/wp-json\/wp\/v2\/media?parent=1713"}],"curies":[{"name":"wp","href":"https:\/\/api.w.org\/{rel}","templated":true}]}}