{"id":1703,"date":"2025-01-21T14:15:18","date_gmt":"2025-01-21T14:15:18","guid":{"rendered":"https:\/\/www.zsonglor.hu\/diversabilitycircus"},"modified":"2025-01-21T14:15:18","modified_gmt":"2025-01-21T14:15:18","slug":"diversability-circus","status":"publish","type":"page","link":"https:\/\/mokus.zsonglor.hu\/index.php\/diversability-circus\/","title":{"rendered":"Diversability Circus"},"content":{"rendered":"\n<div class=\"wp-block-group is-layout-flow wp-block-group-is-layout-flow\">\n<h1 class=\"wp-block-heading\">Diversability circus<\/h1>\n<\/div>\n\n\n\n<h2 class=\"wp-block-heading\">A projektr\u0151l<\/h2>\n\n\n\n<p>A k\u00f6z\u00f6s munk\u00e1t k\u00e9t f\u0151 t\u00e9nyez\u0151 \u00f6sszefon\u00f3d\u00e1sa motiv\u00e1lja: az innovat\u00edv \u00e9s inkluz\u00edv oktat\u00e1si lehet\u0151s\u00e9gek ny\u00fajt\u00e1s\u00e1ra ir\u00e1nyul\u00f3 v\u00e1gy, valamint a cirkuszpedag\u00f3gia \u00e1talak\u00edt\u00f3 potenci\u00e1lj\u00e1nak felismer\u00e9se.<\/p>\n\n\n\n<p>A pedag\u00f3giai, anyagi \u00e9s t\u00e1rsadalmi probl\u00e9m\u00e1k felold\u00e1s\u00e1ra keress\u00fck a v\u00e1laszt a speci\u00e1lis ig\u00e9ny\u0171 fiatalok sz\u00e1m\u00e1ra partnereinkkel.&nbsp;<\/p>\n\n\n\n<p><\/p>\n\n\n\n<p>A projekt c\u00e9lja, hogy pedag\u00f3giai fejleszt\u00e9ssel seg\u00edtse az oktat\u00f3kat hat\u00e9konyan kommunik\u00e1lni \u00e9s egy\u00fcttm\u0171k\u00f6dni a speci\u00e1lis ig\u00e9ny\u0171 fiatalokkal, hangs\u00falyt fektetve a tudatoss\u00e1g, adapt\u00e1ci\u00f3, kommunik\u00e1ci\u00f3 \u00e9s emp\u00e1tia fejleszt\u00e9s\u00e9re. Az anyagi hozz\u00e1f\u00e9rhet\u0151s\u00e9g ter\u00e9n specializ\u00e1lt cirkuszi felszerel\u00e9sek \u00e9s eszk\u00f6z\u00f6k l\u00e9trehoz\u00e1sa t\u00f6rt\u00e9nik, hogy lehet\u0151v\u00e9 tegy\u00e9k a s\u00e9r\u00fclt fiatalok teljes r\u00e9szv\u00e9tel\u00e9t \u00e9s \u00e9lvezet\u00e9t a cirkuszi tev\u00e9kenys\u00e9gekben. Tov\u00e1bb\u00e1, a t\u00e1rsadalmi integr\u00e1ci\u00f3 el\u0151seg\u00edt\u00e9se \u00e9rdek\u00e9ben a projekt cirkuszi tev\u00e9kenys\u00e9gek szervez\u00e9s\u00e9t c\u00e9lozza meg, amelyek lehet\u0151v\u00e9 teszik a kreat\u00edv kifejez\u00e9st \u00e9s teljes\u00edtm\u00e9nyt, ezzel t\u00e1mogatva a speci\u00e1lis ig\u00e9ny\u0171 fiatalokat abban, hogy megmutass\u00e1k k\u00e9pess\u00e9geiket \u00e9s levetk\u0151zz\u00e9k a t\u00e1rsadalmi sztereot\u00edpi\u00e1kat \u00e9s el\u0151\u00edt\u00e9leteket.<\/p>\n\n\n\n<p><\/p>\n\n\n\n<p>Tev\u00e9kenys\u00e9geink:<\/p>\n\n\n\n<ul class=\"wp-block-list\"><li>Cirkuszpedag\u00f3giai k\u00e9pz\u00e9si kurzus tervez\u00e9se \u00e9s megval\u00f3s\u00edt\u00e1sa oktat\u00f3k sz\u00e1m\u00e1ra.<\/li><li>Tr\u00e9ningek a partnerorsz\u00e1gokban szem\u00e9lyes, t\u00e1rsadalmi \u00e9s szakmai kompetenci\u00e1k fejleszt\u00e9se \u00e9rdek\u00e9ben.<\/li><li>Esem\u00e9nyek szervez\u00e9se a r\u00e9sztvev\u0151k k\u00e9szs\u00e9geinek bemutat\u00e1s\u00e1ra \u00e9s az inkluz\u00edv pedag\u00f3gia n\u00e9pszer\u0171s\u00edt\u00e9s\u00e9re.<\/li><\/ul>\n\n\n\n<p><\/p>\n\n\n\n<p><a>Kick Off Meeting<\/a>,&nbsp; Campogalliano, Olaszorsz\u00e1g 2024.04.26-05.03<\/p>\n\n\n\n<p><\/p>\n\n\n\n<p>A Magyar Zsongl\u0151r Egyes\u00fclet prezent\u00e1ci\u00f3i <a><strong>itt<\/strong><\/a> \u00e9rhet\u0151k el.<\/p>\n\n\n\n<p><\/p>\n\n\n\n<p><a>Hogyan<\/a> haszn\u00e1ljuk a cirkuszt speci\u00e1lis ig\u00e9ny\u0171 csoportokn\u00e1l? \u00c9rsek\u00fajv\u00e1r, Szlov\u00e1kia 2024.10.22.-2024.10.26.<\/p>\n\n\n\n<p><\/p>\n\n\n\n<p>Partnereink<\/p>\n\n\n\n<p>Association La Villa, France (&nbsp;<a>https:\/\/la-villa.org\/<\/a>&nbsp;)<\/p>\n\n\n\n<p>Drustvo CIK, Slovenia (&nbsp;<a>https:\/\/cirkuslabulle.wordpress.com\/<\/a>&nbsp;)<\/p>\n\n\n\n<p>LUNEnuove Cooperativa Sociale, Italy (&nbsp;<a>https:\/\/www.lunenuove.it\/<\/a>&nbsp;)<\/p>\n\n\n\n<p>Trapiti, Slovakia (<a>http:\/\/www.trapiti.eu\/<\/a>&nbsp;)<\/p>\n\n\n\n<figure class=\"wp-block-gallery columns-3 is-cropped wp-block-gallery-1 is-layout-flex wp-block-gallery-is-layout-flex\"><ul class=\"blocks-gallery-grid\"><li class=\"blocks-gallery-item\"><figure><img decoding=\"async\" class=\"wp-image-231\" data-id=\"231\" alt=\"\" src=\"https:\/\/inspiral89.wordpress.com\/wp-content\/uploads\/2025\/01\/e6e46-608210_b41eada8dc9c482fbc4a16a61cf95366mv2.jpg\"><\/figure><\/li><li class=\"blocks-gallery-item\"><figure><img decoding=\"async\" class=\"wp-image-232\" data-id=\"232\" alt=\"\" src=\"https:\/\/inspiral89.wordpress.com\/wp-content\/uploads\/2025\/01\/609a7-608210_51b49cc4cacc4ee583dbba2133ac0246mv2.jpeg\"><\/figure><\/li><li class=\"blocks-gallery-item\"><figure><img decoding=\"async\" class=\"wp-image-233\" data-id=\"233\" alt=\"\" src=\"https:\/\/inspiral89.wordpress.com\/wp-content\/uploads\/2025\/01\/8f972-608210_65dd4bc3c121401bafced20b63bdcd71mv2.png\"><\/figure><\/li><li class=\"blocks-gallery-item\"><figure><img decoding=\"async\" class=\"wp-image-234\" data-id=\"234\" alt=\"\" src=\"https:\/\/inspiral89.wordpress.com\/wp-content\/uploads\/2025\/01\/1bfb3-608210_1e6ca9efc4764615aa040ddf6a60b543mv2.png\"><\/figure><\/li><li class=\"blocks-gallery-item\"><figure><img decoding=\"async\" class=\"wp-image-235\" data-id=\"235\" alt=\"\" src=\"https:\/\/inspiral89.wordpress.com\/wp-content\/uploads\/2025\/01\/31382-608210_4f65014ae1c74c0696c3a90553d96245mv2.jpg\"><\/figure><\/li><li class=\"blocks-gallery-item\"><figure><img decoding=\"async\" class=\"wp-image-236\" data-id=\"236\" alt=\"\" src=\"https:\/\/inspiral89.wordpress.com\/wp-content\/uploads\/2025\/01\/c8664-608210_e52826eeb82946ada9d7578ae2827a50mv2.jpg\"><\/figure><\/li><li class=\"blocks-gallery-item\"><figure><img decoding=\"async\" class=\"wp-image-237\" data-id=\"237\" alt=\"\" src=\"https:\/\/inspiral89.wordpress.com\/wp-content\/uploads\/2025\/01\/d4603-608210_149f8c0da69741b29933b5da7f0c4f94mv2.jpg\"><\/figure><\/li><li class=\"blocks-gallery-item\"><figure><img decoding=\"async\" class=\"wp-image-238\" data-id=\"238\" alt=\"\" src=\"https:\/\/inspiral89.wordpress.com\/wp-content\/uploads\/2025\/01\/ee470-608210_81a4efdbdae146028b4284afd7eb10c1mv2.jpeg\"><\/figure><\/li><li class=\"blocks-gallery-item\"><figure><img decoding=\"async\" class=\"wp-image-239\" data-id=\"239\" alt=\"\" src=\"https:\/\/inspiral89.wordpress.com\/wp-content\/uploads\/2025\/01\/f0a02-608210_e7745c565e2244ebb3c95583fc5e95e5mv2.png\"><\/figure><\/li><li class=\"blocks-gallery-item\"><figure><img decoding=\"async\" class=\"wp-image-240\" data-id=\"240\" alt=\"\" src=\"https:\/\/inspiral89.wordpress.com\/wp-content\/uploads\/2025\/01\/8f5bc-608210_0ece12f295c04a85ba828fb87110d028mv2.png\"><\/figure><\/li><li class=\"blocks-gallery-item\"><figure><img decoding=\"async\" class=\"wp-image-241\" data-id=\"241\" alt=\"\" src=\"https:\/\/inspiral89.wordpress.com\/wp-content\/uploads\/2025\/01\/8fd07-608210_ebd9465982134fedbcdbe706acf75797mv2.jpg\"><\/figure><\/li><\/ul><\/figure>\n\n\n\n<figure class=\"wp-block-image is-resized\"><img loading=\"lazy\" decoding=\"async\" height=\"572\" width=\"2000\" alt=\"\" src=\"https:\/\/inspiral89.wordpress.com\/wp-content\/uploads\/2025\/01\/436fc-885657_78ccb777a0f44b9095c64e9a701bb219mv2.png\"><\/figure>\n\n\n\n<figure class=\"wp-block-image is-resized\"><img loading=\"lazy\" decoding=\"async\" height=\"1305\" width=\"2670\" alt=\"\" src=\"https:\/\/inspiral89.wordpress.com\/wp-content\/uploads\/2025\/01\/1dfba-608210_d323b5afbcc3444fb5c6684919d896bcmv2.png\"><\/figure>\n\n\n\n<figure class=\"wp-block-image is-resized\"><img loading=\"lazy\" decoding=\"async\" height=\"95\" width=\"180\" alt=\"\" src=\"https:\/\/inspiral89.wordpress.com\/wp-content\/uploads\/2025\/01\/2681c-608210_4bf4667ce5064b2b80e980475f9c3da2mv2.png\"><\/figure>\n\n\n\n<figure class=\"wp-block-image is-resized\"><img loading=\"lazy\" decoding=\"async\" height=\"297\" width=\"300\" alt=\"\" src=\"https:\/\/inspiral89.wordpress.com\/wp-content\/uploads\/2025\/01\/a6442-608210_7b0e4a6129684fdc8d9c6664ca331d5emv2.png\"><\/figure>\n\n\n\n<figure class=\"wp-block-image is-resized\"><img loading=\"lazy\" decoding=\"async\" height=\"1344\" width=\"1422\" alt=\"Logo La villa.png\" src=\"https:\/\/mokus.zsonglor.hu\/wp-content\/uploads\/2025\/01\/04164-608210_c17f1d683c1a4743add9e042d40296f9mv2.png\"><\/figure>\n\n\n\n<figure class=\"wp-block-image is-resized\"><img loading=\"lazy\" decoding=\"async\" height=\"1172\" width=\"990\" alt=\"\" src=\"https:\/\/inspiral89.wordpress.com\/wp-content\/uploads\/2025\/01\/a0931-608210_eee89f470b104b3f820f9d3e42e27c07mv2.png\"><\/figure>\n","protected":false},"excerpt":{"rendered":"<p>Diversability circus A projektr\u0151l A k\u00f6z\u00f6s munk\u00e1t k\u00e9t f\u0151 t\u00e9nyez\u0151 \u00f6sszefon\u00f3d\u00e1sa motiv\u00e1lja: az innovat\u00edv \u00e9s inkluz\u00edv oktat\u00e1si lehet\u0151s\u00e9gek ny\u00fajt\u00e1s\u00e1ra ir\u00e1nyul\u00f3 v\u00e1gy, valamint a cirkuszpedag\u00f3gia \u00e1talak\u00edt\u00f3 potenci\u00e1lj\u00e1nak felismer\u00e9se. A pedag\u00f3giai, anyagi \u00e9s t\u00e1rsadalmi probl\u00e9m\u00e1k felold\u00e1s\u00e1ra keress\u00fck a v\u00e1laszt a speci\u00e1lis ig\u00e9ny\u0171 fiatalok sz\u00e1m\u00e1ra partnereinkkel.&nbsp; A projekt c\u00e9lja, hogy pedag\u00f3giai fejleszt\u00e9ssel seg\u00edtse az oktat\u00f3kat hat\u00e9konyan kommunik\u00e1lni \u00e9s [&hellip;]<\/p>\n","protected":false},"author":1,"featured_media":0,"parent":0,"menu_order":0,"comment_status":"closed","ping_status":"closed","template":"","meta":{"footnotes":""},"class_list":["post-1703","page","type-page","status-publish","hentry"],"_links":{"self":[{"href":"https:\/\/mokus.zsonglor.hu\/index.php\/wp-json\/wp\/v2\/pages\/1703","targetHints":{"allow":["GET"]}}],"collection":[{"href":"https:\/\/mokus.zsonglor.hu\/index.php\/wp-json\/wp\/v2\/pages"}],"about":[{"href":"https:\/\/mokus.zsonglor.hu\/index.php\/wp-json\/wp\/v2\/types\/page"}],"author":[{"embeddable":true,"href":"https:\/\/mokus.zsonglor.hu\/index.php\/wp-json\/wp\/v2\/users\/1"}],"replies":[{"embeddable":true,"href":"https:\/\/mokus.zsonglor.hu\/index.php\/wp-json\/wp\/v2\/comments?post=1703"}],"version-history":[{"count":0,"href":"https:\/\/mokus.zsonglor.hu\/index.php\/wp-json\/wp\/v2\/pages\/1703\/revisions"}],"wp:attachment":[{"href":"https:\/\/mokus.zsonglor.hu\/index.php\/wp-json\/wp\/v2\/media?parent=1703"}],"curies":[{"name":"wp","href":"https:\/\/api.w.org\/{rel}","templated":true}]}}