{"id":1573,"date":"2025-01-21T14:15:18","date_gmt":"2025-01-21T14:15:18","guid":{"rendered":"https:\/\/www.zsonglor.hu\/3c"},"modified":"2025-01-21T14:15:18","modified_gmt":"2025-01-21T14:15:18","slug":"3c-circus-competencies-catalog","status":"publish","type":"page","link":"https:\/\/mokus.zsonglor.hu\/index.php\/3c-circus-competencies-catalog\/","title":{"rendered":"3C &#8211; Circus Competencies Catalog"},"content":{"rendered":"\n<h2 class=\"wp-block-heading\">3C &#8211; Circus Competencies Catalog<\/h2>\n\n\n\n<div class=\"wp-block-button\"><a class=\"wp-block-button__link\">Continue<\/a><\/div>\n\n\n\n<p>Szellemi term\u00e9kek<\/p>\n\n\n\n<div class=\"wp-block-button\"><a class=\"wp-block-button__link\">Continue<\/a><\/div>\n\n\n\n<p>Gal\u00e9ria<\/p>\n\n\n\n<div class=\"wp-block-button\"><a class=\"wp-block-button__link\">Continue<\/a><\/div>\n\n\n\n<p>Vide\u00f3k<\/p>\n\n\n\n<p>A 3C projekt h\u00e1rom orsz\u00e1g (Magyar-, Cseh-, Olaszorsz\u00e1g) egy\u00fcttm\u0171k\u00f6d\u00e9se a cirkuszi tud\u00e1sanyag egyes\u00edt\u00e9s\u00e9\u00e9rt, el\u00e9rhet\u0151v\u00e9 t\u00e9tel\u00e9\u00e9rt. . Eur\u00f3pai tud\u00e1st\u00e1rb\u00f3l keres\u00fcnk megold\u00e1sokat \u00e9s v\u00e1laszokat a hazai k\u00e9rd\u00e9seinkre adott v\u00e1laszokhoz.&nbsp;<\/p>\n\n\n\n<p>A projekt 2 \u00e9ve sor\u00e1n 2019-2021 k\u00f6z\u00f6tt a cirkuszoktat\u00e1s ter\u00fclet\u00e9n publik\u00e1lunk digit\u00e1lis form\u00e1ban hi\u00e1nyp\u00f3tl\u00f3 kiadv\u00e1nyokat.&nbsp;<\/p>\n\n\n\n<p>A kiadv\u00e1nyok az orsz\u00e1gok saj\u00e1t nyelv\u00e9n megjelen\u0151 cirkuszpedag\u00f3gia k\u00f6nyvek, amelyek seg\u00edtenek a hazai szakembereknek, hogy a t\u00e9m\u00e1ban elm\u00e9lyedjenek. Az els\u0151dleges c\u00e9lcsoport itt az oktat\u00e1si, eg\u00e9szs\u00e9g\u00fcgyi \u00e9s szoci\u00e1lis szektor szakemberei, akik a cirkuszt mint hat\u00e9kony eszk\u00f6zt k\u00edv\u00e1nj\u00e1k be\u00e9p\u00edteni a m\u00f3dszertanukba, de mindeddig nem volt hozz\u00e1f\u00e9r\u00e9s\u00fck a szakirodalmakhoz az anyanyelv\u00fck\u00f6n.&nbsp;<\/p>\n\n\n\n<p><\/p>\n\n\n\n<p>A projektben a k\u00e9t partnerrel (<a>Cirqueon <\/a>&#8211; CZ, <a>Circo Tascabile<\/a> &#8211; IT) egym\u00e1st\u00f3l tanulva fejlesztj\u00fck cirkuszpedag\u00f3gia tud\u00e1sunkat. Ennek \u00e9rdek\u00e9ben k\u00f6z\u00f6sen tanulm\u00e1nyozzuk \u00e9s megvitatjuk a nemzetk\u00f6zi cirkuszi oktat\u00e1si szakirodalmat&nbsp; &#8211; amely anyagot j\u00f3r\u00e9szt ismerj\u00fck, azonban egym\u00e1s k\u00f6z\u00f6tti megvitat\u00e1sa egy rendszerezett, \u00e1tadhat\u00f3 tud\u00e1st eredm\u00e9nyez, amelyet hazai k\u00f6r\u00fclm\u00e9nyekre adapt\u00e1lunk.&nbsp;<\/p>\n\n\n\n<p>2020-ban teszttr\u00e9ningek keret\u00e9ben is tal\u00e1lkoztunk, melyek eredm\u00e9nyek\u00e9ppen v\u00e9gleges\u00edt\u00e9sre ker\u00fclnek olyan k\u00e9pz\u00e9sek e t\u00e9m\u00e1ban, melyeknek akkredit\u00e1l\u00e1s\u00e1n dolgozunk.&nbsp;<\/p>\n\n\n\n<p>2021-es \u00e9v els\u0151 fele legink\u00e1bb a projekt eredm\u00e9nyeinek sz\u00e9lesk\u00f6r\u0171 terjeszt\u00e9s\u00e9vel fog telni, amikor is a Circonferenzia sorozat h\u00e1rom \u00e1llom\u00e1s\u00e1n interakt\u00edv oktat\u00f3 form\u00e1ban lehet az \u00f6sszegy\u0171jt\u00f6tt tud\u00e1sanyaghoz hozz\u00e1f\u00e9r\u00e9s nyerni. Ezen k\u00edv\u00fcl webin\u00e1riumainkon, szellemi term\u00e9keinken kereszt\u00fcl is megismerhetitek a projekteredm\u00e9nyeinket.&nbsp;<\/p>\n\n\n\n<p><\/p>\n\n\n\n<p>A projekt keret\u00e9n bel\u00fcl k\u00e9sz\u00fclt szellemi term\u00e9kek:&nbsp;<\/p>\n\n\n\n<p><\/p>\n\n\n\n<p><\/p>\n\n\n\n<p><\/p>\n\n\n\n<p><\/p>\n\n\n\n<p><\/p>\n\n\n\n<p>Tov\u00e1bbi r\u00e9szletek a projektr\u0151l a&nbsp;<a>3C facebook oldal\u00e1n<\/a>.<\/p>\n\n\n\n\n    \n        \n        \n        \n    \n\n\n\n\n<p>Craig Quat: Functional Juggling &#8211; A book about juggling&nbsp;<\/p>\n\n\n\n\n    \n        \n        \n        \n    \n\n\n\n\n<p>Cirkuszi kutat\u00e1sok absztraktjai<\/p>\n\n\n\n\n    \n        \n        \n        \n    \n\n\n\n\n<p>Szoci\u00e1lis cirkuszi k\u00e9pz\u00e9s tematika &#8211; \u00f6sszefoglal\u00f3<\/p>\n\n\n\n\n    \n        \n        \n        \n    \n\n\n\n\n<p>Kutat\u00e1sok, tanulm\u00e1nyok a zsongl\u0151rk\u00f6d\u00e9s neurol\u00f3giai, fiziol\u00f3giai, pszichol\u00f3giai hat\u00e1sair\u00f3l &#8211; c\u00edmlista<\/p>\n\n\n\n\n    \n        \n        \n        \n    \n\n\n\n\n<p>Szab\u00f3 M\u00e1rton: 3C szoci\u00e1lis cirkuszi webin\u00e1riumok: Szakirodalom \u00f6sszefoglal\u00f3k<\/p>\n\n\n\n<p>1. <a>Steven Desanghere: Look at me<\/a><\/p>\n\n\n\n<p>2. <a>Reg Bolton: Why circus works<\/a><\/p>\n\n\n\n<p>3. <a>Cirque du monde &#8211; Community Worker&#8217;s Guide, Code of Ethics&nbsp;<\/a><\/p>\n\n\n\n<p>4. <a>Effective Circus: Wellbeing effects of Social Circus, Studying Social Circus<\/a><\/p>\n\n\n\n<p>5. <a>Caravan: Framework of Competences of Social Circus Trainers, Eyco: CATE<\/a><\/p>\n\n\n\n<p>6. <a>Circo Verso, Steven Desanghere: The privilege of being able to sit still<\/a><\/p>\n\n\n\n\n    \n        \n        \n        \n    \n\n\n\n\n<p>Magyar Zsongl\u0151r Egyes\u00fclet: A cirkusz mindenki\u00e9<\/p>\n\n\n\n\n    \n        \n        \n        \n    \n\n\n\n\n<p>Lapo Botteri: Motor capacities in the Educational Circus<\/p>\n\n\n\n<figure class=\"wp-block-image is-resized\"><img loading=\"lazy\" decoding=\"async\" height=\"1898\" width=\"1898\" alt=\"86486609_140111837472297_122269269427958\" src=\"https:\/\/mokus.zsonglor.hu\/wp-content\/uploads\/2025\/01\/200ae-608210_2064785bbbec46838811015037d2f803mv2.png\"><\/figure>\n\n\n\n<figure class=\"wp-block-image is-resized\"><img loading=\"lazy\" decoding=\"async\" height=\"572\" width=\"2000\" alt=\"2000px-Erasmus+_Logo.svg.png\" src=\"https:\/\/inspiral89.wordpress.com\/wp-content\/uploads\/2025\/01\/34817-885657_93324f46d38d445daa517cc0ab7b8a3fmv2.png\"><\/figure>\n\n\n\n<p><\/p>\n\n\n\n<p><\/p>\n\n\n\n<p><\/p>\n","protected":false},"excerpt":{"rendered":"<p>3C &#8211; Circus Competencies Catalog Szellemi term\u00e9kek Gal\u00e9ria Vide\u00f3k A 3C projekt h\u00e1rom orsz\u00e1g (Magyar-, Cseh-, Olaszorsz\u00e1g) egy\u00fcttm\u0171k\u00f6d\u00e9se a cirkuszi tud\u00e1sanyag egyes\u00edt\u00e9s\u00e9\u00e9rt, el\u00e9rhet\u0151v\u00e9 t\u00e9tel\u00e9\u00e9rt. . Eur\u00f3pai tud\u00e1st\u00e1rb\u00f3l keres\u00fcnk megold\u00e1sokat \u00e9s v\u00e1laszokat a hazai k\u00e9rd\u00e9seinkre adott v\u00e1laszokhoz.&nbsp; A projekt 2 \u00e9ve sor\u00e1n 2019-2021 k\u00f6z\u00f6tt a cirkuszoktat\u00e1s ter\u00fclet\u00e9n publik\u00e1lunk digit\u00e1lis form\u00e1ban hi\u00e1nyp\u00f3tl\u00f3 kiadv\u00e1nyokat.&nbsp; A kiadv\u00e1nyok az orsz\u00e1gok [&hellip;]<\/p>\n","protected":false},"author":1,"featured_media":0,"parent":0,"menu_order":0,"comment_status":"closed","ping_status":"closed","template":"","meta":{"footnotes":""},"class_list":["post-1573","page","type-page","status-publish","hentry"],"_links":{"self":[{"href":"https:\/\/mokus.zsonglor.hu\/index.php\/wp-json\/wp\/v2\/pages\/1573","targetHints":{"allow":["GET"]}}],"collection":[{"href":"https:\/\/mokus.zsonglor.hu\/index.php\/wp-json\/wp\/v2\/pages"}],"about":[{"href":"https:\/\/mokus.zsonglor.hu\/index.php\/wp-json\/wp\/v2\/types\/page"}],"author":[{"embeddable":true,"href":"https:\/\/mokus.zsonglor.hu\/index.php\/wp-json\/wp\/v2\/users\/1"}],"replies":[{"embeddable":true,"href":"https:\/\/mokus.zsonglor.hu\/index.php\/wp-json\/wp\/v2\/comments?post=1573"}],"version-history":[{"count":0,"href":"https:\/\/mokus.zsonglor.hu\/index.php\/wp-json\/wp\/v2\/pages\/1573\/revisions"}],"wp:attachment":[{"href":"https:\/\/mokus.zsonglor.hu\/index.php\/wp-json\/wp\/v2\/media?parent=1573"}],"curies":[{"name":"wp","href":"https:\/\/api.w.org\/{rel}","templated":true}]}}