{"id":1413,"date":"2025-01-21T14:15:18","date_gmt":"2025-01-21T14:15:18","guid":{"rendered":"https:\/\/www.zsonglor.hu\/morethanjustcircus"},"modified":"2025-01-21T14:15:18","modified_gmt":"2025-01-21T14:15:18","slug":"more-than-just-circus","status":"publish","type":"page","link":"https:\/\/mokus.zsonglor.hu\/index.php\/more-than-just-circus\/","title":{"rendered":"More Than Just Circus"},"content":{"rendered":"\n<div class=\"wp-block-columns is-layout-flex wp-container-core-columns-is-layout-28f84493 wp-block-columns-is-layout-flex\">\n<div class=\"wp-block-column is-layout-flow wp-block-column-is-layout-flow\"><\/div>\n\n\n\n<div class=\"wp-block-column is-layout-flow wp-block-column-is-layout-flow\"><\/div>\n<\/div>\n\n\n\n<h1 class=\"wp-block-heading\">More Than Just Circus<\/h1>\n\n\n\n<p>A &#8216;More Than Just Circus&#8217; egy cirkuszoktat\u00f3i k\u00e9pz\u00e9s, amely 3 orsz\u00e1gban (GR, BE, HU) lett megval\u00f3s\u00edtva, t\u00f6bb mint 100 \u00f3ra oktat\u00e1ssal.<\/p>\n\n\n\n<p>tr\u00e9nerek: CIRKUS IN BEWEGING (BE)<\/p>\n\n\n\n<p>R\u00e9sztvev\u0151k:<\/p>\n\n\n\n<p>\u2022MONOKYKLO (GR)<\/p>\n\n\n\n<p>\u2022Magyar Zsongl\u0151r Egyes\u00fclet (HU)<\/p>\n\n\n\n<p>A k\u00e9pz\u00e9s tartalma tartalma:<\/p>\n\n\n\n<p>-cirkusz technik\u00e1k; talaj akrobatika, egyens\u00faly, l\u00e9giakrobatika, zsongl\u0151r<\/p>\n\n\n\n<p>-elm\u00e9leti szint: pszichopedag\u00f3giai elm\u00e9letek, ide\u00e9rtve a tanul\u00f3k\u00f6zpont\u00fa tanul\u00e1st, a kreat\u00edv gondolkod\u00e1s motiv\u00e1l\u00e1s\u00e1t, a Gardner-f\u00e9le T\u00f6bbsz\u00f6r\u00f6s intelligencia elm\u00e9letet \u00e9s m\u00e9g sok m\u00e1st.<\/p>\n\n\n\n<p>-kreativit\u00e1s a cirkuszi oktat\u00e1sban<\/p>\n\n\n\n<p>-sz\u00ednh\u00e1zi szeml\u00e9let a cirkuszi oktat\u00e1sban, hogyan \u00e9p\u00edts\u00fcnk m\u0171sort<\/p>\n\n\n\n<p><\/p>\n\n\n\n<p><\/p>\n\n\n\n<p>Az Inspir\u00e1l Cirkuszk\u00f6zpont oktat\u00f3i vettek r\u00e9szt a 3 k\u00e9pz\u00e9sb\u0151l \u00e1ll\u00f3 folyamaton. A f\u0151 f\u00f3kusz a most indul\u00f3 Inspir\u00e1l Cirkuszsuli tematik\u00e1j\u00e1nak \u00e9s pedag\u00f3giai szeml\u00e9let\u00e9nek kialak\u00edt\u00e1sa volt.<\/p>\n\n\n\n<p>K\u00e9pz\u00e9sen r\u00e9szt vettek: Zetelaki R\u00e9ka, Gallyas Veronika, Stallenberger D\u00f3ra, Zs\u00edros Laci, Andr\u00e9 Rolland.&nbsp;<\/p>\n\n\n\n<p><\/p>\n\n\n\n<p>A cirkuszsuli honlapja<\/p>\n\n\n\n<p><\/p>\n\n\n\n<p><\/p>\n\n\n\n<p><\/p>\n\n\n\n<p><\/p>\n\n\n\n<p><\/p>\n\n\n\n<p>A projekt \u00f6sszefoglal\u00e1sak\u00e9nt k\u00e9t webin\u00e1r ker\u00fclt megrendez\u00e9sre:&nbsp;<\/p>\n\n\n\n<p><a>&#8216;Do you teach more than just circus?<\/a>&#8216; 2023. janu\u00e1r 19.<\/p>\n\n\n\n<p><\/p>\n\n\n\n<p><\/p>\n\n\n\n<p>&#8216;<a>Circus and European funding- You can do i<\/a>t too.&#8217; 2023. janu\u00e1r 26.<\/p>\n\n\n\n<p><\/p>\n\n\n\n<p><\/p>\n\n\n\n<p><\/p>\n\n\n\n<p><\/p>\n\n\n\n<p>Izgalmas posztok a projektr\u0151l:<\/p>\n\n\n\n<p><\/p>\n\n\n\n<p><a>Cirkus in Beweging- k\u00e9pz\u00e9s<\/a><\/p>\n\n\n\n<p><a>Inspir\u00e1l cirkuszk\u00f6zpontban l\u00e9v\u0151 k\u00e9pz\u00e9s rendhagy\u00f3 megnyit\u00f3ja- Storytelling night with Fred&nbsp;<\/a><\/p>\n\n\n\n<p><\/p>\n\n\n\n<p><\/p>\n\n\n\n<p><\/p>\n\n\n\n<p><\/p>\n\n\n\n<p><\/p>\n\n\n\n<p><\/p>\n\n\n\n\n    \n        \n    \n\n\n\n\n\n    \n        \n    \n\n\n\n\n<ul class=\"wp-block-social-links is-layout-flex wp-block-social-links-is-layout-flex\"><li class=\"wp-social-link wp-social-link-youtube  wp-block-social-link\"><a rel=\"noopener nofollow\" target=\"_blank\" href=\"https:\/\/www.youtube.com\/watch?v=uwteR1gDjHM\" class=\"wp-block-social-link-anchor\"><svg width=\"24\" height=\"24\" viewBox=\"0 0 24 24\" version=\"1.1\" xmlns=\"http:\/\/www.w3.org\/2000\/svg\" aria-hidden=\"true\" focusable=\"false\"><path d=\"M21.8,8.001c0,0-0.195-1.378-0.795-1.985c-0.76-0.797-1.613-0.801-2.004-0.847c-2.799-0.202-6.997-0.202-6.997-0.202 h-0.009c0,0-4.198,0-6.997,0.202C4.608,5.216,3.756,5.22,2.995,6.016C2.395,6.623,2.2,8.001,2.2,8.001S2,9.62,2,11.238v1.517 c0,1.618,0.2,3.237,0.2,3.237s0.195,1.378,0.795,1.985c0.761,0.797,1.76,0.771,2.205,0.855c1.6,0.153,6.8,0.201,6.8,0.201 s4.203-0.006,7.001-0.209c0.391-0.047,1.243-0.051,2.004-0.847c0.6-0.607,0.795-1.985,0.795-1.985s0.2-1.618,0.2-3.237v-1.517 C22,9.62,21.8,8.001,21.8,8.001z M9.935,14.594l-0.001-5.62l5.404,2.82L9.935,14.594z\"><\/path><\/svg><span class=\"wp-block-social-link-label screen-reader-text\">YouTube<\/span><\/a><\/li><\/ul>\n\n\n\n<ul class=\"wp-block-social-links is-layout-flex wp-block-social-links-is-layout-flex\"><li class=\"wp-social-link wp-social-link-youtube  wp-block-social-link\"><a rel=\"noopener nofollow\" target=\"_blank\" href=\"https:\/\/www.youtube.com\/@circusdanceyoga2472\" class=\"wp-block-social-link-anchor\"><svg width=\"24\" height=\"24\" viewBox=\"0 0 24 24\" version=\"1.1\" xmlns=\"http:\/\/www.w3.org\/2000\/svg\" aria-hidden=\"true\" focusable=\"false\"><path d=\"M21.8,8.001c0,0-0.195-1.378-0.795-1.985c-0.76-0.797-1.613-0.801-2.004-0.847c-2.799-0.202-6.997-0.202-6.997-0.202 h-0.009c0,0-4.198,0-6.997,0.202C4.608,5.216,3.756,5.22,2.995,6.016C2.395,6.623,2.2,8.001,2.2,8.001S2,9.62,2,11.238v1.517 c0,1.618,0.2,3.237,0.2,3.237s0.195,1.378,0.795,1.985c0.761,0.797,1.76,0.771,2.205,0.855c1.6,0.153,6.8,0.201,6.8,0.201 s4.203-0.006,7.001-0.209c0.391-0.047,1.243-0.051,2.004-0.847c0.6-0.607,0.795-1.985,0.795-1.985s0.2-1.618,0.2-3.237v-1.517 C22,9.62,21.8,8.001,21.8,8.001z M9.935,14.594l-0.001-5.62l5.404,2.82L9.935,14.594z\"><\/path><\/svg><span class=\"wp-block-social-link-label screen-reader-text\">YouTube<\/span><\/a><\/li><\/ul>\n\n\n\n<figure class=\"wp-block-image is-resized\"><img loading=\"lazy\" decoding=\"async\" height=\"700\" width=\"1336\" alt=\"\" src=\"https:\/\/inspiral89.wordpress.com\/wp-content\/uploads\/2025\/01\/3180b-608210_521ab2cd1a814d00b506f4b6c7dae920mv2.png\"><\/figure>\n","protected":false},"excerpt":{"rendered":"<p>More Than Just Circus A &#8216;More Than Just Circus&#8217; egy cirkuszoktat\u00f3i k\u00e9pz\u00e9s, amely 3 orsz\u00e1gban (GR, BE, HU) lett megval\u00f3s\u00edtva, t\u00f6bb mint 100 \u00f3ra oktat\u00e1ssal. tr\u00e9nerek: CIRKUS IN BEWEGING (BE) R\u00e9sztvev\u0151k: \u2022MONOKYKLO (GR) \u2022Magyar Zsongl\u0151r Egyes\u00fclet (HU) A k\u00e9pz\u00e9s tartalma tartalma: -cirkusz technik\u00e1k; talaj akrobatika, egyens\u00faly, l\u00e9giakrobatika, zsongl\u0151r -elm\u00e9leti szint: pszichopedag\u00f3giai elm\u00e9letek, ide\u00e9rtve a tanul\u00f3k\u00f6zpont\u00fa [&hellip;]<\/p>\n","protected":false},"author":1,"featured_media":0,"parent":0,"menu_order":0,"comment_status":"closed","ping_status":"closed","template":"","meta":{"footnotes":""},"class_list":["post-1413","page","type-page","status-publish","hentry"],"_links":{"self":[{"href":"https:\/\/mokus.zsonglor.hu\/index.php\/wp-json\/wp\/v2\/pages\/1413","targetHints":{"allow":["GET"]}}],"collection":[{"href":"https:\/\/mokus.zsonglor.hu\/index.php\/wp-json\/wp\/v2\/pages"}],"about":[{"href":"https:\/\/mokus.zsonglor.hu\/index.php\/wp-json\/wp\/v2\/types\/page"}],"author":[{"embeddable":true,"href":"https:\/\/mokus.zsonglor.hu\/index.php\/wp-json\/wp\/v2\/users\/1"}],"replies":[{"embeddable":true,"href":"https:\/\/mokus.zsonglor.hu\/index.php\/wp-json\/wp\/v2\/comments?post=1413"}],"version-history":[{"count":0,"href":"https:\/\/mokus.zsonglor.hu\/index.php\/wp-json\/wp\/v2\/pages\/1413\/revisions"}],"wp:attachment":[{"href":"https:\/\/mokus.zsonglor.hu\/index.php\/wp-json\/wp\/v2\/media?parent=1413"}],"curies":[{"name":"wp","href":"https:\/\/api.w.org\/{rel}","templated":true}]}}