{"id":1273,"date":"2025-01-21T14:15:18","date_gmt":"2025-01-21T14:15:18","guid":{"rendered":"https:\/\/www.zsonglor.hu\/mediamegjelenesek"},"modified":"2025-01-21T14:15:18","modified_gmt":"2025-01-21T14:15:18","slug":"mediamegjelenesek","status":"publish","type":"page","link":"https:\/\/mokus.zsonglor.hu\/index.php\/mediamegjelenesek\/","title":{"rendered":"M\u00e9diamegjelen\u00e9sek"},"content":{"rendered":"\n<h2 class=\"wp-block-heading\">m\u00e9diamegjelen\u00e9sek<\/h2>\n\n\n\n<h2 class=\"wp-block-heading\">szoci\u00e1lis cirkusz<\/h2>\n\n\n\n<h5 class=\"wp-block-heading\"><a>A cirkuszpedag\u00f3gia fejleszt\u0151 hat\u00e1sai&nbsp;<\/a><\/h5>\n\n\n\n<p>2018. szeptember 03.<\/p>\n\n\n\n<h2 class=\"wp-block-heading\">hazai \u00e9s nemzetk\u00f6zi programok<\/h2>\n\n\n\n<h5 class=\"wp-block-heading\"><a>Kossuth R\u00e1di\u00f3: Szabadid\u0151s cirkuszpedag\u00f3gia<\/a><\/h5>\n\n\n\n<p>2020. novemer 09.<\/p>\n\n\n\n<p>20 \u00f3r\u00e1s szoci\u00e1lis cirkuszi szakember k\u00e9pz\u00e9s&nbsp;<\/p>\n\n\n\n<h2 class=\"wp-block-heading\">zsongl\u0151rtal\u00e1lkoz\u00f3<\/h2>\n\n\n\n<h5 class=\"wp-block-heading\"><a>RTL klub: Zsongl\u0151rk\u00f6d\u00e9s a medenc\u00e9ben (vide\u00f3)<\/a><\/h5>\n\n\n\n<p>2015. j\u00fanius 25.&nbsp;<\/p>\n","protected":false},"excerpt":{"rendered":"<p>m\u00e9diamegjelen\u00e9sek szoci\u00e1lis cirkusz A cirkuszpedag\u00f3gia fejleszt\u0151 hat\u00e1sai&nbsp; 2018. szeptember 03. hazai \u00e9s nemzetk\u00f6zi programok Kossuth R\u00e1di\u00f3: Szabadid\u0151s cirkuszpedag\u00f3gia 2020. novemer 09. 20 \u00f3r\u00e1s szoci\u00e1lis cirkuszi szakember k\u00e9pz\u00e9s&nbsp; zsongl\u0151rtal\u00e1lkoz\u00f3 RTL klub: Zsongl\u0151rk\u00f6d\u00e9s a medenc\u00e9ben (vide\u00f3) 2015. j\u00fanius 25.&nbsp;<\/p>\n","protected":false},"author":1,"featured_media":0,"parent":0,"menu_order":0,"comment_status":"closed","ping_status":"closed","template":"","meta":{"footnotes":""},"class_list":["post-1273","page","type-page","status-publish","hentry"],"_links":{"self":[{"href":"https:\/\/mokus.zsonglor.hu\/index.php\/wp-json\/wp\/v2\/pages\/1273","targetHints":{"allow":["GET"]}}],"collection":[{"href":"https:\/\/mokus.zsonglor.hu\/index.php\/wp-json\/wp\/v2\/pages"}],"about":[{"href":"https:\/\/mokus.zsonglor.hu\/index.php\/wp-json\/wp\/v2\/types\/page"}],"author":[{"embeddable":true,"href":"https:\/\/mokus.zsonglor.hu\/index.php\/wp-json\/wp\/v2\/users\/1"}],"replies":[{"embeddable":true,"href":"https:\/\/mokus.zsonglor.hu\/index.php\/wp-json\/wp\/v2\/comments?post=1273"}],"version-history":[{"count":0,"href":"https:\/\/mokus.zsonglor.hu\/index.php\/wp-json\/wp\/v2\/pages\/1273\/revisions"}],"wp:attachment":[{"href":"https:\/\/mokus.zsonglor.hu\/index.php\/wp-json\/wp\/v2\/media?parent=1273"}],"curies":[{"name":"wp","href":"https:\/\/api.w.org\/{rel}","templated":true}]}}