{"id":1193,"date":"2025-01-21T14:15:18","date_gmt":"2025-01-21T14:15:18","guid":{"rendered":"https:\/\/www.zsonglor.hu\/icebreaking"},"modified":"2025-01-21T14:15:18","modified_gmt":"2025-01-21T14:15:18","slug":"icebreaking","status":"publish","type":"page","link":"https:\/\/mokus.zsonglor.hu\/index.php\/icebreaking\/","title":{"rendered":"Icebreaking"},"content":{"rendered":"\n<div class=\"wp-block-columns is-layout-flex wp-container-core-columns-is-layout-28f84493 wp-block-columns-is-layout-flex\">\n<div class=\"wp-block-column is-layout-flow wp-block-column-is-layout-flow\">\n<h1 class=\"wp-block-heading\">ICEBREAKING<br>THEATRE OF SOCIAL INCLUSION OF V4 CITIZENS AND UKRAINE REFUGEES<\/h1>\n\n\n\n<div class=\"wp-block-button\"><a target=\"_blank\" href=\"https:\/\/firebirds.hu\/show\/icebreaking\" class=\"wp-block-button__link\">B\u0151vebben<\/a><\/div>\n\n\n\n<figure class=\"wp-block-image is-resized\"><img loading=\"lazy\" decoding=\"async\" height=\"117\" width=\"300\" alt=\"and-logo-gif.gif\" src=\"https:\/\/mokus.zsonglor.hu\/wp-content\/uploads\/2025\/01\/cb6b9-608210_1926323a699c4ae589255c99ea9fe67cmv2.gif\"><\/figure>\n\n\n\n<figure class=\"wp-block-image is-resized\"><img loading=\"lazy\" decoding=\"async\" height=\"1200\" width=\"2239\" alt=\"kto.png\" src=\"https:\/\/mokus.zsonglor.hu\/wp-content\/uploads\/2025\/01\/62cd5-608210_ffdddaec54bc42a88a8a503af7a9914emv2.png\"><\/figure>\n\n\n\n<figure class=\"wp-block-image is-resized\"><img loading=\"lazy\" decoding=\"async\" height=\"300\" width=\"300\" alt=\"we-media-theater_ua-300x300.jpg\" src=\"https:\/\/mokus.zsonglor.hu\/wp-content\/uploads\/2025\/01\/9b1eb-608210_8cfe5316f7424a55bf10fe5cdcd54331mv2.jpg\"><\/figure>\n\n\n\n<figure class=\"wp-block-image is-resized\"><img loading=\"lazy\" decoding=\"async\" height=\"774\" width=\"2433\" alt=\"\" src=\"https:\/\/inspiral89.wordpress.com\/wp-content\/uploads\/2025\/01\/93ffa-608210_d0303fd013674791a904b1ed6a8fd241mv2.png\"><\/figure>\n<\/div>\n\n\n\n<div class=\"wp-block-column is-layout-flow wp-block-column-is-layout-flow\">\n<p>ICEBREAKING \u2013 Sz\u00ednh\u00e1z a&nbsp; t\u00e1rsadalmi befogad\u00e1sr\u00f3l a V4 polg\u00e1raival \u00e9s Ukr\u00e1n menek\u00fcltekkel<\/p>\n\n\n\n<p><\/p>\n\n\n\n<p>A projektr\u0151l<\/p>\n\n\n\n<p><\/p>\n\n\n\n<p>N\u00e9gy partner \u00e9s az &#8216;AND'(The Ensemble of Irregular Theatre) vezet\u00e9s\u00e9vel, l\u00e9trehoztak egy projektet melynek &nbsp;k\u00f6z\u00e9ppontj\u00e1ban a V4 polg\u00e1rai \u00e9s az ukr\u00e1n menek\u00fcltek k\u00f6z\u00f6tti kapcsolat l\u00e9trehoz\u00e1sa \u00e1ll. Az &#8216;ICEBREAKING&#8217; egy egyedi fizikai-vizu\u00e1lis kifejez\u00e9se lesz, a t\u00e1rsadalmi befogad\u00e1snak, amely a vegyes k\u00f6z\u00f6ss\u00e9gekben \u00e9l\u0151 emberek t\u00f6rt\u00e9neteit mes\u00e9li el a sz\u00ednh\u00e1z \u00e1ltal. Egy sz\u00ednh\u00e1z, amely elmossa el\u0151\u00edt\u00e9leteket, bemutatja a glob\u00e1lis egy\u00fctt\u00e9l\u00e9s el\u0151nyeit, \u00e9s k\u00f6zelebb hozza egym\u00e1shoz az embereket.<\/p>\n\n\n\n<p><\/p>\n\n\n\n<p>Partnerek:<\/p>\n\n\n\n<p>The Ensemble of Irregular Theatre NPO (AND)<\/p>\n\n\n\n<p>MEDIA THEATER (Ukrajna)<\/p>\n\n\n\n<p>KTO Theatre (Lengyelorsz\u00e1g)<\/p>\n\n\n\n<p>PROSTORES (Csehorsz\u00e1g)<\/p>\n\n\n\n<p>FIREBIRDS (Magyarorsz\u00e1g)<\/p>\n\n\n\n<p><\/p>\n\n\n\n<figure class=\"wp-block-image is-resized\"><img loading=\"lazy\" decoding=\"async\" height=\"300\" width=\"300\" alt=\"logo-prostores-2023-fb-profil-300x300_0.png\" src=\"https:\/\/mokus.zsonglor.hu\/wp-content\/uploads\/2025\/01\/94631-608210_872b4cf0b1de4769adf0266eb2698c4emv2.png\"><\/figure>\n\n\n\n<figure class=\"wp-block-image is-resized\"><img loading=\"lazy\" decoding=\"async\" height=\"224\" width=\"225\" alt=\"firebirds.jpg\" src=\"https:\/\/mokus.zsonglor.hu\/wp-content\/uploads\/2025\/01\/13878-608210_d57a2007a8374ef59978274360f4aa18mv2.jpg\"><\/figure>\n\n\n\n<figure class=\"wp-block-image is-resized\"><img loading=\"lazy\" decoding=\"async\" height=\"152\" width=\"332\" alt=\"visegrad.jpg\" src=\"https:\/\/mokus.zsonglor.hu\/wp-content\/uploads\/2025\/01\/6d5f2-608210_185981b923014e11aad9eb7a1d35073bmv2.jpg\"><\/figure>\n<\/div>\n<\/div>\n","protected":false},"excerpt":{"rendered":"<p>ICEBREAKINGTHEATRE OF SOCIAL INCLUSION OF V4 CITIZENS AND UKRAINE REFUGEES ICEBREAKING \u2013 Sz\u00ednh\u00e1z a&nbsp; t\u00e1rsadalmi befogad\u00e1sr\u00f3l a V4 polg\u00e1raival \u00e9s Ukr\u00e1n menek\u00fcltekkel A projektr\u0151l N\u00e9gy partner \u00e9s az &#8216;AND'(The Ensemble of Irregular Theatre) vezet\u00e9s\u00e9vel, l\u00e9trehoztak egy projektet melynek &nbsp;k\u00f6z\u00e9ppontj\u00e1ban a V4 polg\u00e1rai \u00e9s az ukr\u00e1n menek\u00fcltek k\u00f6z\u00f6tti kapcsolat l\u00e9trehoz\u00e1sa \u00e1ll. Az &#8216;ICEBREAKING&#8217; egy egyedi fizikai-vizu\u00e1lis [&hellip;]<\/p>\n","protected":false},"author":1,"featured_media":0,"parent":0,"menu_order":0,"comment_status":"closed","ping_status":"closed","template":"","meta":{"footnotes":""},"class_list":["post-1193","page","type-page","status-publish","hentry"],"_links":{"self":[{"href":"https:\/\/mokus.zsonglor.hu\/index.php\/wp-json\/wp\/v2\/pages\/1193","targetHints":{"allow":["GET"]}}],"collection":[{"href":"https:\/\/mokus.zsonglor.hu\/index.php\/wp-json\/wp\/v2\/pages"}],"about":[{"href":"https:\/\/mokus.zsonglor.hu\/index.php\/wp-json\/wp\/v2\/types\/page"}],"author":[{"embeddable":true,"href":"https:\/\/mokus.zsonglor.hu\/index.php\/wp-json\/wp\/v2\/users\/1"}],"replies":[{"embeddable":true,"href":"https:\/\/mokus.zsonglor.hu\/index.php\/wp-json\/wp\/v2\/comments?post=1193"}],"version-history":[{"count":0,"href":"https:\/\/mokus.zsonglor.hu\/index.php\/wp-json\/wp\/v2\/pages\/1193\/revisions"}],"wp:attachment":[{"href":"https:\/\/mokus.zsonglor.hu\/index.php\/wp-json\/wp\/v2\/media?parent=1193"}],"curies":[{"name":"wp","href":"https:\/\/api.w.org\/{rel}","templated":true}]}}