{"id":1183,"date":"2025-01-21T14:15:18","date_gmt":"2025-01-21T14:15:18","guid":{"rendered":"https:\/\/www.zsonglor.hu\/webinariumok"},"modified":"2025-01-21T14:15:18","modified_gmt":"2025-01-21T14:15:18","slug":"webinariumok","status":"publish","type":"page","link":"https:\/\/mokus.zsonglor.hu\/index.php\/webinariumok\/","title":{"rendered":"Webin\u00e1riumok"},"content":{"rendered":"\n<h3 class=\"wp-block-heading\">webin\u00e1riumok<\/h3>\n\n\n\n<h2 class=\"wp-block-heading\">A cirkusz mindenki\u00e9<\/h2>\n\n\n\n<h5 class=\"wp-block-heading\">A Magyar Zsongl\u0151r Egyes\u00fclet webin\u00e1riumsorozata<\/h5>\n\n\n\n<p>Az \u00fajcirkusz sz\u00e1munkra fontos k\u00e9rd\u00e9seit j\u00e1rjuk k\u00f6r\u00fcl ebben a sorozatban. M\u0171v\u00e9szeti \u00e9s pedag\u00f3gia k\u00e9rd\u00e9seket egyar\u00e1nt el\u0151vesz\u00fcnk, el\u0151ad\u00e1sokra, t\u00e1rsulatokra h\u00edvjuk fel a figyelmet, boncolgatjuk a szoci\u00e1lis cirkuszi t\u00e9m\u00e1kat, a m\u0171faj meghat\u00e1roz\u00f3 szakirodalm\u00e1val foglalkozunk, megosztjuk a tapasztalatainkat.<\/p>\n\n\n\n<p>Ezekkel a digit\u00e1lis tartalmakkal szeretn\u00e9nk hozz\u00e1j\u00e1rulni a m\u0171faj hazai m\u00e9ly\u00edt\u00e9s\u00e9hez \u00e9s p\u00e1rbesz\u00e9det gener\u00e1lni a minket is foglalkoztat\u00f3 t\u00e9m\u00e1kr\u00f3l. &nbsp;<\/p>\n\n\n\n<p>A sorozatban a Magyar Zsongl\u0151r Egyes\u00fclet oktat\u00f3i, tagjai, a szoci\u00e1lis cirkuszi partnereink, az Inspir\u00e1l Cirkuszk\u00f6zpontban gyakorl\u00f3 m\u0171v\u00e9szek kapnak teret, valamint megh\u00edvott vend\u00e9geink.<\/p>\n\n\n\n<p><\/p>\n\n\n\n<h6 class=\"wp-block-heading\">Kiknek aj\u00e1nljuk?<\/h6>\n\n\n\n<h6 class=\"wp-block-heading\"><\/h6>\n\n\n\n<ul class=\"wp-block-list\"><li>Akik szeretn\u00e9nek t\u00f6bbet megtudni az \u00fajcirkuszr\u00f3l \u00e9s annak pedag\u00f3giai, szoci\u00e1lis eszk\u00f6zt\u00e1r\u00e1r\u00f3l<\/li><li>Akiket a m\u0171v\u00e9szeti, eszt\u00e9tikai k\u00e9rd\u00e9sek \u00e9rdekelnek az \u00fajcirkusz kapcs\u00e1n<\/li><li>Akik&nbsp; a munk\u00e1jukban haszn\u00e1ln\u00e1k a kreat\u00edv cirkuszpedag\u00f3giai m\u00f3dszereket, amiket a rekre\u00e1ci\u00f3s cirkuszi tev\u00e9kenys\u00e9g\u00fcnk sor\u00e1n alkalmazunk<\/li><li>Akik m\u00e1r foglalkoznak szoci\u00e1lis vagy szabadid\u0151s cirkusszal \u00e9s szeretn\u00e9nek jobban elm\u00e9lyedni a t\u00e9m\u00e1ban<\/li><li>Akik r\u00e1\u00e9rnek, \u00e9rdekl\u0151d\u0151k \u00e9s sz\u00edvesen hallgatnak minket<\/li><\/ul>\n\n\n\n<p><\/p>\n\n\n\n<h6 class=\"wp-block-heading\">A k\u00f6vetkez\u00d6 webin\u00e1rium id\u00d6pontja:<\/h6>\n\n\n\n<p>Hamarosan<\/p>\n\n\n\n<p><\/p>\n\n\n\n<p><\/p>\n\n\n\n<p><\/p>\n\n\n\n<p><\/p>\n\n\n\n<h6 class=\"wp-block-heading\">A sorozat LEgut\u00f3bbi esem\u00e9nyei:<\/h6>\n\n\n\n<h6 class=\"wp-block-heading\"><\/h6>\n\n\n\n<h6 class=\"wp-block-heading\"><\/h6>\n\n\n\n<h6 class=\"wp-block-heading\"><\/h6>\n\n\n\n<h6 class=\"wp-block-heading\"><\/h6>\n\n\n\n<h6 class=\"wp-block-heading\"><\/h6>\n\n\n\n<h6 class=\"wp-block-heading\"><\/h6>\n\n\n\n<h6 class=\"wp-block-heading\"><\/h6>\n\n\n\n<h6 class=\"wp-block-heading\"><\/h6>\n\n\n\n<h6 class=\"wp-block-heading\"><\/h6>\n\n\n\n<p><\/p>\n\n\n\n<p><\/p>\n\n\n\n<p>A webin\u00e1riumon val\u00f3 r\u00e9szv\u00e9tel ingyenes \u00e9s regisztr\u00e1ci\u00f3hoz k\u00f6t\u00f6tt. A maxim\u00e1lis l\u00e9tsz\u00e1m 90 f\u0151, a regisztr\u00e1ci\u00f3 elfogad\u00e1sa jelentkez\u00e9si sorrendben t\u00f6rt\u00e9nik.<\/p>\n\n\n\n<p><\/p>\n\n\n\n<p>Az esem\u00e9nyek magyar nyelven ker\u00fclnek megrendez\u00e9sre, \u00edgy azoknak is lehet\u0151s\u00e9ge ny\u00edlik megismerni a sz\u00f6vegeket, akiknek eddig nyelvi akad\u00e1lyaik voltak.&nbsp;<\/p>\n\n\n\n<p><\/p>\n\n\n\n<figure class=\"wp-block-image is-resized\"><img loading=\"lazy\" decoding=\"async\" height=\"355\" width=\"536\" alt=\"885657_d360b23e75a4476e8a9bd36d65c34d11~\" src=\"https:\/\/mokus.zsonglor.hu\/wp-content\/uploads\/2025\/01\/917b8-885657_4e9f65307c134e819cf0397bc5006078mv2.jpg\"><\/figure>\n\n\n\n<p>2020. november 19. 16:00<\/p>\n\n\n\n<h4 class=\"wp-block-heading\">Finnek a rekre\u00e1ci\u00f3s cirkuszr\u00f3l<\/h4>\n\n\n\n<p>A finnek ebben is \u00e9len j\u00e1rnak, l\u00e1ssuk, mit csin\u00e1lnak j\u00f3l.<\/p>\n\n\n\n<p>El\u0151ad\u00f3: Szab\u00f3 M\u00e1rton<\/p>\n\n\n\n<p><\/p>\n\n\n\n<figure class=\"wp-block-image is-resized\"><img loading=\"lazy\" decoding=\"async\" height=\"792\" width=\"1187\" alt=\"k2_items_src_2070868436762058083e108006e\" src=\"https:\/\/mokus.zsonglor.hu\/wp-content\/uploads\/2025\/01\/f9638-608210_129483de0e7c48279ccf0b7d9bedea14mv2.jpg\"><\/figure>\n\n\n\n<h4 class=\"wp-block-heading\">GALLYAS VERONIKA<\/h4>\n\n\n\n<p>Moder\u00e1tor<\/p>\n\n\n\n<p>A Magyar Zsongl\u0151r Egyes\u00fclet igazgat\u00f3ja<\/p>\n\n\n\n<h6 class=\"wp-block-heading\">A webin\u00e1riumsorozat teljes tematik\u00e1ja<\/h6>\n\n\n\n<p>(Folyamatosan b\u0151v\u00fcl)<\/p>\n\n\n\n<p><\/p>\n\n\n\n<p>&#8211; 2020. okt\u00f3ber 8:&nbsp; Szakirodalmak a rekre\u00e1ci\u00f3s cirkuszhoz &#8211;<\/p>\n\n\n\n<p>\u00c1ttekint\u00e9s \u00e9s bevezet\u00e9s Steven Desanghere: Look at me c\u00edm\u0171 m\u0171ve alapj\u00e1n.<\/p>\n\n\n\n<figure class=\"wp-block-embed\"><div class=\"wp-block-embed__wrapper\">\nhttps:\/\/www.eyco.org\/nuovo\/wp-content\/uploads\/2016\/03\/Look-at-me_web.pdf\n<\/div><\/figure>\n\n\n\n<p>-2020. okt\u00f3ber 22: Mit\u0151l m\u0171k\u00f6dik a k\u00f6z\u00f6ss\u00e9gi cirkusz? &#8211; Az \u0151s-referenciapont a k\u00f6z\u00f6ss\u00e9gi cirkuszi szakirodalomban: Reg Bolton &#8211; Why Circus Works<\/p>\n\n\n\n<p>&#8211; 2020. november 5: A szoci\u00e1lis cirkusz szakmai keretei &#8211; A k\u00f6z\u00f6ss\u00e9gi munk\u00e1s \u00e9s a cirkuszi tr\u00e9ner &#8220;tandem&#8221; egy\u00fcttm\u0171k\u00f6d\u00e9se &nbsp;<\/p>\n\n\n\n<p>(Cirque du Monde &#8211; Community Worker&#8217;s Guide, Code of Ethics)<\/p>\n\n\n\n<p><\/p>\n\n\n\n<p>&#8211; 2020. november 13: Quat Props Introduction to Functional Juggling by Craig Quat (ENG)<\/p>\n\n\n\n<p>&#8211; 2020. november 19: Finnek a rekre\u00e1ci\u00f3s cirkuszr\u00f3l &#8211; A finnek ebben is \u00e9len j\u00e1rnak, l\u00e1ssuk mit csin\u00e1lnak j\u00f3l.<\/p>\n\n\n\n<p>(Effective Circus: Wellbeing effects of Social Circus, Studying Social Circus)<\/p>\n\n\n\n<p>&#8211; 2020. december 3: A felhalmozott tud\u00e1s &#8211; Tr\u00e9neri seg\u00e9danyagok<\/p>\n\n\n\n<p>(Caravan: Framework of Competences of Social Circus Trainers, Eyco: CATE)<\/p>\n\n\n\n<p>-2020. december 17: tr\u00e9neri \u00f6nrefelxi\u00f3 \u00e9s \u00f6nkritika a rekre\u00e1ci\u00f3s cirkuszban &#8211; Esettanulm\u00e1nyok<\/p>\n\n\n\n<p>(Circo Verso, Steven Desanghere: The privilege of being able to sit still)<\/p>\n\n\n\n<p><\/p>\n\n\n\n<p>&#8211; 2021. janu\u00e1r 23: Quat Props Functional Juggling Facilitation Techniques&nbsp;<\/p>\n\n\n\n<p><\/p>\n\n\n\n<p>&#8211; 2021. \u00e1prilis 17: Quat Props Functional Juggling in Education and Therapeutic ehabilitation&nbsp;<\/p>\n\n\n\n<p><\/p>\n\n\n\n<p>Az esem\u00e9ny az&nbsp;Erasmus+ \u00e9s az NKA t\u00e1mogat\u00e1s\u00e1val j\u00f6n l\u00e9tre.<\/p>\n","protected":false},"excerpt":{"rendered":"<p>webin\u00e1riumok A cirkusz mindenki\u00e9 A Magyar Zsongl\u0151r Egyes\u00fclet webin\u00e1riumsorozata Az \u00fajcirkusz sz\u00e1munkra fontos k\u00e9rd\u00e9seit j\u00e1rjuk k\u00f6r\u00fcl ebben a sorozatban. M\u0171v\u00e9szeti \u00e9s pedag\u00f3gia k\u00e9rd\u00e9seket egyar\u00e1nt el\u0151vesz\u00fcnk, el\u0151ad\u00e1sokra, t\u00e1rsulatokra h\u00edvjuk fel a figyelmet, boncolgatjuk a szoci\u00e1lis cirkuszi t\u00e9m\u00e1kat, a m\u0171faj meghat\u00e1roz\u00f3 szakirodalm\u00e1val foglalkozunk, megosztjuk a tapasztalatainkat. Ezekkel a digit\u00e1lis tartalmakkal szeretn\u00e9nk hozz\u00e1j\u00e1rulni a m\u0171faj hazai m\u00e9ly\u00edt\u00e9s\u00e9hez \u00e9s [&hellip;]<\/p>\n","protected":false},"author":1,"featured_media":0,"parent":0,"menu_order":0,"comment_status":"closed","ping_status":"closed","template":"","meta":{"footnotes":""},"class_list":["post-1183","page","type-page","status-publish","hentry"],"_links":{"self":[{"href":"https:\/\/mokus.zsonglor.hu\/index.php\/wp-json\/wp\/v2\/pages\/1183","targetHints":{"allow":["GET"]}}],"collection":[{"href":"https:\/\/mokus.zsonglor.hu\/index.php\/wp-json\/wp\/v2\/pages"}],"about":[{"href":"https:\/\/mokus.zsonglor.hu\/index.php\/wp-json\/wp\/v2\/types\/page"}],"author":[{"embeddable":true,"href":"https:\/\/mokus.zsonglor.hu\/index.php\/wp-json\/wp\/v2\/users\/1"}],"replies":[{"embeddable":true,"href":"https:\/\/mokus.zsonglor.hu\/index.php\/wp-json\/wp\/v2\/comments?post=1183"}],"version-history":[{"count":0,"href":"https:\/\/mokus.zsonglor.hu\/index.php\/wp-json\/wp\/v2\/pages\/1183\/revisions"}],"wp:attachment":[{"href":"https:\/\/mokus.zsonglor.hu\/index.php\/wp-json\/wp\/v2\/media?parent=1183"}],"curies":[{"name":"wp","href":"https:\/\/api.w.org\/{rel}","templated":true}]}}