{"id":1123,"date":"2025-01-21T14:15:18","date_gmt":"2025-01-21T14:15:18","guid":{"rendered":"https:\/\/www.zsonglor.hu\/kapcsolat"},"modified":"2025-01-21T14:15:18","modified_gmt":"2025-01-21T14:15:18","slug":"kapcsolat","status":"publish","type":"page","link":"https:\/\/mokus.zsonglor.hu\/index.php\/kapcsolat\/","title":{"rendered":"Kapcsolat"},"content":{"rendered":"\n<h2 class=\"wp-block-heading\">kapcsolat<\/h2>\n\n\n\n<p>Mon &#8211; Fri<\/p>\n\n\n\n<p>8:00 am \u2013 8:00 pm<\/p>\n\n\n\n<p>Saturday<\/p>\n\n\n\n<p>9:00 am \u2013 7:00 pm<\/p>\n\n\n\n<p>Sunday<\/p>\n\n\n\n<p>9:00 am \u2013 9:00 pm<\/p>\n\n\n\n<div class=\"wp-block-group is-layout-flow wp-block-group-is-layout-flow\">\n<ul class=\"wp-block-social-links is-layout-flex wp-block-social-links-is-layout-flex\"><li class=\"wp-social-link wp-social-link-facebook  wp-block-social-link\"><a rel=\"noopener nofollow\" target=\"_blank\" href=\"https:\/\/www.facebook.com\/acirkuszmindenkie\" class=\"wp-block-social-link-anchor\"><svg width=\"24\" height=\"24\" viewBox=\"0 0 24 24\" version=\"1.1\" xmlns=\"http:\/\/www.w3.org\/2000\/svg\" aria-hidden=\"true\" focusable=\"false\"><path d=\"M12 2C6.5 2 2 6.5 2 12c0 5 3.7 9.1 8.4 9.9v-7H7.9V12h2.5V9.8c0-2.5 1.5-3.9 3.8-3.9 1.1 0 2.2.2 2.2.2v2.5h-1.3c-1.2 0-1.6.8-1.6 1.6V12h2.8l-.4 2.9h-2.3v7C18.3 21.1 22 17 22 12c0-5.5-4.5-10-10-10z\"><\/path><\/svg><span class=\"wp-block-social-link-label screen-reader-text\">Facebook Social Icon<\/span><\/a><\/li>\n\n<li class=\"wp-social-link wp-social-link-youtube  wp-block-social-link\"><a rel=\"noopener nofollow\" target=\"_blank\" href=\"https:\/\/www.youtube.com\/user\/MZsonglorEgyesulet\" class=\"wp-block-social-link-anchor\"><svg width=\"24\" height=\"24\" viewBox=\"0 0 24 24\" version=\"1.1\" xmlns=\"http:\/\/www.w3.org\/2000\/svg\" aria-hidden=\"true\" focusable=\"false\"><path d=\"M21.8,8.001c0,0-0.195-1.378-0.795-1.985c-0.76-0.797-1.613-0.801-2.004-0.847c-2.799-0.202-6.997-0.202-6.997-0.202 h-0.009c0,0-4.198,0-6.997,0.202C4.608,5.216,3.756,5.22,2.995,6.016C2.395,6.623,2.2,8.001,2.2,8.001S2,9.62,2,11.238v1.517 c0,1.618,0.2,3.237,0.2,3.237s0.195,1.378,0.795,1.985c0.761,0.797,1.76,0.771,2.205,0.855c1.6,0.153,6.8,0.201,6.8,0.201 s4.203-0.006,7.001-0.209c0.391-0.047,1.243-0.051,2.004-0.847c0.6-0.607,0.795-1.985,0.795-1.985s0.2-1.618,0.2-3.237v-1.517 C22,9.62,21.8,8.001,21.8,8.001z M9.935,14.594l-0.001-5.62l5.404,2.82L9.935,14.594z\"><\/path><\/svg><span class=\"wp-block-social-link-label screen-reader-text\">YouTube Social  Icon<\/span><\/a><\/li><\/ul>\n\n\n\n<p><strong>Email<\/strong>: <a>info@zsonglor.hu<\/a><\/p>\n\n\n\n<p><strong>Telefon<\/strong>:<\/p>\n\n\n\n<p>INspir\u00e1l Cirkuszk\u00f6zpont, Sz\u00e9kely T\u00edmea:&nbsp;<a>+36 20 440 3537<\/a><\/p>\n\n\n\n<p>Iratkozz fel h\u00edrlevel\u00fcnkre itt!<\/p>\n\n\n\n<p>\u00cdgy \u00e9rtes\u00edteni tudunk h\u00edreinkr\u0151l, \u00e9rdekess\u00e9geinkr\u0151l!<\/p>\n\n\n\n<div class=\"wp-block-buttons is-layout-flex wp-block-buttons-is-layout-flex\">\n<div class=\"wp-block-button\"><a href=\"\" class=\"wp-block-button__link\">Feliratkozom<\/a><\/div>\n<\/div>\n\n\n\n<p>K\u00f6sz\u00f6nj\u00fck a feliratkozt\u00e1st!<\/p>\n\n\n\n<p>Figyeld az emailedet az \u00faj h\u00edreink\u00e9rt!<\/p>\n\n\n\n<p>MEGADOTT SZEM\u00c9LYES ADATAIM H\u00cdRLEV\u00c9L K\u00dcLD\u00c9S C\u00c9L\u00da KEZEL\u00c9S\u00c9HEZ KIFEJEZETTEN \u00c9S \u00d6NK\u00c9NTESEN HOZZ\u00c1J\u00c1RULOK.<\/p>\n\n\n\n<p><strong>Hol tal\u00e1lsz minket?<\/strong><\/p>\n\n\n\n<p>INspir\u00e1l Cirkuszk\u00f6zpont<br>Sopron \u00fat 19\/a | 1117 Budapest&nbsp;<\/p>\n\n\n\n<p><strong>C\u00e9gadatok&nbsp;<\/strong><\/p>\n\n\n\ngrange-03\n    \n        \n        \n        \n        \n    \n\n<\/div>\n","protected":false},"excerpt":{"rendered":"<p>kapcsolat Mon &#8211; Fri 8:00 am \u2013 8:00 pm Saturday 9:00 am \u2013 7:00 pm Sunday 9:00 am \u2013 9:00 pm Email: info@zsonglor.hu Telefon: INspir\u00e1l Cirkuszk\u00f6zpont, Sz\u00e9kely T\u00edmea:&nbsp;+36 20 440 3537 Iratkozz fel h\u00edrlevel\u00fcnkre itt! \u00cdgy \u00e9rtes\u00edteni tudunk h\u00edreinkr\u0151l, \u00e9rdekess\u00e9geinkr\u0151l! K\u00f6sz\u00f6nj\u00fck a feliratkozt\u00e1st! Figyeld az emailedet az \u00faj h\u00edreink\u00e9rt! MEGADOTT SZEM\u00c9LYES ADATAIM H\u00cdRLEV\u00c9L K\u00dcLD\u00c9S C\u00c9L\u00da [&hellip;]<\/p>\n","protected":false},"author":1,"featured_media":0,"parent":0,"menu_order":0,"comment_status":"closed","ping_status":"closed","template":"","meta":{"footnotes":""},"class_list":["post-1123","page","type-page","status-publish","hentry"],"_links":{"self":[{"href":"https:\/\/mokus.zsonglor.hu\/index.php\/wp-json\/wp\/v2\/pages\/1123","targetHints":{"allow":["GET"]}}],"collection":[{"href":"https:\/\/mokus.zsonglor.hu\/index.php\/wp-json\/wp\/v2\/pages"}],"about":[{"href":"https:\/\/mokus.zsonglor.hu\/index.php\/wp-json\/wp\/v2\/types\/page"}],"author":[{"embeddable":true,"href":"https:\/\/mokus.zsonglor.hu\/index.php\/wp-json\/wp\/v2\/users\/1"}],"replies":[{"embeddable":true,"href":"https:\/\/mokus.zsonglor.hu\/index.php\/wp-json\/wp\/v2\/comments?post=1123"}],"version-history":[{"count":0,"href":"https:\/\/mokus.zsonglor.hu\/index.php\/wp-json\/wp\/v2\/pages\/1123\/revisions"}],"wp:attachment":[{"href":"https:\/\/mokus.zsonglor.hu\/index.php\/wp-json\/wp\/v2\/media?parent=1123"}],"curies":[{"name":"wp","href":"https:\/\/api.w.org\/{rel}","templated":true}]}}